{"id":1043,"date":"2022-10-06T00:03:31","date_gmt":"2022-10-06T00:03:31","guid":{"rendered":"https:\/\/agile-mediacorp.com\/?page_id=1043"},"modified":"2022-10-06T19:41:07","modified_gmt":"2022-10-06T19:41:07","slug":"people-and-change","status":"publish","type":"page","link":"https:\/\/agile-mediacorp.com\/es\/las-personas-y-el-cambio\/","title":{"rendered":"Las personas y el cambio"},"content":{"rendered":"<div data-elementor-type=\"wp-page\" data-elementor-id=\"1043\" class=\"elementor elementor-1043\" data-elementor-post-type=\"page\">\n\t\t\t\t\t\t<section class=\"elementor-section elementor-top-section elementor-element elementor-element-58b2459 elementor-section-full_width elementor-section-height-default elementor-section-height-default elementor-invisible\" data-id=\"58b2459\" data-element_type=\"section\" data-settings=\"{&quot;background_background&quot;:&quot;classic&quot;,&quot;animation&quot;:&quot;fadeIn&quot;}\">\n\t\t\t\t\t\t\t<div class=\"elementor-background-overlay\"><\/div>\n\t\t\t\t\t\t\t<div class=\"elementor-container elementor-column-gap-default\">\n\t\t\t\t\t<div class=\"elementor-column elementor-col-100 elementor-top-column elementor-element elementor-element-6e6d2894\" data-id=\"6e6d2894\" data-element_type=\"column\">\n\t\t\t<div class=\"elementor-widget-wrap elementor-element-populated\">\n\t\t\t\t\t\t<div class=\"elementor-element elementor-element-60af13f0 elementor-invisible elementor-widget elementor-widget-heading\" data-id=\"60af13f0\" data-element_type=\"widget\" data-settings=\"{&quot;_animation&quot;:&quot;fadeIn&quot;}\" data-widget_type=\"heading.default\">\n\t\t\t\t<div class=\"elementor-widget-container\">\n\t\t\t\t\t<h1 class=\"elementor-heading-title elementor-size-default\">Las personas y el cambio<\/h1>\t\t\t\t<\/div>\n\t\t\t\t<\/div>\n\t\t\t\t\t<\/div>\n\t\t<\/div>\n\t\t\t\t\t<\/div>\n\t\t<\/section>\n\t\t\t\t<section class=\"elementor-section elementor-top-section elementor-element elementor-element-7211611f elementor-reverse-mobile elementor-section-boxed elementor-section-height-default elementor-section-height-default\" data-id=\"7211611f\" data-element_type=\"section\">\n\t\t\t\t\t\t<div class=\"elementor-container elementor-column-gap-default\">\n\t\t\t\t\t<div class=\"elementor-column elementor-col-100 elementor-top-column elementor-element elementor-element-644a105c\" data-id=\"644a105c\" data-element_type=\"column\">\n\t\t\t<div class=\"elementor-widget-wrap elementor-element-populated\">\n\t\t\t\t\t\t<div class=\"elementor-element elementor-element-4fcbfb9 elementor-invisible elementor-widget elementor-widget-text-editor\" data-id=\"4fcbfb9\" data-element_type=\"widget\" data-settings=\"{&quot;_animation&quot;:&quot;fadeIn&quot;}\" data-widget_type=\"text-editor.default\">\n\t\t\t\t<div class=\"elementor-widget-container\">\n\t\t\t\t\t\t\t\t\t<p><em>La gesti\u00f3n del cambio ya no se considera un lujo. Es una necesidad. Para seguir siendo competitivas, las empresas de \u00e9xito deben identificar y hacer operativo el cambio constantemente.<\/em><\/p><p>Las organizaciones deben tener una visi\u00f3n inspiradora, l\u00edderes dignos de confianza y dedicados, una experiencia atractiva para los empleados y los conocimientos necesarios para adaptarse con \u00e9xito al entorno empresarial actual. Podemos ayudarle a desarrollar una nueva mentalidad para liderar grandes cambios mediante una fuerte alineaci\u00f3n y preparaci\u00f3n de las personas.<\/p><p>Necesita un equipo que pueda encontrarse con usted donde est\u00e1 y construir la mejor soluci\u00f3n para su empresa en funci\u00f3n de sus capacidades, visi\u00f3n y objetivos previstos. Podemos ayudarle en una variedad de niveles, incluyendo:<\/p>\t\t\t\t\t\t\t\t<\/div>\n\t\t\t\t<\/div>\n\t\t\t\t\t<\/div>\n\t\t<\/div>\n\t\t\t\t\t<\/div>\n\t\t<\/section>\n\t\t\t\t<section class=\"elementor-section elementor-top-section elementor-element elementor-element-7a470d9a elementor-section-boxed elementor-section-height-default elementor-section-height-default\" data-id=\"7a470d9a\" data-element_type=\"section\">\n\t\t\t\t\t\t<div class=\"elementor-container elementor-column-gap-default\">\n\t\t\t\t\t<div class=\"elementor-column elementor-col-100 elementor-top-column elementor-element elementor-element-2eaceb32\" data-id=\"2eaceb32\" data-element_type=\"column\">\n\t\t\t<div class=\"elementor-widget-wrap elementor-element-populated\">\n\t\t\t\t\t\t<div class=\"elementor-element elementor-element-c67a455 elementor-invisible elementor-widget elementor-widget-qi_addons_for_elementor_tabs_vertical\" data-id=\"c67a455\" data-element_type=\"widget\" data-settings=\"{&quot;_animation&quot;:&quot;fadeIn&quot;}\" data-widget_type=\"qi_addons_for_elementor_tabs_vertical.default\">\n\t\t\t\t<div class=\"elementor-widget-container\">\n\t\t\t\t\t<div class=\"qodef-shortcode qodef-m qodef-qi-tabs-vertical qodef-qi-clear qodef-layout--simple qodef-responsive--680 qodef-title-hover--sideline-draw qodef-title-sideline-from-top\">\n\t<ul class=\"qodef-tabs-vertical-navigation\">\n\t\t<li>\n\t<h5 class=\"qodef-tab-title\" role=\"tab\">\n\t\t<a href=\"#qodef-tab-14d8b92\">\n\t\t\t<span class=\"q-text\">\n\t\t\t\tDise\u00f1o organizativo\t\t\t<\/span>\n\t\t<\/a>\n\t<\/h5>\n<\/li>\n<li>\n\t<h5 class=\"qodef-tab-title\" role=\"tab\">\n\t\t<a href=\"#qodef-tab-c799bc6\">\n\t\t\t<span class=\"q-text\">\n\t\t\t\tGesti\u00f3n del cambio organizativo (OCM)\t\t\t<\/span>\n\t\t<\/a>\n\t<\/h5>\n<\/li>\n<li>\n\t<h5 class=\"qodef-tab-title\" role=\"tab\">\n\t\t<a href=\"#qodef-tab-a0c8a1b\">\n\t\t\t<span class=\"q-text\">\n\t\t\t\tEficacia del equipo, cultura y liderazgo\t\t\t<\/span>\n\t\t<\/a>\n\t<\/h5>\n<\/li>\n<li>\n\t<h5 class=\"qodef-tab-title\" role=\"tab\">\n\t\t<a href=\"#qodef-tab-3d664db\">\n\t\t\t<span class=\"q-text\">\n\t\t\t\tGesti\u00f3n del cambio en la empresa (ECM)\t\t\t<\/span>\n\t\t<\/a>\n\t<\/h5>\n<\/li>\n<li>\n\t<h5 class=\"qodef-tab-title\" role=\"tab\">\n\t\t<a href=\"#qodef-tab-029a979\">\n\t\t\t<span class=\"q-text\">\n\t\t\t\tNegocios en todas partes\t\t\t<\/span>\n\t\t<\/a>\n\t<\/h5>\n<\/li>\n<li>\n\t<h5 class=\"qodef-tab-title\" role=\"tab\">\n\t\t<a href=\"#qodef-tab-a6102fa\">\n\t\t\t<span class=\"q-text\">\n\t\t\t\tLa comunicaci\u00f3n en las organizaciones\t\t\t<\/span>\n\t\t<\/a>\n\t<\/h5>\n<\/li>\n\t<\/ul>\n\t<div class=\"qodef-tabs-vertical-content\" id=\"qodef-tab-14d8b92\">\n\t<p>Si est\u00e1 reestructurando, planificando una expansi\u00f3n o necesita establecer una cultura \u00e1gil para triunfar en el mercado, la forma en que su empresa se organice para funcionar marcar\u00e1 la diferencia.<\/p><p>Trabajaremos con usted para analizar las necesidades de la empresa y desarrollar un dise\u00f1o organizativo que defina la estructura, la cultura y las habilidades de las personas necesarias para alcanzar el plan de negocio.<\/p><\/div>\n<div class=\"qodef-tabs-vertical-content\" id=\"qodef-tab-c799bc6\">\n\t<p>El cambio requiere soluciones complicadas que combinen y tengan en cuenta las t\u00e9cnicas m\u00e1s avanzadas de gesti\u00f3n del cambio, como la alineaci\u00f3n del liderazgo, el patrocinio, las comunicaciones, el aprendizaje, la capacitaci\u00f3n del personal, etc.<\/p><p>Le ayudaremos a desarrollar una estrategia de cambio integrada que implique a l\u00edderes y trabajadores y fomente la aceptaci\u00f3n de sus ideas.<\/p><\/div>\n<div class=\"qodef-tabs-vertical-content\" id=\"qodef-tab-a0c8a1b\">\n\t<p>Puede que est\u00e9s planeando una expansi\u00f3n, implementando m\u00e1s iniciativas digitales, mejorando la agilidad del negocio o pasando por una fusi\u00f3n o desinversi\u00f3n.<\/p><p>El \u00e9xito de estas opciones de negocio vendr\u00e1 determinado por la cultura de su empresa, el liderazgo o la eficacia del equipo, o las tres cosas.<\/p><p>Para que su organizaci\u00f3n tenga \u00e9xito, le ayudaremos a dar forma a su cultura, a cambiar de actitud y a desarrollar l\u00edderes y equipos de gran \u00e9xito.<\/p><\/div>\n<div class=\"qodef-tabs-vertical-content\" id=\"qodef-tab-3d664db\">\n\t<p>Le ayudamos a desarrollar la competencia interna para dirigir y gestionar el cambio. Es fundamental tener la capacidad de permitir y mantener el cambio como una competencia fundamental.<\/p><p>Perm\u00edtanos ayudarle a mejorar sus capacidades de cambio para impulsar la agilidad, minimizar la saturaci\u00f3n de cambios, acelerar la velocidad de entrega y lograr una adopci\u00f3n de cambios m\u00e1s r\u00e1pida.<\/p><\/div>\n<div class=\"qodef-tabs-vertical-content\" id=\"qodef-tab-029a979\">\n\t<p>A medida que las empresas adoptan el trabajo a distancia, todos los empleados, desde el director general hasta el personal de primera l\u00ednea, deben aprender nuevos m\u00e9todos para trabajar e interactuar eficazmente.<\/p><p>Podemos trabajar con usted para mantener su incre\u00edble cultura, productividad y compromiso mientras convierte la oficina en algo obsoleto y el lugar de trabajo virtual en una realidad.<\/p><\/div>\n<div class=\"qodef-tabs-vertical-content\" id=\"qodef-tab-a6102fa\">\n\t<p>A medida que su empresa y su cultura evolucionan para satisfacer las cambiantes exigencias de los consumidores y las realidades del mercado, es fundamental mantener a las personas informadas, inspiradas e involucradas.<\/p><p>Para mantener una alineaci\u00f3n continua, trabajaremos con usted para revisar, mejorar y maximizar sus iniciativas de liderazgo y comunicaci\u00f3n organizacional.<\/p><\/div>\n<\/div>\n\t\t\t\t<\/div>\n\t\t\t\t<\/div>\n\t\t\t\t\t<\/div>\n\t\t<\/div>\n\t\t\t\t\t<\/div>\n\t\t<\/section>\n\t\t\t\t<section class=\"elementor-section elementor-top-section elementor-element elementor-element-2ebed2b5 elementor-section-boxed elementor-section-height-default elementor-section-height-default\" data-id=\"2ebed2b5\" data-element_type=\"section\">\n\t\t\t\t\t\t<div class=\"elementor-container elementor-column-gap-default\">\n\t\t\t\t\t<div class=\"elementor-column elementor-col-100 elementor-top-column elementor-element elementor-element-de76163\" data-id=\"de76163\" data-element_type=\"column\">\n\t\t\t<div class=\"elementor-widget-wrap elementor-element-populated\">\n\t\t\t\t\t\t<div class=\"elementor-element elementor-element-7a298813 elementor-invisible elementor-widget elementor-widget-heading\" data-id=\"7a298813\" data-element_type=\"widget\" data-settings=\"{&quot;_animation&quot;:&quot;fadeIn&quot;}\" data-widget_type=\"heading.default\">\n\t\t\t\t<div class=\"elementor-widget-container\">\n\t\t\t\t\t<h3 class=\"elementor-heading-title elementor-size-default\">Soluciones<\/h3>\t\t\t\t<\/div>\n\t\t\t\t<\/div>\n\t\t\t\t<div class=\"elementor-element elementor-element-384347d9 elementor-widget__width-initial elementor-widget-tablet__width-initial elementor-widget-mobile__width-inherit elementor-invisible elementor-widget elementor-widget-qi_addons_for_elementor_banner\" data-id=\"384347d9\" data-element_type=\"widget\" data-settings=\"{&quot;_animation&quot;:&quot;fadeIn&quot;}\" data-widget_type=\"qi_addons_for_elementor_banner.default\">\n\t\t\t\t<div class=\"elementor-widget-container\">\n\t\t\t\t\t<div class=\"qodef-shortcode qodef-m qodef-qi-banner qodef-layout--in-box qodef-vertical--bottom qodef-horizontal--left qodef-image--hover-zoom\">\n\t<div class=\"qodef-m-image\">\n\t<img fetchpriority=\"high\" decoding=\"async\" width=\"650\" height=\"650\" src=\"https:\/\/agile-mediacorp.com\/wp-content\/uploads\/2022\/10\/educacion1-650x650.png\" class=\"attachment-qi_addons_for_elementor_image_size_square size-qi_addons_for_elementor_image_size_square\" alt=\"\" srcset=\"https:\/\/agile-mediacorp.com\/wp-content\/uploads\/2022\/10\/educacion1-650x650.png 650w, https:\/\/agile-mediacorp.com\/wp-content\/uploads\/2022\/10\/educacion1-300x300.png 300w, https:\/\/agile-mediacorp.com\/wp-content\/uploads\/2022\/10\/educacion1-150x150.png 150w, https:\/\/agile-mediacorp.com\/wp-content\/uploads\/2022\/10\/educacion1-768x768.png 768w, https:\/\/agile-mediacorp.com\/wp-content\/uploads\/2022\/10\/educacion1-12x12.png 12w, https:\/\/agile-mediacorp.com\/wp-content\/uploads\/2022\/10\/educacion1.png 800w\" sizes=\"(max-width: 650px) 100vw, 650px\" \/><\/div>\n\t<div class=\"qodef-m-content\">\n\t\t<div class=\"qodef-m-content-inner\">\n\t\t\t\t\t\t\t<h5 class=\"qodef-m-title\">\n\t\tEducaci\u00f3n\t<\/h5>\n\t\t\t\t\t\t\t\t<\/div>\n\t<\/div>\n\t\t<a itemprop=\"url\" href=\"https:\/\/agile-mediacorp.com\/es\/educacion-2-2\/\" class=\"qodef-m-banner-link\" target=\"_self\"><\/a>\n<\/div>\n\t\t\t\t<\/div>\n\t\t\t\t<\/div>\n\t\t\t\t<div class=\"elementor-element elementor-element-738b988 elementor-widget__width-initial elementor-widget-tablet__width-initial elementor-widget-mobile__width-inherit elementor-invisible elementor-widget elementor-widget-qi_addons_for_elementor_banner\" data-id=\"738b988\" data-element_type=\"widget\" data-settings=\"{&quot;_animation&quot;:&quot;fadeIn&quot;}\" data-widget_type=\"qi_addons_for_elementor_banner.default\">\n\t\t\t\t<div class=\"elementor-widget-container\">\n\t\t\t\t\t<div class=\"qodef-shortcode qodef-m qodef-qi-banner qodef-layout--in-box qodef-vertical--bottom qodef-horizontal--left qodef-image--hover-zoom\">\n\t<div class=\"qodef-m-image\">\n\t<img decoding=\"async\" width=\"650\" height=\"650\" src=\"https:\/\/agile-mediacorp.com\/wp-content\/uploads\/2022\/10\/financial1-650x650.png\" class=\"attachment-qi_addons_for_elementor_image_size_square size-qi_addons_for_elementor_image_size_square\" alt=\"\" srcset=\"https:\/\/agile-mediacorp.com\/wp-content\/uploads\/2022\/10\/financial1-650x650.png 650w, https:\/\/agile-mediacorp.com\/wp-content\/uploads\/2022\/10\/financial1-300x300.png 300w, https:\/\/agile-mediacorp.com\/wp-content\/uploads\/2022\/10\/financial1-150x150.png 150w, https:\/\/agile-mediacorp.com\/wp-content\/uploads\/2022\/10\/financial1-768x768.png 768w, https:\/\/agile-mediacorp.com\/wp-content\/uploads\/2022\/10\/financial1-12x12.png 12w, https:\/\/agile-mediacorp.com\/wp-content\/uploads\/2022\/10\/financial1.png 800w\" sizes=\"(max-width: 650px) 100vw, 650px\" \/><\/div>\n\t<div class=\"qodef-m-content\">\n\t\t<div class=\"qodef-m-content-inner\">\n\t\t\t\t\t\t\t<h5 class=\"qodef-m-title\">\n\t\tFinanciero \t<\/h5>\n\t\t\t\t\t\t\t\t<\/div>\n\t<\/div>\n\t\t<a itemprop=\"url\" href=\"https:\/\/agile-mediacorp.com\/es\/servicios-financieros\/\" class=\"qodef-m-banner-link\" target=\"_self\"><\/a>\n<\/div>\n\t\t\t\t<\/div>\n\t\t\t\t<\/div>\n\t\t\t\t<div class=\"elementor-element elementor-element-b66ccd5 elementor-widget__width-initial elementor-widget-tablet__width-initial elementor-widget-mobile__width-inherit elementor-invisible elementor-widget elementor-widget-qi_addons_for_elementor_banner\" data-id=\"b66ccd5\" data-element_type=\"widget\" data-settings=\"{&quot;_animation&quot;:&quot;fadeIn&quot;}\" data-widget_type=\"qi_addons_for_elementor_banner.default\">\n\t\t\t\t<div class=\"elementor-widget-container\">\n\t\t\t\t\t<div class=\"qodef-shortcode qodef-m qodef-qi-banner qodef-layout--in-box qodef-vertical--bottom qodef-horizontal--left qodef-image--hover-zoom\">\n\t<div class=\"qodef-m-image\">\n\t<img decoding=\"async\" width=\"650\" height=\"650\" src=\"https:\/\/agile-mediacorp.com\/wp-content\/uploads\/2022\/10\/gobiernos1-650x650.png\" class=\"attachment-qi_addons_for_elementor_image_size_square size-qi_addons_for_elementor_image_size_square\" alt=\"\" srcset=\"https:\/\/agile-mediacorp.com\/wp-content\/uploads\/2022\/10\/gobiernos1-650x650.png 650w, https:\/\/agile-mediacorp.com\/wp-content\/uploads\/2022\/10\/gobiernos1-300x300.png 300w, https:\/\/agile-mediacorp.com\/wp-content\/uploads\/2022\/10\/gobiernos1-150x150.png 150w, https:\/\/agile-mediacorp.com\/wp-content\/uploads\/2022\/10\/gobiernos1-768x768.png 768w, https:\/\/agile-mediacorp.com\/wp-content\/uploads\/2022\/10\/gobiernos1-12x12.png 12w, https:\/\/agile-mediacorp.com\/wp-content\/uploads\/2022\/10\/gobiernos1.png 800w\" sizes=\"(max-width: 650px) 100vw, 650px\" \/><\/div>\n\t<div class=\"qodef-m-content\">\n\t\t<div class=\"qodef-m-content-inner\">\n\t\t\t\t\t\t\t<h5 class=\"qodef-m-title\">\n\t\tGobierno\t<\/h5>\n\t\t\t\t\t\t\t\t<\/div>\n\t<\/div>\n\t\t<a itemprop=\"url\" href=\"https:\/\/agile-mediacorp.com\/es\/gobierno\/\" class=\"qodef-m-banner-link\" target=\"_self\"><\/a>\n<\/div>\n\t\t\t\t<\/div>\n\t\t\t\t<\/div>\n\t\t\t\t<div class=\"elementor-element elementor-element-2fd015d5 elementor-widget__width-initial elementor-widget-tablet__width-initial elementor-widget-mobile__width-inherit elementor-invisible elementor-widget elementor-widget-qi_addons_for_elementor_banner\" data-id=\"2fd015d5\" data-element_type=\"widget\" data-settings=\"{&quot;_animation&quot;:&quot;fadeIn&quot;}\" data-widget_type=\"qi_addons_for_elementor_banner.default\">\n\t\t\t\t<div class=\"elementor-widget-container\">\n\t\t\t\t\t<div class=\"qodef-shortcode qodef-m qodef-qi-banner qodef-layout--in-box qodef-vertical--bottom qodef-horizontal--left qodef-image--hover-zoom\">\n\t<div class=\"qodef-m-image\">\n\t<img loading=\"lazy\" decoding=\"async\" width=\"650\" height=\"650\" src=\"https:\/\/agile-mediacorp.com\/wp-content\/uploads\/2022\/10\/healtcare1-650x650.png\" class=\"attachment-qi_addons_for_elementor_image_size_square size-qi_addons_for_elementor_image_size_square\" alt=\"\" srcset=\"https:\/\/agile-mediacorp.com\/wp-content\/uploads\/2022\/10\/healtcare1-650x650.png 650w, https:\/\/agile-mediacorp.com\/wp-content\/uploads\/2022\/10\/healtcare1-300x300.png 300w, https:\/\/agile-mediacorp.com\/wp-content\/uploads\/2022\/10\/healtcare1-150x150.png 150w, https:\/\/agile-mediacorp.com\/wp-content\/uploads\/2022\/10\/healtcare1-768x768.png 768w, https:\/\/agile-mediacorp.com\/wp-content\/uploads\/2022\/10\/healtcare1-12x12.png 12w, https:\/\/agile-mediacorp.com\/wp-content\/uploads\/2022\/10\/healtcare1.png 800w\" sizes=\"(max-width: 650px) 100vw, 650px\" \/><\/div>\n\t<div class=\"qodef-m-content\">\n\t\t<div class=\"qodef-m-content-inner\">\n\t\t\t\t\t\t\t<h5 class=\"qodef-m-title\">\n\t\tSalud\t<\/h5>\n\t\t\t\t\t\t\t\t<\/div>\n\t<\/div>\n\t\t<a itemprop=\"url\" href=\"https:\/\/agile-mediacorp.com\/es\/salud-2\/\" class=\"qodef-m-banner-link\" target=\"_self\"><\/a>\n<\/div>\n\t\t\t\t<\/div>\n\t\t\t\t<\/div>\n\t\t\t\t\t<\/div>\n\t\t<\/div>\n\t\t\t\t\t<\/div>\n\t\t<\/section>\n\t\t\t\t<section class=\"elementor-section elementor-top-section elementor-element elementor-element-1f8b013b elementor-section-full_width elementor-section-height-default elementor-section-height-default\" data-id=\"1f8b013b\" data-element_type=\"section\">\n\t\t\t\t\t\t<div class=\"elementor-container elementor-column-gap-default\">\n\t\t\t\t\t<div class=\"elementor-column elementor-col-100 elementor-top-column elementor-element elementor-element-11024ca5\" data-id=\"11024ca5\" data-element_type=\"column\">\n\t\t\t<div class=\"elementor-widget-wrap elementor-element-populated\">\n\t\t\t\t\t\t<div class=\"elementor-element elementor-element-28cac99b elementor-invisible elementor-widget elementor-widget-qi_addons_for_elementor_call_to_action\" data-id=\"28cac99b\" data-element_type=\"widget\" data-settings=\"{&quot;_animation&quot;:&quot;fadeIn&quot;}\" data-widget_type=\"qi_addons_for_elementor_call_to_action.default\">\n\t\t\t\t<div class=\"elementor-widget-container\">\n\t\t\t\t\t<div class=\"qodef-shortcode qodef-m qodef-qi-call-to-action qodef-layout--standard qodef-button-below--680\">\n\t<div class=\"qodef-m-inner\">\n\t\t<div class=\"qodef-m-content\">\n\t\t\t<h4 class=\"qodef-m-title\">\n\t\t\tP\u00f3ngase en contacto con nosotros para que podamos ofrecerle la ayuda que necesita.\t\t<\/h4>\n\t\t<\/div>\n\t\t\t<div class=\"qodef-m-button\">\n\t\t<a class=\"qodef-shortcode qodef-m qodef-qi-button qodef-html--link qodef-layout--filled qodef-type--standard qodef-size--small qodef-icon--left\" href=\"https:\/\/agile-mediacorp.com\/es\/contacto\/\" target=\"_self\">\t<span class=\"qodef-m-text\">Contacto<\/span>\t<\/a>\t<\/div>\n\t\t\t<\/div>\n<\/div>\n\t\t\t\t<\/div>\n\t\t\t\t<\/div>\n\t\t\t\t\t<\/div>\n\t\t<\/div>\n\t\t\t\t\t<\/div>\n\t\t<\/section>\n\t\t\t\t<\/div>","protected":false},"excerpt":{"rendered":"<p>People and Change Change management is no longer considered a luxury. It is a must. To remain competitive, successful firms must constantly identify and operationalize change. Organizations must have an inspirational vision, trustworthy and dedicated leaders, an engaging employee experience, and the know-how to successfully adapt in today&#8217;s business environment. We can assist you in [&hellip;]<\/p>","protected":false},"author":4,"featured_media":0,"parent":0,"menu_order":0,"comment_status":"closed","ping_status":"closed","template":"elementor_header_footer","meta":{"footnotes":""},"class_list":["post-1043","page","type-page","status-publish","hentry"],"_links":{"self":[{"href":"https:\/\/agile-mediacorp.com\/es\/wp-json\/wp\/v2\/pages\/1043","targetHints":{"allow":["GET"]}}],"collection":[{"href":"https:\/\/agile-mediacorp.com\/es\/wp-json\/wp\/v2\/pages"}],"about":[{"href":"https:\/\/agile-mediacorp.com\/es\/wp-json\/wp\/v2\/types\/page"}],"author":[{"embeddable":true,"href":"https:\/\/agile-mediacorp.com\/es\/wp-json\/wp\/v2\/users\/4"}],"replies":[{"embeddable":true,"href":"https:\/\/agile-mediacorp.com\/es\/wp-json\/wp\/v2\/comments?post=1043"}],"version-history":[{"count":16,"href":"https:\/\/agile-mediacorp.com\/es\/wp-json\/wp\/v2\/pages\/1043\/revisions"}],"predecessor-version":[{"id":1480,"href":"https:\/\/agile-mediacorp.com\/es\/wp-json\/wp\/v2\/pages\/1043\/revisions\/1480"}],"wp:attachment":[{"href":"https:\/\/agile-mediacorp.com\/es\/wp-json\/wp\/v2\/media?parent=1043"}],"curies":[{"name":"wp","href":"https:\/\/api.w.org\/{rel}","templated":true}]}}