{"id":250,"date":"2022-10-04T13:50:14","date_gmt":"2022-10-04T13:50:14","guid":{"rendered":"https:\/\/agile-mediacorp.com\/?page_id=250"},"modified":"2023-05-02T16:35:19","modified_gmt":"2023-05-02T16:35:19","slug":"business-strategy","status":"publish","type":"page","link":"https:\/\/agile-mediacorp.com\/es\/estrategia-empresarial\/","title":{"rendered":"Estrategia empresarial"},"content":{"rendered":"<div data-elementor-type=\"wp-page\" data-elementor-id=\"250\" class=\"elementor elementor-250\" data-elementor-post-type=\"page\">\n\t\t\t\t\t\t<section class=\"elementor-section elementor-top-section elementor-element elementor-element-58b2459 elementor-section-full_width elementor-section-height-default elementor-section-height-default elementor-invisible\" data-id=\"58b2459\" data-element_type=\"section\" data-settings=\"{&quot;background_background&quot;:&quot;classic&quot;,&quot;animation&quot;:&quot;fadeIn&quot;}\">\n\t\t\t\t\t\t\t<div class=\"elementor-background-overlay\"><\/div>\n\t\t\t\t\t\t\t<div class=\"elementor-container elementor-column-gap-default\">\n\t\t\t\t\t<div class=\"elementor-column elementor-col-100 elementor-top-column elementor-element elementor-element-6e6d2894\" data-id=\"6e6d2894\" data-element_type=\"column\">\n\t\t\t<div class=\"elementor-widget-wrap elementor-element-populated\">\n\t\t\t\t\t\t<div class=\"elementor-element elementor-element-60af13f0 elementor-invisible elementor-widget elementor-widget-heading\" data-id=\"60af13f0\" data-element_type=\"widget\" data-settings=\"{&quot;_animation&quot;:&quot;fadeIn&quot;}\" data-widget_type=\"heading.default\">\n\t\t\t\t<div class=\"elementor-widget-container\">\n\t\t\t\t\t<h1 class=\"elementor-heading-title elementor-size-default\">Estrategia empresarial <\/h1>\t\t\t\t<\/div>\n\t\t\t\t<\/div>\n\t\t\t\t\t<\/div>\n\t\t<\/div>\n\t\t\t\t\t<\/div>\n\t\t<\/section>\n\t\t\t\t<section class=\"elementor-section elementor-top-section elementor-element elementor-element-7211611f elementor-reverse-mobile elementor-section-boxed elementor-section-height-default elementor-section-height-default\" data-id=\"7211611f\" data-element_type=\"section\">\n\t\t\t\t\t\t<div class=\"elementor-container elementor-column-gap-default\">\n\t\t\t\t\t<div class=\"elementor-column elementor-col-100 elementor-top-column elementor-element elementor-element-644a105c\" data-id=\"644a105c\" data-element_type=\"column\">\n\t\t\t<div class=\"elementor-widget-wrap elementor-element-populated\">\n\t\t\t\t\t\t<div class=\"elementor-element elementor-element-8a7aa0a elementor-invisible elementor-widget elementor-widget-text-editor\" data-id=\"8a7aa0a\" data-element_type=\"widget\" data-settings=\"{&quot;_animation&quot;:&quot;fadeIn&quot;}\" data-widget_type=\"text-editor.default\">\n\t\t\t\t<div class=\"elementor-widget-container\">\n\t\t\t\t\t\t\t\t\t<p>Colaboraremos con usted para obtener una ventaja competitiva a trav\u00e9s de la agilidad y la innovaci\u00f3n empresarial. Es necesaria una hoja de ruta para guiar a su organizaci\u00f3n hacia el destino deseado. Le ayudaremos a conocer mejor su empresa y a sus consumidores, al tiempo que establecemos una estrategia con una visi\u00f3n convincente y un plan general para impulsar la ventaja competitiva.<\/p><p>Agile Corp Solutions est\u00e1 particularmente bien equipada y capacitada en la integraci\u00f3n y separaci\u00f3n de empresas, lo que nos convierte en un elemento importante para usted en estas situaciones.<\/p>\t\t\t\t\t\t\t\t<\/div>\n\t\t\t\t<\/div>\n\t\t\t\t\t<\/div>\n\t\t<\/div>\n\t\t\t\t\t<\/div>\n\t\t<\/section>\n\t\t\t\t<section class=\"elementor-section elementor-top-section elementor-element elementor-element-7a470d9a elementor-section-boxed elementor-section-height-default elementor-section-height-default\" data-id=\"7a470d9a\" data-element_type=\"section\">\n\t\t\t\t\t\t<div class=\"elementor-container elementor-column-gap-default\">\n\t\t\t\t\t<div class=\"elementor-column elementor-col-100 elementor-top-column elementor-element elementor-element-2eaceb32\" data-id=\"2eaceb32\" data-element_type=\"column\">\n\t\t\t<div class=\"elementor-widget-wrap elementor-element-populated\">\n\t\t\t\t\t\t<div class=\"elementor-element elementor-element-67b37835 elementor-invisible elementor-widget elementor-widget-qi_addons_for_elementor_tabs_vertical\" data-id=\"67b37835\" data-element_type=\"widget\" data-settings=\"{&quot;_animation&quot;:&quot;fadeIn&quot;}\" data-widget_type=\"qi_addons_for_elementor_tabs_vertical.default\">\n\t\t\t\t<div class=\"elementor-widget-container\">\n\t\t\t\t\t<div class=\"qodef-shortcode qodef-m qodef-qi-tabs-vertical qodef-qi-clear qodef-layout--simple qodef-responsive--680 qodef-title-hover--sideline-draw qodef-title-sideline-from-top\">\n\t<ul class=\"qodef-tabs-vertical-navigation\">\n\t\t<li>\n\t<h5 class=\"qodef-tab-title\" role=\"tab\">\n\t\t<a href=\"#qodef-tab-14d8b92\">\n\t\t\t<span class=\"q-text\">\n\t\t\t\tOrientaci\u00f3n del valor y an\u00e1lisis del negocio\t\t\t<\/span>\n\t\t<\/a>\n\t<\/h5>\n<\/li>\n<li>\n\t<h5 class=\"qodef-tab-title\" role=\"tab\">\n\t\t<a href=\"#qodef-tab-c799bc6\">\n\t\t\t<span class=\"q-text\">\n\t\t\t\tDise\u00f1ar la experiencia del usuario\t\t\t<\/span>\n\t\t<\/a>\n\t<\/h5>\n<\/li>\n<li>\n\t<h5 class=\"qodef-tab-title\" role=\"tab\">\n\t\t<a href=\"#qodef-tab-a0c8a1b\">\n\t\t\t<span class=\"q-text\">\n\t\t\t\tCrear una visi\u00f3n y una estrategia\t\t\t<\/span>\n\t\t<\/a>\n\t<\/h5>\n<\/li>\n<li>\n\t<h5 class=\"qodef-tab-title\" role=\"tab\">\n\t\t<a href=\"#qodef-tab-3d664db\">\n\t\t\t<span class=\"q-text\">\n\t\t\t\tDesarrollo de productos y servicios\t\t\t<\/span>\n\t\t<\/a>\n\t<\/h5>\n<\/li>\n<li>\n\t<h5 class=\"qodef-tab-title\" role=\"tab\">\n\t\t<a href=\"#qodef-tab-029a979\">\n\t\t\t<span class=\"q-text\">\n\t\t\t\tIntegraci\u00f3n de fusiones y adquisiciones y desinversiones\t\t\t<\/span>\n\t\t<\/a>\n\t<\/h5>\n<\/li>\n<li>\n\t<h5 class=\"qodef-tab-title\" role=\"tab\">\n\t\t<a href=\"#qodef-tab-a6102fa\">\n\t\t\t<span class=\"q-text\">\n\t\t\t\tServicios del CIO\t\t\t<\/span>\n\t\t<\/a>\n\t<\/h5>\n<\/li>\n<li>\n\t<h5 class=\"qodef-tab-title\" role=\"tab\">\n\t\t<a href=\"#qodef-tab-9a2d26a\">\n\t\t\t<span class=\"q-text\">\n\t\t\t\tElementos de nuestro servicio\t\t\t<\/span>\n\t\t<\/a>\n\t<\/h5>\n<\/li>\n\t<\/ul>\n\t<div class=\"qodef-tabs-vertical-content\" id=\"qodef-tab-14d8b92\">\n\t<p>Para lograr un progreso general, encontramos, validamos y priorizamos las posibilidades de creaci\u00f3n de valor.<\/p><p>Agile Corp Solutions ha creado un conjunto completo de metodolog\u00edas anal\u00edticas y de diagn\u00f3stico empresarial para ayudar a las empresas a encontrar, validar y priorizar las posibilidades de creaci\u00f3n de valor. Hemos asistido a los esfuerzos de an\u00e1lisis de negocios y de orientaci\u00f3n de valor para las peque\u00f1as y medianas empresas, as\u00ed como para las divisiones de las grandes empresas de Fortune 100. Para ayudar a nuestros clientes, nuestros experimentados consultores de gesti\u00f3n aportan una s\u00f3lida combinaci\u00f3n de conocimientos sobre el sector, la estrategia, las operaciones y las finanzas.<\/p><p>Nuestra experiencia en esta \u00e1rea incluye lo siguiente:<\/p><ul><li>Estudio de mercado y an\u00e1lisis de la competencia<\/li><li>An\u00e1lisis de la voz del cliente<\/li><li>An\u00e1lisis de la estructura de costes y de los factores de valor<\/li><li>Evaluaciones empresariales y operativas internas<\/li><\/ul><\/div>\n<div class=\"qodef-tabs-vertical-content\" id=\"qodef-tab-c799bc6\">\n\t<p>El dise\u00f1o de soluciones de experiencia ya no consiste \u00fanicamente en resolver los problemas de los clientes. Las organizaciones deben entender c\u00f3mo proporcionar valor a los consumidores de forma consistente, lo que implica producir no mejores experiencias, sino tambi\u00e9n procesos m\u00e1s factibles y m\u00e1s inteligentes.<\/p><p>Deben desarrollar sistemas integrales que funcionen en conjunto para ayudar a ambos lados de la ecuaci\u00f3n coste-valor. Con demasiada frecuencia, las nuevas experiencias aumentan el coste de servir a los consumidores al tiempo que producen el mismo resultado.<\/p><\/div>\n<div class=\"qodef-tabs-vertical-content\" id=\"qodef-tab-a0c8a1b\">\n\t<p>Abordamos la formulaci\u00f3n de la estrategia con una mentalidad realista y orientada a la ejecuci\u00f3n. La visi\u00f3n y la formulaci\u00f3n de la estrategia son operaciones empresariales clave que permiten a una empresa examinar las dificultades y las oportunidades, definir la direcci\u00f3n futura, discutir los objetivos y mantener la alineaci\u00f3n estrat\u00e9gica de la organizaci\u00f3n.<\/p><p>Un plan estrat\u00e9gico es un documento vivo que debe actualizarse a medida que cambian las condiciones del mercado. Las empresas que no son capaces de tomar decisiones estrat\u00e9gicas, transmitir la direcci\u00f3n y transformar la estrategia en acci\u00f3n sufren un retraso en el tiempo de reacci\u00f3n, una responsabilidad inadecuada y un rendimiento insuficiente, seg\u00fan nuestra experiencia.<\/p><\/div>\n<div class=\"qodef-tabs-vertical-content\" id=\"qodef-tab-3d664db\">\n\t<p>Para ofrecer innovaciones a sus consumidores, alineamos la estrategia, las pol\u00edticas, los procedimientos y las herramientas.<\/p><p>El cambio social y el r\u00e1pido desarrollo de la tecnolog\u00eda presentan varias posibilidades y peligros tanto para las empresas ya establecidas como para las nuevas. La distinci\u00f3n entre los que aprovechan las posibilidades y los que sucumben al peligro viene determinada por qui\u00e9n ve, entiende y act\u00faa m\u00e1s eficazmente ante la incertidumbre.<\/p><p>Las empresas m\u00e1s eficaces coordinan sus pol\u00edticas, procedimientos y cultura para mantener un flujo constante de innovaci\u00f3n, lo que genera un crecimiento de los beneficios y una eficiencia de los beneficios. Estos innovadores de \u00e9xito tambi\u00e9n trabajan con socios para aprender continuamente y descubrir nuevas posibilidades.<\/p><p>Nuestros consultores utilizan su amplia experiencia en el sector y su profundo conocimiento de los procesos y las herramientas para ayudarle a maximizar su potencial de innovaci\u00f3n.<\/p><ul><li>Aumentar el conocimiento de sus clientes y mercados<\/li><li>Desarrollo de nuevos productos y servicios<\/li><li>Entrar en nuevos mercados<\/li><li>Desarrollar conceptos empresariales novedosos<\/li><li>Mejora de las cadenas de valor existentes<\/li><li>Crear metodolog\u00edas y talentos para la innovaci\u00f3n a largo plazo<\/li><\/ul><\/div>\n<div class=\"qodef-tabs-vertical-content\" id=\"qodef-tab-029a979\">\n\t<p>Colaboramos con usted para identificar, definir y gestionar los retos que plantea la convergencia de la empresa y la tecnolog\u00eda.<\/p><p>For successful firms, M&amp;A(mergers and acquisitions) and divestiture activity may be a defining factor and a crucial strategic lever. Agile Corp Solutions is particularly equipped and skilled in company integration and separation; therefore, we may be of assistance in this situation. We are aware of how challenging it is to oversee the integration and separation process. Through a committed emphasis on achieving goals, we work with businesses to maximize the value of the agreement.<\/p><p>M&amp;S integration and divestment separation should not be taken lightly even though, in theory, the stages are not difficult.<\/p><p>Concentrating on essential integration elements can significantly increase a company's chances of achieving the desired results.<\/p><\/div>\n<div class=\"qodef-tabs-vertical-content\" id=\"qodef-tab-a6102fa\">\n\t<p>La mayor\u00eda de las empresas dependen de la estrategia y la ejecuci\u00f3n de la tecnolog\u00eda de la informaci\u00f3n para permitir el crecimiento, aumentar la rentabilidad y reducir el riesgo. Incluso las empresas lo suficientemente grandes como para emplear a sus propios directores de informaci\u00f3n (CIO) requieren asesoramiento estrat\u00e9gico para mantener sus negocios alineados con su tecnolog\u00eda.<\/p><p>Nuestro equipo de servicios de consultor\u00eda para CIOs combina amplios conocimientos y experiencia en TI para ayudar en la estrategia y la ejecuci\u00f3n. Est\u00e1n formados por expertos en TI experimentados, muchos de los cuales son clientes anteriores, y utilizan nuestra tecnolog\u00eda de trabajo a distancia para ofrecer servicios que le ayudar\u00e1n a estar preparado para la renovaci\u00f3n continua.<\/p><\/div>\n<div class=\"qodef-tabs-vertical-content\" id=\"qodef-tab-9a2d26a\">\n\t<ul><li>Estrategia: \u00bfEst\u00e1 su estrategia de TI en sinton\u00eda con su estrategia de negocio?<\/li><li>Organizaci\u00f3n\/Personal: \u00bfEst\u00e1 su equipo interno bien posicionado para el \u00e9xito (incluyendo el grado apropiado de externalizaci\u00f3n de TI)?<\/li><li>Arquitectura\/Infraestructura: \u00bfTiene una base estable?<\/li><li>Servicios\/procesos de apoyo inform\u00e1tico: \u00bfDispone de procesos s\u00f3lidos?<\/li><li>Gesti\u00f3n de riesgos: \u00bfPuede garantizar la seguridad tecnol\u00f3gica, la continuidad de la actividad y la recuperaci\u00f3n en caso de cat\u00e1strofe?<\/li><li>Gobernanza: \u00bfSus proyectos de TI y de TI cuentan con el apoyo y la aceptaci\u00f3n adecuados?<\/li><li>Gesti\u00f3n de proveedores de TI: \u00bfSon adecuados sus contratos y normas de servicio?<\/li><li>Golpes r\u00e1pidos: \u00bfTiene alg\u00fan asunto urgente que tratar?<\/li><\/ul><\/div>\n<\/div>\n\t\t\t\t<\/div>\n\t\t\t\t<\/div>\n\t\t\t\t\t<\/div>\n\t\t<\/div>\n\t\t\t\t\t<\/div>\n\t\t<\/section>\n\t\t\t\t<section class=\"elementor-section elementor-top-section elementor-element elementor-element-28078937 elementor-section-boxed elementor-section-height-default elementor-section-height-default\" data-id=\"28078937\" data-element_type=\"section\">\n\t\t\t\t\t\t<div class=\"elementor-container elementor-column-gap-default\">\n\t\t\t\t\t<div class=\"elementor-column elementor-col-100 elementor-top-column elementor-element elementor-element-72576d8b\" data-id=\"72576d8b\" data-element_type=\"column\">\n\t\t\t<div class=\"elementor-widget-wrap elementor-element-populated\">\n\t\t\t\t\t\t<div class=\"elementor-element elementor-element-c0a7219 elementor-invisible elementor-widget elementor-widget-heading\" data-id=\"c0a7219\" data-element_type=\"widget\" data-settings=\"{&quot;_animation&quot;:&quot;fadeIn&quot;}\" data-widget_type=\"heading.default\">\n\t\t\t\t<div class=\"elementor-widget-container\">\n\t\t\t\t\t<h3 class=\"elementor-heading-title elementor-size-default\">Soluciones<\/h3>\t\t\t\t<\/div>\n\t\t\t\t<\/div>\n\t\t\t\t<div class=\"elementor-element elementor-element-794d57a2 elementor-widget__width-initial elementor-widget-tablet__width-initial elementor-widget-mobile__width-inherit elementor-invisible elementor-widget elementor-widget-qi_addons_for_elementor_banner\" data-id=\"794d57a2\" data-element_type=\"widget\" data-settings=\"{&quot;_animation&quot;:&quot;fadeIn&quot;}\" data-widget_type=\"qi_addons_for_elementor_banner.default\">\n\t\t\t\t<div class=\"elementor-widget-container\">\n\t\t\t\t\t<div class=\"qodef-shortcode qodef-m qodef-qi-banner qodef-layout--in-box qodef-vertical--bottom qodef-horizontal--left qodef-image--hover-zoom\">\n\t<div class=\"qodef-m-image\">\n\t<img fetchpriority=\"high\" decoding=\"async\" width=\"650\" height=\"650\" src=\"https:\/\/agile-mediacorp.com\/wp-content\/uploads\/2022\/10\/educacion1-650x650.png\" class=\"attachment-qi_addons_for_elementor_image_size_square size-qi_addons_for_elementor_image_size_square\" alt=\"\" srcset=\"https:\/\/agile-mediacorp.com\/wp-content\/uploads\/2022\/10\/educacion1-650x650.png 650w, https:\/\/agile-mediacorp.com\/wp-content\/uploads\/2022\/10\/educacion1-300x300.png 300w, https:\/\/agile-mediacorp.com\/wp-content\/uploads\/2022\/10\/educacion1-150x150.png 150w, https:\/\/agile-mediacorp.com\/wp-content\/uploads\/2022\/10\/educacion1-768x768.png 768w, https:\/\/agile-mediacorp.com\/wp-content\/uploads\/2022\/10\/educacion1-12x12.png 12w, https:\/\/agile-mediacorp.com\/wp-content\/uploads\/2022\/10\/educacion1.png 800w\" sizes=\"(max-width: 650px) 100vw, 650px\" \/><\/div>\n\t<div class=\"qodef-m-content\">\n\t\t<div class=\"qodef-m-content-inner\">\n\t\t\t\t\t\t\t<h5 class=\"qodef-m-title\">\n\t\tEducaci\u00f3n\t<\/h5>\n\t\t\t\t\t\t\t\t<\/div>\n\t<\/div>\n\t\t<a itemprop=\"url\" href=\"https:\/\/agile-mediacorp.com\/es\/educacion-2-2\/\" class=\"qodef-m-banner-link\" target=\"_self\"><\/a>\n<\/div>\n\t\t\t\t<\/div>\n\t\t\t\t<\/div>\n\t\t\t\t<div class=\"elementor-element elementor-element-1dc9cf42 elementor-widget__width-initial elementor-widget-tablet__width-initial elementor-widget-mobile__width-inherit elementor-invisible elementor-widget elementor-widget-qi_addons_for_elementor_banner\" data-id=\"1dc9cf42\" data-element_type=\"widget\" data-settings=\"{&quot;_animation&quot;:&quot;fadeIn&quot;}\" data-widget_type=\"qi_addons_for_elementor_banner.default\">\n\t\t\t\t<div class=\"elementor-widget-container\">\n\t\t\t\t\t<div class=\"qodef-shortcode qodef-m qodef-qi-banner qodef-layout--in-box qodef-vertical--bottom qodef-horizontal--left qodef-image--hover-zoom\">\n\t<div class=\"qodef-m-image\">\n\t<img decoding=\"async\" width=\"650\" height=\"650\" src=\"https:\/\/agile-mediacorp.com\/wp-content\/uploads\/2022\/10\/financial1-650x650.png\" class=\"attachment-qi_addons_for_elementor_image_size_square size-qi_addons_for_elementor_image_size_square\" alt=\"\" srcset=\"https:\/\/agile-mediacorp.com\/wp-content\/uploads\/2022\/10\/financial1-650x650.png 650w, https:\/\/agile-mediacorp.com\/wp-content\/uploads\/2022\/10\/financial1-300x300.png 300w, https:\/\/agile-mediacorp.com\/wp-content\/uploads\/2022\/10\/financial1-150x150.png 150w, https:\/\/agile-mediacorp.com\/wp-content\/uploads\/2022\/10\/financial1-768x768.png 768w, https:\/\/agile-mediacorp.com\/wp-content\/uploads\/2022\/10\/financial1-12x12.png 12w, https:\/\/agile-mediacorp.com\/wp-content\/uploads\/2022\/10\/financial1.png 800w\" sizes=\"(max-width: 650px) 100vw, 650px\" \/><\/div>\n\t<div class=\"qodef-m-content\">\n\t\t<div class=\"qodef-m-content-inner\">\n\t\t\t\t\t\t\t<h5 class=\"qodef-m-title\">\n\t\tFinanciero \t<\/h5>\n\t\t\t\t\t\t\t\t<\/div>\n\t<\/div>\n\t\t<a itemprop=\"url\" href=\"https:\/\/agile-mediacorp.com\/es\/servicios-financieros\/\" class=\"qodef-m-banner-link\" target=\"_self\"><\/a>\n<\/div>\n\t\t\t\t<\/div>\n\t\t\t\t<\/div>\n\t\t\t\t<div class=\"elementor-element elementor-element-4d6c7bc elementor-widget__width-initial elementor-widget-tablet__width-initial elementor-widget-mobile__width-inherit elementor-invisible elementor-widget elementor-widget-qi_addons_for_elementor_banner\" data-id=\"4d6c7bc\" data-element_type=\"widget\" data-settings=\"{&quot;_animation&quot;:&quot;fadeIn&quot;}\" data-widget_type=\"qi_addons_for_elementor_banner.default\">\n\t\t\t\t<div class=\"elementor-widget-container\">\n\t\t\t\t\t<div class=\"qodef-shortcode qodef-m qodef-qi-banner qodef-layout--in-box qodef-vertical--bottom qodef-horizontal--left qodef-image--hover-zoom\">\n\t<div class=\"qodef-m-image\">\n\t<img decoding=\"async\" width=\"650\" height=\"650\" src=\"https:\/\/agile-mediacorp.com\/wp-content\/uploads\/2022\/10\/gobiernos1-650x650.png\" class=\"attachment-qi_addons_for_elementor_image_size_square size-qi_addons_for_elementor_image_size_square\" alt=\"\" srcset=\"https:\/\/agile-mediacorp.com\/wp-content\/uploads\/2022\/10\/gobiernos1-650x650.png 650w, https:\/\/agile-mediacorp.com\/wp-content\/uploads\/2022\/10\/gobiernos1-300x300.png 300w, https:\/\/agile-mediacorp.com\/wp-content\/uploads\/2022\/10\/gobiernos1-150x150.png 150w, https:\/\/agile-mediacorp.com\/wp-content\/uploads\/2022\/10\/gobiernos1-768x768.png 768w, https:\/\/agile-mediacorp.com\/wp-content\/uploads\/2022\/10\/gobiernos1-12x12.png 12w, https:\/\/agile-mediacorp.com\/wp-content\/uploads\/2022\/10\/gobiernos1.png 800w\" sizes=\"(max-width: 650px) 100vw, 650px\" \/><\/div>\n\t<div class=\"qodef-m-content\">\n\t\t<div class=\"qodef-m-content-inner\">\n\t\t\t\t\t\t\t<h5 class=\"qodef-m-title\">\n\t\tGobierno\t<\/h5>\n\t\t\t\t\t\t\t\t<\/div>\n\t<\/div>\n\t\t<a itemprop=\"url\" href=\"https:\/\/agile-mediacorp.com\/es\/gobierno\/\" class=\"qodef-m-banner-link\" target=\"_self\"><\/a>\n<\/div>\n\t\t\t\t<\/div>\n\t\t\t\t<\/div>\n\t\t\t\t<div class=\"elementor-element elementor-element-3b82597 elementor-widget__width-initial elementor-widget-tablet__width-initial elementor-widget-mobile__width-inherit elementor-invisible elementor-widget elementor-widget-qi_addons_for_elementor_banner\" data-id=\"3b82597\" data-element_type=\"widget\" data-settings=\"{&quot;_animation&quot;:&quot;fadeIn&quot;}\" data-widget_type=\"qi_addons_for_elementor_banner.default\">\n\t\t\t\t<div class=\"elementor-widget-container\">\n\t\t\t\t\t<div class=\"qodef-shortcode qodef-m qodef-qi-banner qodef-layout--in-box qodef-vertical--bottom qodef-horizontal--left qodef-image--hover-zoom\">\n\t<div class=\"qodef-m-image\">\n\t<img loading=\"lazy\" decoding=\"async\" width=\"650\" height=\"650\" src=\"https:\/\/agile-mediacorp.com\/wp-content\/uploads\/2022\/10\/healtcare1-650x650.png\" class=\"attachment-qi_addons_for_elementor_image_size_square size-qi_addons_for_elementor_image_size_square\" alt=\"\" srcset=\"https:\/\/agile-mediacorp.com\/wp-content\/uploads\/2022\/10\/healtcare1-650x650.png 650w, https:\/\/agile-mediacorp.com\/wp-content\/uploads\/2022\/10\/healtcare1-300x300.png 300w, https:\/\/agile-mediacorp.com\/wp-content\/uploads\/2022\/10\/healtcare1-150x150.png 150w, https:\/\/agile-mediacorp.com\/wp-content\/uploads\/2022\/10\/healtcare1-768x768.png 768w, https:\/\/agile-mediacorp.com\/wp-content\/uploads\/2022\/10\/healtcare1-12x12.png 12w, https:\/\/agile-mediacorp.com\/wp-content\/uploads\/2022\/10\/healtcare1.png 800w\" sizes=\"(max-width: 650px) 100vw, 650px\" \/><\/div>\n\t<div class=\"qodef-m-content\">\n\t\t<div class=\"qodef-m-content-inner\">\n\t\t\t\t\t\t\t<h5 class=\"qodef-m-title\">\n\t\tSalud\t<\/h5>\n\t\t\t\t\t\t\t\t<\/div>\n\t<\/div>\n\t\t<a itemprop=\"url\" href=\"https:\/\/agile-mediacorp.com\/es\/salud-2\/\" class=\"qodef-m-banner-link\" target=\"_self\"><\/a>\n<\/div>\n\t\t\t\t<\/div>\n\t\t\t\t<\/div>\n\t\t\t\t\t<\/div>\n\t\t<\/div>\n\t\t\t\t\t<\/div>\n\t\t<\/section>\n\t\t\t\t<section class=\"elementor-section elementor-top-section elementor-element elementor-element-1f8b013b elementor-section-full_width elementor-section-height-default elementor-section-height-default\" data-id=\"1f8b013b\" data-element_type=\"section\" data-settings=\"{&quot;background_background&quot;:&quot;classic&quot;}\">\n\t\t\t\t\t\t<div class=\"elementor-container elementor-column-gap-default\">\n\t\t\t\t\t<div class=\"elementor-column elementor-col-100 elementor-top-column elementor-element elementor-element-11024ca5\" data-id=\"11024ca5\" data-element_type=\"column\">\n\t\t\t<div class=\"elementor-widget-wrap elementor-element-populated\">\n\t\t\t\t\t\t<div class=\"elementor-element elementor-element-28cac99b elementor-invisible elementor-widget elementor-widget-qi_addons_for_elementor_call_to_action\" data-id=\"28cac99b\" data-element_type=\"widget\" data-settings=\"{&quot;_animation&quot;:&quot;fadeIn&quot;}\" data-widget_type=\"qi_addons_for_elementor_call_to_action.default\">\n\t\t\t\t<div class=\"elementor-widget-container\">\n\t\t\t\t\t<div class=\"qodef-shortcode qodef-m qodef-qi-call-to-action qodef-layout--standard qodef-button-below--680\">\n\t<div class=\"qodef-m-inner\">\n\t\t<div class=\"qodef-m-content\">\n\t\t\t<h4 class=\"qodef-m-title\">\n\t\t\tP\u00f3ngase en contacto con nosotros para que podamos ofrecerle la ayuda que necesita.\t\t<\/h4>\n\t\t<\/div>\n\t\t\t<div class=\"qodef-m-button\">\n\t\t<a class=\"qodef-shortcode qodef-m qodef-qi-button qodef-html--link qodef-layout--filled qodef-type--standard qodef-size--small qodef-icon--left\" href=\"https:\/\/agile-mediacorp.com\/es\/contacto\/\" target=\"_self\">\t<span class=\"qodef-m-text\">Contacto<\/span>\t<\/a>\t<\/div>\n\t\t\t<\/div>\n<\/div>\n\t\t\t\t<\/div>\n\t\t\t\t<\/div>\n\t\t\t\t\t<\/div>\n\t\t<\/div>\n\t\t\t\t\t<\/div>\n\t\t<\/section>\n\t\t\t\t<\/div>","protected":false},"excerpt":{"rendered":"<p>\/*! elementor &#8211; v3.12.2 &#8211; 23-04-2023 *\/ .elementor-heading-title{padding:0;margin:0;line-height:1}.elementor-widget-heading .elementor-heading-title[class*=elementor-size-]&gt;a{color:inherit;font-size:inherit;line-height:inherit}.elementor-widget-heading .elementor-heading-title.elementor-size-small{font-size:15px}.elementor-widget-heading .elementor-heading-title.elementor-size-medium{font-size:19px}.elementor-widget-heading .elementor-heading-title.elementor-size-large{font-size:29px}.elementor-widget-heading .elementor-heading-title.elementor-size-xl{font-size:39px}.elementor-widget-heading .elementor-heading-title.elementor-size-xxl{font-size:59px} Business Strategy We will collaborate with you in gaining a competitive edge via business agility and innovation. A road map is necessary to guide your organization toward its desired destiny. We\u2019ll help you to understand insights about your company and consumers, [&hellip;]<\/p>","protected":false},"author":4,"featured_media":0,"parent":0,"menu_order":0,"comment_status":"closed","ping_status":"closed","template":"elementor_header_footer","meta":{"footnotes":""},"class_list":["post-250","page","type-page","status-publish","hentry"],"_links":{"self":[{"href":"https:\/\/agile-mediacorp.com\/es\/wp-json\/wp\/v2\/pages\/250","targetHints":{"allow":["GET"]}}],"collection":[{"href":"https:\/\/agile-mediacorp.com\/es\/wp-json\/wp\/v2\/pages"}],"about":[{"href":"https:\/\/agile-mediacorp.com\/es\/wp-json\/wp\/v2\/types\/page"}],"author":[{"embeddable":true,"href":"https:\/\/agile-mediacorp.com\/es\/wp-json\/wp\/v2\/users\/4"}],"replies":[{"embeddable":true,"href":"https:\/\/agile-mediacorp.com\/es\/wp-json\/wp\/v2\/comments?post=250"}],"version-history":[{"count":102,"href":"https:\/\/agile-mediacorp.com\/es\/wp-json\/wp\/v2\/pages\/250\/revisions"}],"predecessor-version":[{"id":1985,"href":"https:\/\/agile-mediacorp.com\/es\/wp-json\/wp\/v2\/pages\/250\/revisions\/1985"}],"wp:attachment":[{"href":"https:\/\/agile-mediacorp.com\/es\/wp-json\/wp\/v2\/media?parent=250"}],"curies":[{"name":"wp","href":"https:\/\/api.w.org\/{rel}","templated":true}]}}