{"id":289,"date":"2022-10-04T14:04:04","date_gmt":"2022-10-04T14:04:04","guid":{"rendered":"https:\/\/agile-mediacorp.com\/?page_id=289"},"modified":"2022-10-06T19:39:32","modified_gmt":"2022-10-06T19:39:32","slug":"operational-and-process-excellence","status":"publish","type":"page","link":"https:\/\/agile-mediacorp.com\/es\/excelencia-operativa-y-de-procesos\/","title":{"rendered":"Excelencia operativa y de procesos"},"content":{"rendered":"<div data-elementor-type=\"wp-page\" data-elementor-id=\"289\" class=\"elementor elementor-289\" data-elementor-post-type=\"page\">\n\t\t\t\t\t\t<section class=\"elementor-section elementor-top-section elementor-element elementor-element-58b2459 elementor-section-full_width elementor-section-height-default elementor-section-height-default elementor-invisible\" data-id=\"58b2459\" data-element_type=\"section\" data-settings=\"{&quot;background_background&quot;:&quot;classic&quot;,&quot;animation&quot;:&quot;fadeIn&quot;}\">\n\t\t\t\t\t\t\t<div class=\"elementor-background-overlay\"><\/div>\n\t\t\t\t\t\t\t<div class=\"elementor-container elementor-column-gap-default\">\n\t\t\t\t\t<div class=\"elementor-column elementor-col-100 elementor-top-column elementor-element elementor-element-6e6d2894\" data-id=\"6e6d2894\" data-element_type=\"column\">\n\t\t\t<div class=\"elementor-widget-wrap elementor-element-populated\">\n\t\t\t\t\t\t<div class=\"elementor-element elementor-element-60af13f0 elementor-invisible elementor-widget elementor-widget-heading\" data-id=\"60af13f0\" data-element_type=\"widget\" data-settings=\"{&quot;_animation&quot;:&quot;fadeIn&quot;}\" data-widget_type=\"heading.default\">\n\t\t\t\t<div class=\"elementor-widget-container\">\n\t\t\t\t\t<h1 class=\"elementor-heading-title elementor-size-default\">Excelencia operativa y de procesos<\/h1>\t\t\t\t<\/div>\n\t\t\t\t<\/div>\n\t\t\t\t\t<\/div>\n\t\t<\/div>\n\t\t\t\t\t<\/div>\n\t\t<\/section>\n\t\t\t\t<section class=\"elementor-section elementor-top-section elementor-element elementor-element-7211611f elementor-reverse-mobile elementor-section-boxed elementor-section-height-default elementor-section-height-default\" data-id=\"7211611f\" data-element_type=\"section\">\n\t\t\t\t\t\t<div class=\"elementor-container elementor-column-gap-default\">\n\t\t\t\t\t<div class=\"elementor-column elementor-col-100 elementor-top-column elementor-element elementor-element-644a105c\" data-id=\"644a105c\" data-element_type=\"column\">\n\t\t\t<div class=\"elementor-widget-wrap elementor-element-populated\">\n\t\t\t\t\t\t<div class=\"elementor-element elementor-element-8a7aa0a elementor-invisible elementor-widget elementor-widget-text-editor\" data-id=\"8a7aa0a\" data-element_type=\"widget\" data-settings=\"{&quot;_animation&quot;:&quot;fadeIn&quot;}\" data-widget_type=\"text-editor.default\">\n\t\t\t\t<div class=\"elementor-widget-container\">\n\t\t\t\t\t\t\t\t\t<p><em>Trabajamos con usted para mejorar, transformar o automatizar sus procesos, as\u00ed como para optimizar las competencias esenciales y los flujos de valor para alcanzar los objetivos de su empresa. Las operaciones y procedimientos de su empresa son fundamentales para su capacidad de crear valor y llevarle a donde quiere ir.<\/em><\/p><p>Nuestra experiencia en excelencia operativa ayuda a las empresas a hacer frente a estos desaf\u00edos mediante la arquitectura y la entrega de capacidades de negocio de clase mundial, a la vez que sirve como un pilar cr\u00edtico en cualquier transformaci\u00f3n empresarial exitosa.<\/p><p>Cada uno de nuestros servicios colabora para desarrollar, facilitar y mantener las mejoras de los procesos en toda la empresa.<\/p>\t\t\t\t\t\t\t\t<\/div>\n\t\t\t\t<\/div>\n\t\t\t\t\t<\/div>\n\t\t<\/div>\n\t\t\t\t\t<\/div>\n\t\t<\/section>\n\t\t\t\t<section class=\"elementor-section elementor-top-section elementor-element elementor-element-7a470d9a elementor-section-boxed elementor-section-height-default elementor-section-height-default\" data-id=\"7a470d9a\" data-element_type=\"section\">\n\t\t\t\t\t\t<div class=\"elementor-container elementor-column-gap-default\">\n\t\t\t\t\t<div class=\"elementor-column elementor-col-100 elementor-top-column elementor-element elementor-element-2eaceb32\" data-id=\"2eaceb32\" data-element_type=\"column\">\n\t\t\t<div class=\"elementor-widget-wrap elementor-element-populated\">\n\t\t\t\t\t\t<div class=\"elementor-element elementor-element-67b37835 elementor-invisible elementor-widget elementor-widget-qi_addons_for_elementor_tabs_vertical\" data-id=\"67b37835\" data-element_type=\"widget\" data-settings=\"{&quot;_animation&quot;:&quot;fadeIn&quot;}\" data-widget_type=\"qi_addons_for_elementor_tabs_vertical.default\">\n\t\t\t\t<div class=\"elementor-widget-container\">\n\t\t\t\t\t<div class=\"qodef-shortcode qodef-m qodef-qi-tabs-vertical qodef-qi-clear qodef-layout--simple qodef-responsive--680 qodef-title-hover--sideline-draw qodef-title-sideline-from-top\">\n\t<ul class=\"qodef-tabs-vertical-navigation\">\n\t\t<li>\n\t<h5 class=\"qodef-tab-title\" role=\"tab\">\n\t\t<a href=\"#qodef-tab-14d8b92\">\n\t\t\t<span class=\"q-text\">\n\t\t\t\tEvaluaci\u00f3n de procesos y capacidades\t\t\t<\/span>\n\t\t<\/a>\n\t<\/h5>\n<\/li>\n<li>\n\t<h5 class=\"qodef-tab-title\" role=\"tab\">\n\t\t<a href=\"#qodef-tab-c799bc6\">\n\t\t\t<span class=\"q-text\">\n\t\t\t\tServicios de consultor\u00eda para la mejora de los procesos empresariales\t\t\t<\/span>\n\t\t<\/a>\n\t<\/h5>\n<\/li>\n<li>\n\t<h5 class=\"qodef-tab-title\" role=\"tab\">\n\t\t<a href=\"#qodef-tab-a0c8a1b\">\n\t\t\t<span class=\"q-text\">\n\t\t\t\tEvaluaci\u00f3n del rendimiento\t\t\t<\/span>\n\t\t<\/a>\n\t<\/h5>\n<\/li>\n<li>\n\t<h5 class=\"qodef-tab-title\" role=\"tab\">\n\t\t<a href=\"#qodef-tab-7e23365\">\n\t\t\t<span class=\"q-text\">\n\t\t\t\tAlineaci\u00f3n de las estrategias empresariales e identificaci\u00f3n de los factores de valor\t\t\t<\/span>\n\t\t<\/a>\n\t<\/h5>\n<\/li>\n<li>\n\t<h5 class=\"qodef-tab-title\" role=\"tab\">\n\t\t<a href=\"#qodef-tab-b64f7ff\">\n\t\t\t<span class=\"q-text\">\n\t\t\t\tMarco para medir el rendimiento\t\t\t<\/span>\n\t\t<\/a>\n\t<\/h5>\n<\/li>\n<li>\n\t<h5 class=\"qodef-tab-title\" role=\"tab\">\n\t\t<a href=\"#qodef-tab-9c33c75\">\n\t\t\t<span class=\"q-text\">\n\t\t\t\tDesarrollo de m\u00e9tricas, cuadros de mando e informes\t\t\t<\/span>\n\t\t<\/a>\n\t<\/h5>\n<\/li>\n<li>\n\t<h5 class=\"qodef-tab-title\" role=\"tab\">\n\t\t<a href=\"#qodef-tab-ed21810\">\n\t\t\t<span class=\"q-text\">\n\t\t\t\tEvaluaci\u00f3n del rendimiento del bucle cerrado\t\t\t<\/span>\n\t\t<\/a>\n\t<\/h5>\n<\/li>\n<li>\n\t<h5 class=\"qodef-tab-title\" role=\"tab\">\n\t\t<a href=\"#qodef-tab-b20e975\">\n\t\t\t<span class=\"q-text\">\n\t\t\t\tCultura de las m\u00e9tricas de rendimiento\t\t\t<\/span>\n\t\t<\/a>\n\t<\/h5>\n<\/li>\n<li>\n\t<h5 class=\"qodef-tab-title\" role=\"tab\">\n\t\t<a href=\"#qodef-tab-6e0b706\">\n\t\t\t<span class=\"q-text\">\n\t\t\t\tDespliegue y control\t\t\t<\/span>\n\t\t<\/a>\n\t<\/h5>\n<\/li>\n<li>\n\t<h5 class=\"qodef-tab-title\" role=\"tab\">\n\t\t<a href=\"#qodef-tab-56f1aed\">\n\t\t\t<span class=\"q-text\">\n\t\t\t\tGesti\u00f3n de procesos empresariales (BPM)\t\t\t<\/span>\n\t\t<\/a>\n\t<\/h5>\n<\/li>\n\t<\/ul>\n\t<div class=\"qodef-tabs-vertical-content\" id=\"qodef-tab-14d8b92\">\n\t<p>Evaluamos la eficacia de sus procesos y los priorizamos de acuerdo con el plan de su empresa para identificar y priorizar los esfuerzos de mejora de los procesos en funci\u00f3n del valor empresarial y la preparaci\u00f3n de la organizaci\u00f3n.<\/p><p>Los procedimientos, la estructura organizativa, el personal y las soluciones tecnol\u00f3gicas de una empresa definen conjuntamente c\u00f3mo se realiza el trabajo y se aporta valor. Las empresas de categor\u00eda mundial eval\u00faan constantemente la eficacia de sus procesos operativos fundamentales para detectar problemas y mejorar el rendimiento.<\/p><p>Colaboramos con usted para evaluar el rendimiento y los niveles de madurez de todos los sectores operativos. Descubriremos los problemas de ra\u00edz, las principales oportunidades y las sugerencias para cada \u00e1rea operativa a trav\u00e9s de la l\u00ednea base de rendimiento y la evaluaci\u00f3n comparativa, el an\u00e1lisis de procesos, las entrevistas con la direcci\u00f3n y las sesiones de trabajo.<\/p><p>La evaluaci\u00f3n de procesos y la orientaci\u00f3n del valor es la forma m\u00e1s r\u00e1pida de aumentar el valor corporativo centr\u00e1ndose en las posibilidades de mayor valor a\u00f1adido en los procesos de alto impacto.<\/p><\/div>\n<div class=\"qodef-tabs-vertical-content\" id=\"qodef-tab-c799bc6\">\n\t<p>Las organizaciones y los trabajadores se han visto obligados a modificar dr\u00e1sticamente sus pr\u00e1cticas empresariales en los \u00faltimos a\u00f1os para adaptarse a las circunstancias cambiantes.<\/p><p>Tanto si estaban preparados como si no, la pandemia oblig\u00f3 a las empresas a cambiar o cerrar. Las empresas tuvieron que hacer la transici\u00f3n a modelos de trabajo remotos o h\u00edbridos, los restaurantes y las tiendas de comestibles tuvieron que incorporar opciones de entrega y transporte a domicilio, y todo el mundo tuvo que descubrir formas nuevas e imaginativas de interactuar. Cada una de estas tareas, se hayan dado cuenta o no, es un tipo de mejora de procesos.<\/p><p>La mejora de procesos es la identificaci\u00f3n, el an\u00e1lisis y la mejora proactiva de los flujos de trabajo existentes en su empresa. Para satisfacer la demanda de los consumidores, la mejora de procesos actualiza sus procesos e incorpora medidas de calidad.<\/p><p>A veces, los directivos de las empresas tienen dificultades para mejorar una o varias etapas min\u00fasculas de un proceso porque no se han analizado a fondo las implicaciones ascendentes o descendentes de las mejoras de sus procesos previstas. Esto puede llevar a la confusi\u00f3n del personal, a resultados confusos y a una disminuci\u00f3n de la eficiencia que se pretend\u00eda aumentar.<\/p><p>La gesti\u00f3n y la reingenier\u00eda de los procesos empresariales no es un camino f\u00e1cil, pero con una estructura s\u00f3lida y devoci\u00f3n, todas las empresas pueden beneficiarse de la transformaci\u00f3n de los procesos empresariales. Podemos ayudarle en su viaje.<\/p><\/div>\n<div class=\"qodef-tabs-vertical-content\" id=\"qodef-tab-a0c8a1b\">\n\t<p>La medici\u00f3n se utiliza para evaluar, comunicar, gestionar y mejorar el rendimiento de la empresa.<\/p><p>La estrategia de medici\u00f3n del rendimiento de Agile Corp Solutions, que incluye cuadros de mando, m\u00e9tricas y un sistema de medici\u00f3n del rendimiento de bucle cerrado, ayuda a las empresas a alinear las operaciones operativas con los objetivos empresariales estrat\u00e9gicos. Puede impulsar las decisiones y los comportamientos adecuados a lo largo de diversas actividades mediante el desarrollo y la ejecuci\u00f3n adecuados de las medidas.<\/p><p>Nuestros servicios de medici\u00f3n del rendimiento se combinan para ofrecer a los clientes soluciones integrales y espec\u00edficas.<\/p><\/div>\n<div class=\"qodef-tabs-vertical-content\" id=\"qodef-tab-7e23365\">\n\t<p>La visi\u00f3n y la estrategia son importantes para una medici\u00f3n eficaz del rendimiento. Las estrategias sirven para definir los objetivos de su organizaci\u00f3n, que posteriormente se utilizan para definir las medidas.<\/p><\/div>\n<div class=\"qodef-tabs-vertical-content\" id=\"qodef-tab-b64f7ff\">\n\t<p>Las organizaciones suelen evaluar el \u00e9xito de la empresa desde una perspectiva sesgada, como la productividad de los trabajadores o la utilizaci\u00f3n de la capacidad. El rendimiento debe evaluarse desde diversos \u00e1ngulos. Todos ellos son beneficiosos para el \u00e9xito estrat\u00e9gico de la empresa.<\/p><\/div>\n<div class=\"qodef-tabs-vertical-content\" id=\"qodef-tab-9c33c75\">\n\t<p>Colaboramos con usted para establecer KPI que sean procesables, controlados y repetibles en relaci\u00f3n con sus principales iniciativas empresariales. Tambi\u00e9n creamos cuadros de mando e informes para ayudar a las partes interesadas a entender las m\u00e9tricas.<\/p><\/div>\n<div class=\"qodef-tabs-vertical-content\" id=\"qodef-tab-ed21810\">\n\t<p>Un enfoque de medici\u00f3n del rendimiento de bucle cerrado traduce las medidas en acciones. Describe todo el proceso de recogida, evaluaci\u00f3n y utilizaci\u00f3n de los datos de rendimiento.<\/p><\/div>\n<div class=\"qodef-tabs-vertical-content\" id=\"qodef-tab-b20e975\">\n\t<p>Es fundamental para el \u00e9xito desarrollar la aceptaci\u00f3n por parte de la organizaci\u00f3n de las filosof\u00edas y marcos de medici\u00f3n del rendimiento. La medici\u00f3n del rendimiento se integra en su cultura empresarial como parte de nuestro enfoque de gesti\u00f3n del cambio.<\/p><\/div>\n<div class=\"qodef-tabs-vertical-content\" id=\"qodef-tab-6e0b706\">\n\t<p>La creaci\u00f3n de una cultura de mejora continua es esencial para la aplicaci\u00f3n eficaz de cualquier esfuerzo de medici\u00f3n del rendimiento. La supervisi\u00f3n continua del rendimiento permite a los trabajadores de todos los niveles de su organizaci\u00f3n comprender lo que pueden hacer para contribuir al cumplimiento de los objetivos estrat\u00e9gicos y, al mismo tiempo, mejorar el rendimiento empresarial.<\/p><\/div>\n<div class=\"qodef-tabs-vertical-content\" id=\"qodef-tab-56f1aed\">\n\t<p>Los procesos desempe\u00f1an un papel fundamental a la hora de ayudar a las empresas a alcanzar su estrategia empresarial, alineando los recursos, la tecnolog\u00eda y las estructuras de apoyo hacia la consecuci\u00f3n de los objetivos empresariales previstos y\/o la creaci\u00f3n de una ventaja competitiva.<\/p><p>El BPM es un estilo y una t\u00e9cnica de gesti\u00f3n disciplinada que proporciona conocimiento, visibilidad y control de los procesos de principio a fin, al tiempo que mantiene una comunicaci\u00f3n eficaz en toda la empresa.<\/p><\/div>\n<\/div>\n\t\t\t\t<\/div>\n\t\t\t\t<\/div>\n\t\t\t\t\t<\/div>\n\t\t<\/div>\n\t\t\t\t\t<\/div>\n\t\t<\/section>\n\t\t\t\t<section class=\"elementor-section elementor-top-section elementor-element elementor-element-2ebed2b5 elementor-section-boxed elementor-section-height-default elementor-section-height-default\" data-id=\"2ebed2b5\" data-element_type=\"section\">\n\t\t\t\t\t\t<div class=\"elementor-container elementor-column-gap-default\">\n\t\t\t\t\t<div class=\"elementor-column elementor-col-100 elementor-top-column elementor-element elementor-element-de76163\" data-id=\"de76163\" data-element_type=\"column\">\n\t\t\t<div class=\"elementor-widget-wrap elementor-element-populated\">\n\t\t\t\t\t\t<div class=\"elementor-element elementor-element-7a298813 elementor-invisible elementor-widget elementor-widget-heading\" data-id=\"7a298813\" data-element_type=\"widget\" data-settings=\"{&quot;_animation&quot;:&quot;fadeIn&quot;}\" data-widget_type=\"heading.default\">\n\t\t\t\t<div class=\"elementor-widget-container\">\n\t\t\t\t\t<h3 class=\"elementor-heading-title elementor-size-default\">Soluciones<\/h3>\t\t\t\t<\/div>\n\t\t\t\t<\/div>\n\t\t\t\t<div class=\"elementor-element elementor-element-384347d9 elementor-widget__width-initial elementor-widget-tablet__width-initial elementor-widget-mobile__width-inherit elementor-invisible elementor-widget elementor-widget-qi_addons_for_elementor_banner\" data-id=\"384347d9\" data-element_type=\"widget\" data-settings=\"{&quot;_animation&quot;:&quot;fadeIn&quot;}\" data-widget_type=\"qi_addons_for_elementor_banner.default\">\n\t\t\t\t<div class=\"elementor-widget-container\">\n\t\t\t\t\t<div class=\"qodef-shortcode qodef-m qodef-qi-banner qodef-layout--in-box qodef-vertical--bottom qodef-horizontal--left qodef-image--hover-zoom\">\n\t<div class=\"qodef-m-image\">\n\t<img fetchpriority=\"high\" decoding=\"async\" width=\"650\" height=\"650\" src=\"https:\/\/agile-mediacorp.com\/wp-content\/uploads\/2022\/10\/educacion1-650x650.png\" class=\"attachment-qi_addons_for_elementor_image_size_square size-qi_addons_for_elementor_image_size_square\" alt=\"\" srcset=\"https:\/\/agile-mediacorp.com\/wp-content\/uploads\/2022\/10\/educacion1-650x650.png 650w, https:\/\/agile-mediacorp.com\/wp-content\/uploads\/2022\/10\/educacion1-300x300.png 300w, https:\/\/agile-mediacorp.com\/wp-content\/uploads\/2022\/10\/educacion1-150x150.png 150w, https:\/\/agile-mediacorp.com\/wp-content\/uploads\/2022\/10\/educacion1-768x768.png 768w, https:\/\/agile-mediacorp.com\/wp-content\/uploads\/2022\/10\/educacion1-12x12.png 12w, https:\/\/agile-mediacorp.com\/wp-content\/uploads\/2022\/10\/educacion1.png 800w\" sizes=\"(max-width: 650px) 100vw, 650px\" \/><\/div>\n\t<div class=\"qodef-m-content\">\n\t\t<div class=\"qodef-m-content-inner\">\n\t\t\t\t\t\t\t<h5 class=\"qodef-m-title\">\n\t\tEducaci\u00f3n\t<\/h5>\n\t\t\t\t\t\t\t\t<\/div>\n\t<\/div>\n\t\t<a itemprop=\"url\" href=\"https:\/\/agile-mediacorp.com\/es\/educacion-2-2\/\" class=\"qodef-m-banner-link\" target=\"_self\"><\/a>\n<\/div>\n\t\t\t\t<\/div>\n\t\t\t\t<\/div>\n\t\t\t\t<div class=\"elementor-element elementor-element-738b988 elementor-widget__width-initial elementor-widget-tablet__width-initial elementor-widget-mobile__width-inherit elementor-invisible elementor-widget elementor-widget-qi_addons_for_elementor_banner\" data-id=\"738b988\" data-element_type=\"widget\" data-settings=\"{&quot;_animation&quot;:&quot;fadeIn&quot;}\" data-widget_type=\"qi_addons_for_elementor_banner.default\">\n\t\t\t\t<div class=\"elementor-widget-container\">\n\t\t\t\t\t<div class=\"qodef-shortcode qodef-m qodef-qi-banner qodef-layout--in-box qodef-vertical--bottom qodef-horizontal--left qodef-image--hover-zoom\">\n\t<div class=\"qodef-m-image\">\n\t<img decoding=\"async\" width=\"650\" height=\"650\" src=\"https:\/\/agile-mediacorp.com\/wp-content\/uploads\/2022\/10\/financial1-650x650.png\" class=\"attachment-qi_addons_for_elementor_image_size_square size-qi_addons_for_elementor_image_size_square\" alt=\"\" srcset=\"https:\/\/agile-mediacorp.com\/wp-content\/uploads\/2022\/10\/financial1-650x650.png 650w, https:\/\/agile-mediacorp.com\/wp-content\/uploads\/2022\/10\/financial1-300x300.png 300w, https:\/\/agile-mediacorp.com\/wp-content\/uploads\/2022\/10\/financial1-150x150.png 150w, https:\/\/agile-mediacorp.com\/wp-content\/uploads\/2022\/10\/financial1-768x768.png 768w, https:\/\/agile-mediacorp.com\/wp-content\/uploads\/2022\/10\/financial1-12x12.png 12w, https:\/\/agile-mediacorp.com\/wp-content\/uploads\/2022\/10\/financial1.png 800w\" sizes=\"(max-width: 650px) 100vw, 650px\" \/><\/div>\n\t<div class=\"qodef-m-content\">\n\t\t<div class=\"qodef-m-content-inner\">\n\t\t\t\t\t\t\t<h5 class=\"qodef-m-title\">\n\t\tFinanciero \t<\/h5>\n\t\t\t\t\t\t\t\t<\/div>\n\t<\/div>\n\t\t<a itemprop=\"url\" href=\"https:\/\/agile-mediacorp.com\/es\/servicios-financieros\/\" class=\"qodef-m-banner-link\" target=\"_self\"><\/a>\n<\/div>\n\t\t\t\t<\/div>\n\t\t\t\t<\/div>\n\t\t\t\t<div class=\"elementor-element elementor-element-b66ccd5 elementor-widget__width-initial elementor-widget-tablet__width-initial elementor-widget-mobile__width-inherit elementor-invisible elementor-widget elementor-widget-qi_addons_for_elementor_banner\" data-id=\"b66ccd5\" data-element_type=\"widget\" data-settings=\"{&quot;_animation&quot;:&quot;fadeIn&quot;}\" data-widget_type=\"qi_addons_for_elementor_banner.default\">\n\t\t\t\t<div class=\"elementor-widget-container\">\n\t\t\t\t\t<div class=\"qodef-shortcode qodef-m qodef-qi-banner qodef-layout--in-box qodef-vertical--bottom qodef-horizontal--left qodef-image--hover-zoom\">\n\t<div class=\"qodef-m-image\">\n\t<img decoding=\"async\" width=\"650\" height=\"650\" src=\"https:\/\/agile-mediacorp.com\/wp-content\/uploads\/2022\/10\/gobiernos1-650x650.png\" class=\"attachment-qi_addons_for_elementor_image_size_square size-qi_addons_for_elementor_image_size_square\" alt=\"\" srcset=\"https:\/\/agile-mediacorp.com\/wp-content\/uploads\/2022\/10\/gobiernos1-650x650.png 650w, https:\/\/agile-mediacorp.com\/wp-content\/uploads\/2022\/10\/gobiernos1-300x300.png 300w, https:\/\/agile-mediacorp.com\/wp-content\/uploads\/2022\/10\/gobiernos1-150x150.png 150w, https:\/\/agile-mediacorp.com\/wp-content\/uploads\/2022\/10\/gobiernos1-768x768.png 768w, https:\/\/agile-mediacorp.com\/wp-content\/uploads\/2022\/10\/gobiernos1-12x12.png 12w, https:\/\/agile-mediacorp.com\/wp-content\/uploads\/2022\/10\/gobiernos1.png 800w\" sizes=\"(max-width: 650px) 100vw, 650px\" \/><\/div>\n\t<div class=\"qodef-m-content\">\n\t\t<div class=\"qodef-m-content-inner\">\n\t\t\t\t\t\t\t<h5 class=\"qodef-m-title\">\n\t\tGobierno\t<\/h5>\n\t\t\t\t\t\t\t\t<\/div>\n\t<\/div>\n\t\t<a itemprop=\"url\" href=\"https:\/\/agile-mediacorp.com\/es\/gobierno\/\" class=\"qodef-m-banner-link\" target=\"_self\"><\/a>\n<\/div>\n\t\t\t\t<\/div>\n\t\t\t\t<\/div>\n\t\t\t\t<div class=\"elementor-element elementor-element-2fd015d5 elementor-widget__width-initial elementor-widget-tablet__width-initial elementor-widget-mobile__width-inherit elementor-invisible elementor-widget elementor-widget-qi_addons_for_elementor_banner\" data-id=\"2fd015d5\" data-element_type=\"widget\" data-settings=\"{&quot;_animation&quot;:&quot;fadeIn&quot;}\" data-widget_type=\"qi_addons_for_elementor_banner.default\">\n\t\t\t\t<div class=\"elementor-widget-container\">\n\t\t\t\t\t<div class=\"qodef-shortcode qodef-m qodef-qi-banner qodef-layout--in-box qodef-vertical--bottom qodef-horizontal--left qodef-image--hover-zoom\">\n\t<div class=\"qodef-m-image\">\n\t<img loading=\"lazy\" decoding=\"async\" width=\"650\" height=\"650\" src=\"https:\/\/agile-mediacorp.com\/wp-content\/uploads\/2022\/10\/healtcare1-650x650.png\" class=\"attachment-qi_addons_for_elementor_image_size_square size-qi_addons_for_elementor_image_size_square\" alt=\"\" srcset=\"https:\/\/agile-mediacorp.com\/wp-content\/uploads\/2022\/10\/healtcare1-650x650.png 650w, https:\/\/agile-mediacorp.com\/wp-content\/uploads\/2022\/10\/healtcare1-300x300.png 300w, https:\/\/agile-mediacorp.com\/wp-content\/uploads\/2022\/10\/healtcare1-150x150.png 150w, https:\/\/agile-mediacorp.com\/wp-content\/uploads\/2022\/10\/healtcare1-768x768.png 768w, https:\/\/agile-mediacorp.com\/wp-content\/uploads\/2022\/10\/healtcare1-12x12.png 12w, https:\/\/agile-mediacorp.com\/wp-content\/uploads\/2022\/10\/healtcare1.png 800w\" sizes=\"(max-width: 650px) 100vw, 650px\" \/><\/div>\n\t<div class=\"qodef-m-content\">\n\t\t<div class=\"qodef-m-content-inner\">\n\t\t\t\t\t\t\t<h5 class=\"qodef-m-title\">\n\t\tSalud\t<\/h5>\n\t\t\t\t\t\t\t\t<\/div>\n\t<\/div>\n\t\t<a itemprop=\"url\" href=\"https:\/\/agile-mediacorp.com\/es\/salud-2\/\" class=\"qodef-m-banner-link\" target=\"_self\"><\/a>\n<\/div>\n\t\t\t\t<\/div>\n\t\t\t\t<\/div>\n\t\t\t\t\t<\/div>\n\t\t<\/div>\n\t\t\t\t\t<\/div>\n\t\t<\/section>\n\t\t\t\t<section class=\"elementor-section elementor-top-section elementor-element elementor-element-1f8b013b elementor-section-full_width elementor-section-height-default elementor-section-height-default\" data-id=\"1f8b013b\" data-element_type=\"section\">\n\t\t\t\t\t\t<div class=\"elementor-container elementor-column-gap-default\">\n\t\t\t\t\t<div class=\"elementor-column elementor-col-100 elementor-top-column elementor-element elementor-element-11024ca5\" data-id=\"11024ca5\" data-element_type=\"column\">\n\t\t\t<div class=\"elementor-widget-wrap elementor-element-populated\">\n\t\t\t\t\t\t<div class=\"elementor-element elementor-element-28cac99b elementor-invisible elementor-widget elementor-widget-qi_addons_for_elementor_call_to_action\" data-id=\"28cac99b\" data-element_type=\"widget\" data-settings=\"{&quot;_animation&quot;:&quot;fadeIn&quot;}\" data-widget_type=\"qi_addons_for_elementor_call_to_action.default\">\n\t\t\t\t<div class=\"elementor-widget-container\">\n\t\t\t\t\t<div class=\"qodef-shortcode qodef-m qodef-qi-call-to-action qodef-layout--standard qodef-button-below--680\">\n\t<div class=\"qodef-m-inner\">\n\t\t<div class=\"qodef-m-content\">\n\t\t\t<h4 class=\"qodef-m-title\">\n\t\t\tP\u00f3ngase en contacto con nosotros para que podamos ofrecerle la ayuda que necesita.\t\t<\/h4>\n\t\t<\/div>\n\t\t\t<div class=\"qodef-m-button\">\n\t\t<a class=\"qodef-shortcode qodef-m qodef-qi-button qodef-html--link qodef-layout--filled qodef-type--standard qodef-size--small qodef-icon--left\" href=\"https:\/\/agile-mediacorp.com\/es\/contacto\/\" target=\"_self\">\t<span class=\"qodef-m-text\">Contacto<\/span>\t<\/a>\t<\/div>\n\t\t\t<\/div>\n<\/div>\n\t\t\t\t<\/div>\n\t\t\t\t<\/div>\n\t\t\t\t\t<\/div>\n\t\t<\/div>\n\t\t\t\t\t<\/div>\n\t\t<\/section>\n\t\t\t\t<\/div>","protected":false},"excerpt":{"rendered":"<p>Operational and Process Excellence We work with you to enhance, transform, or automate your processes, as well as optimize essential competencies and value streams to reach your company goals. Your company&#8217;s operations and procedures are critical to its capacity to create value and bring you where you want to go. Our Operational Excellence expertise assists [&hellip;]<\/p>","protected":false},"author":4,"featured_media":0,"parent":0,"menu_order":0,"comment_status":"closed","ping_status":"closed","template":"elementor_header_footer","meta":{"footnotes":""},"class_list":["post-289","page","type-page","status-publish","hentry"],"_links":{"self":[{"href":"https:\/\/agile-mediacorp.com\/es\/wp-json\/wp\/v2\/pages\/289","targetHints":{"allow":["GET"]}}],"collection":[{"href":"https:\/\/agile-mediacorp.com\/es\/wp-json\/wp\/v2\/pages"}],"about":[{"href":"https:\/\/agile-mediacorp.com\/es\/wp-json\/wp\/v2\/types\/page"}],"author":[{"embeddable":true,"href":"https:\/\/agile-mediacorp.com\/es\/wp-json\/wp\/v2\/users\/4"}],"replies":[{"embeddable":true,"href":"https:\/\/agile-mediacorp.com\/es\/wp-json\/wp\/v2\/comments?post=289"}],"version-history":[{"count":37,"href":"https:\/\/agile-mediacorp.com\/es\/wp-json\/wp\/v2\/pages\/289\/revisions"}],"predecessor-version":[{"id":1471,"href":"https:\/\/agile-mediacorp.com\/es\/wp-json\/wp\/v2\/pages\/289\/revisions\/1471"}],"wp:attachment":[{"href":"https:\/\/agile-mediacorp.com\/es\/wp-json\/wp\/v2\/media?parent=289"}],"curies":[{"name":"wp","href":"https:\/\/api.w.org\/{rel}","templated":true}]}}