{"id":3,"date":"2022-09-23T15:29:46","date_gmt":"2022-09-23T15:29:46","guid":{"rendered":"https:\/\/agile-mediacorp.com\/?page_id=3"},"modified":"2024-11-22T17:18:34","modified_gmt":"2024-11-22T17:18:34","slug":"privacy-policy","status":"publish","type":"page","link":"https:\/\/agile-mediacorp.com\/es\/politica-de-privacidad\/","title":{"rendered":"Pol\u00edtica de privacidad"},"content":{"rendered":"<div data-elementor-type=\"wp-page\" data-elementor-id=\"3\" class=\"elementor elementor-3\" data-elementor-post-type=\"page\">\n\t\t\t\t\t\t<section class=\"elementor-section elementor-top-section elementor-element elementor-element-63071c98 elementor-section-full_width elementor-section-height-default elementor-section-height-default elementor-invisible\" data-id=\"63071c98\" data-element_type=\"section\" data-settings=\"{&quot;background_background&quot;:&quot;classic&quot;,&quot;animation&quot;:&quot;fadeIn&quot;}\">\n\t\t\t\t\t\t\t<div class=\"elementor-background-overlay\"><\/div>\n\t\t\t\t\t\t\t<div class=\"elementor-container elementor-column-gap-default\">\n\t\t\t\t\t<div class=\"elementor-column elementor-col-100 elementor-top-column elementor-element elementor-element-3ab5d650\" data-id=\"3ab5d650\" data-element_type=\"column\">\n\t\t\t<div class=\"elementor-widget-wrap elementor-element-populated\">\n\t\t\t\t\t\t<div class=\"elementor-element elementor-element-4bb87b1f elementor-invisible elementor-widget elementor-widget-heading\" data-id=\"4bb87b1f\" data-element_type=\"widget\" data-settings=\"{&quot;_animation&quot;:&quot;fadeIn&quot;}\" data-widget_type=\"heading.default\">\n\t\t\t\t<div class=\"elementor-widget-container\">\n\t\t\t\t\t<h1 class=\"elementor-heading-title elementor-size-default\">POL\u00cdTICA DE PRIVACIDAD<\/h1>\t\t\t\t<\/div>\n\t\t\t\t<\/div>\n\t\t\t\t\t<\/div>\n\t\t<\/div>\n\t\t\t\t\t<\/div>\n\t\t<\/section>\n\t\t\t\t<section class=\"elementor-section elementor-top-section elementor-element elementor-element-3478e80b elementor-reverse-mobile elementor-section-boxed elementor-section-height-default elementor-section-height-default\" data-id=\"3478e80b\" data-element_type=\"section\">\n\t\t\t\t\t\t<div class=\"elementor-container elementor-column-gap-default\">\n\t\t\t\t\t<div class=\"elementor-column elementor-col-100 elementor-top-column elementor-element elementor-element-10bbb702\" data-id=\"10bbb702\" data-element_type=\"column\">\n\t\t\t<div class=\"elementor-widget-wrap elementor-element-populated\">\n\t\t\t\t\t\t<div class=\"elementor-element elementor-element-d65bfa7 elementor-widget elementor-widget-text-editor\" data-id=\"d65bfa7\" data-element_type=\"widget\" data-widget_type=\"text-editor.default\">\n\t\t\t\t<div class=\"elementor-widget-container\">\n\t\t\t\t\t\t\t\t\t<p>\u00daltima actualizaci\u00f3n: 22 de septiembre<sup>nd<\/sup>, 2022<\/p><p>AGILE CORP SOLUTIONS (\"nosotros\", \"nuestro\", \"nos\", o \"AGILE CORP SOLUTIONS\") respeta la privacidad de sus usuarios y se compromete plenamente a proteger sus datos personales y a utilizarlos siguiendo las leyes de privacidad de datos. Esta pol\u00edtica de privacidad describe c\u00f3mo recogemos, utilizamos y procesamos cualquier dato personal que obtenemos de usted -o que usted nos proporciona- en relaci\u00f3n con su uso de nuestro sitio web <a href=\"http:\/\/www.agilecorp.com\">www.agilecorp.com<\/a> o nuestras aplicaciones m\u00f3viles y nuestros servicios de impresi\u00f3n bajo demanda (colectivamente, \"Servicios\"). Al acceder o utilizar nuestros Servicios, usted indica que entiende los t\u00e9rminos establecidos en esta Pol\u00edtica de Privacidad.<\/p><p>No recopilamos, mantenemos, revelamos o vendemos conscientemente informaci\u00f3n personal sobre usuarios menores de edad seg\u00fan la jurisdicci\u00f3n. Si es usted menor de edad, le rogamos que no utilice nuestros Servicios. Si es menor de edad y ha utilizado nuestros Servicios, p\u00f3ngase en contacto con nosotros en la direcci\u00f3n de correo electr\u00f3nico que aparece a continuaci\u00f3n para que podamos eliminar su informaci\u00f3n personal.<\/p><p>Si usted utiliza nuestros Servicios \u00fanicamente para su uso personal, se le considerar\u00e1 como el \"Usuario\" y para el Reglamento General de Protecci\u00f3n de Datos, nosotros somos el controlador de datos.<\/p><p>Si usted utiliza nuestros Servicios para ejecutar pedidos y entregar productos a terceros, se le debe considerar como el \"Comerciante\" y sobre sus detalles de contacto y los otros datos enumerados en la Secci\u00f3n 1 a continuaci\u00f3n, somos el controlador de datos. Cuando actuamos en nombre de un Comerciante para cumplir con un pedido relacionado con el cliente del Comerciante, somos un procesador de datos: consulte nuestra <span style=\"color: #008080\"><a style=\"color: #008080\" href=\"https:\/\/www.printful.com\/policies\/data-processing-terms\">T\u00e9rminos de procesamiento de datos.<\/a><\/span><\/p><p>Tenga en cuenta que, aunque nuestros Servicios pueden contener enlaces a otros sitios web o servicios, no somos responsables de las pr\u00e1cticas de privacidad de cada sitio web o servicio respectivo y le recomendamos que sea consciente de ello cuando abandone nuestros Servicios y que lea detenidamente las declaraciones de privacidad de cada sitio web y servicio que visite. Esta pol\u00edtica de privacidad no se aplica a los sitios web y servicios de terceros. Si desea ponerse en contacto con AGILE CORP SOLUTIONS en relaci\u00f3n con sus datos personales o con esta Pol\u00edtica de Privacidad, p\u00f3ngase en contacto con nosotros en <span style=\"color: #008080\"><a class=\"external-link\" href=\"mailto:scrum_consultas@agile-mediacorp.com\" rel=\"nofollow\">scrum_consultas@agile-mediacorp.com<\/a>.<\/span><\/p><ol><li><strong> Informaci\u00f3n que recopilamos<\/strong><\/li><li><strong> Informaci\u00f3n recopilada sobre usuarios y comerciantes y c\u00f3mo la utilizamos<\/strong><\/li><\/ol><p>Cuando usted es un Usuario y es necesario para cumplir nuestro contrato con usted para proporcionar, mantener o mejorar nuestros productos y Servicios (incluyendo, en la medida permitida por la ley aplicable, cualquier asunto en nuestros intereses leg\u00edtimos en relaci\u00f3n con los Servicios), con\ufb01rmaremos su identidad, nos pondremos en contacto con usted, le proporcionaremos atenci\u00f3n al cliente (incluso a trav\u00e9s del chat, en la secci\u00f3n de comentarios de nuestro blog, u otras plataformas, donde puede llegar a nosotros), operaremos su cuenta con nosotros y le facturaremos. Para los fines mencionados, recopilamos informaci\u00f3n que puede contener los siguientes datos personales:<\/p><p>Nombre<\/p><p>Nombre de la empresa; Informaci\u00f3n de env\u00edo;<\/p><p>Direcci\u00f3n de correo electr\u00f3nico y n\u00famero de tel\u00e9fono;<\/p><p>Informaci\u00f3n de pago y facturaci\u00f3n (detalles del m\u00e9todo de pago, primer y \u00faltimo d\u00edgito de su tarjeta de pago);<\/p><p>Informaci\u00f3n sobre la gesti\u00f3n de pedidos<\/p><p>Si has dado tu consentimiento al registrar tu cuenta, al suscribirte a nuestro bolet\u00edn de noticias o blog, o has compartido tu direcci\u00f3n de correo electr\u00f3nico u otros datos personales con nosotros para recibir cualquier otra informaci\u00f3n (por ejemplo, nuestra lista de subprocesadores), procesaremos tu direcci\u00f3n de correo electr\u00f3nico para enviarte los materiales informativos y\/o promocionales, a los que te has suscrito, por ejemplo, boletines de noticias, anuncios de nuestros Servicios y otra informaci\u00f3n sobre nuestros Servicios que hayas solicitado. En cualquier momento, puede darse de baja de la recepci\u00f3n de la informaci\u00f3n antes mencionada en nuestros pies de p\u00e1gina de correo electr\u00f3nico y a trav\u00e9s de su configuraci\u00f3n de noti\ufb01caci\u00f3n en AGILE CORP SOLUTIONS.\u00a0 En el caso de los comerciantes, no utilizaremos los datos de contacto de sus clientes para comercializar o publicitar directamente nuestros servicios.<\/p><p>Cuando usted llama a nuestra l\u00ednea telef\u00f3nica de atenci\u00f3n al cliente, podemos supervisar o grabar la llamada para garantizar la calidad de nuestra atenci\u00f3n al cliente. Si tiene una cuenta de AGILE CORP SOLUTIONS, conservaremos la grabaci\u00f3n mientras tenga una cuenta. Si no tiene una cuenta, eliminaremos la grabaci\u00f3n en un plazo de 12 meses o la conservaremos si es necesaria para resolver disputas entre usted y nosotros.<\/p><p>Mediante el uso de cookies y tecnolog\u00eda similar en nuestro sitio web, podemos recopilar datos tales como informaci\u00f3n sobre su dispositivo, sus preferencias e informaci\u00f3n \ufb01lada durante su visita a nuestro sitio web, su interacci\u00f3n con el sitio web y otra informaci\u00f3n utilizada para actividades anal\u00edticas, de marketing y de orientaci\u00f3n (incluidas las visitas \u00fanicas, las visitas que regresan, la duraci\u00f3n de la sesi\u00f3n, las acciones realizadas en la p\u00e1gina web).<\/p><p style=\"background: white;margin: 0cm 0cm 12.75pt 0cm\"><span style=\"font-size: 11.0pt;font-family: 'Arial',sans-serif;color: #1b1b1b;letter-spacing: .1pt\">Como nos interesa leg\u00edtimamente garantizar la seguridad de nuestra red, darle acceso a nuestros servicios y mejorarlos, tambi\u00e9n recopilamos los siguientes datos t\u00e9cnicos de uso: C\u00f3mo y cu\u00e1ndo accede a su cuenta; informaci\u00f3n sobre el dispositivo y el navegador que utiliza; direcci\u00f3n IP y datos del dispositivo.<\/span><\/p><p>C\u00f3mo y cu\u00e1ndo accede a su cuenta; informaci\u00f3n sobre el dispositivo y el navegador que utiliza; direcci\u00f3n IP y datos del dispositivo.<\/p><ol><li><strong> Informaci\u00f3n recopilada sobre los clientes de nuestros comerciantes<\/strong><\/li><\/ol><p>Cuando actuamos en nombre de un Comerciante para cumplir\ufb01l un pedido sobre el cliente del Comerciante (es decir, un usuario final de nuestros Servicios), somos un procesador de datos y recopilamos informaci\u00f3n relacionada con el cliente del Comerciante, como los datos personales relacionados con el usuario final de nuestros Servicios, cualquier dato personal en el contenido de la impresi\u00f3n (cuando sea aplicable), los datos personales revelados durante el uso de cualquier servicio de AGILE CORP SOLUTIONS, incluyendo el nombre, la direcci\u00f3n de correo electr\u00f3nico, el n\u00famero de tel\u00e9fono, la direcci\u00f3n de env\u00edo y otra informaci\u00f3n sobre los clientes del Comerciante.<\/p><p>Si usted es un cliente del Comerciante (un usuario final de nuestros Servicios), el Comerciante es el controlador de datos sobre sus datos personales y debe proporcionarle la informaci\u00f3n sobre c\u00f3mo se recogen y procesan sus datos personales al utilizar nuestros Servicios. Por favor, lea la pol\u00edtica de privacidad del Comerciante para m\u00e1s informaci\u00f3n. El Comerciante es su contacto para cualquier pregunta que tenga sobre c\u00f3mo maneja sus datos personales.<\/p><ol start=\"2\"><li><strong> Compartir datos personales con terceros<\/strong><\/li><\/ol><p>Para que AGILE CORP SOLUTIONS le proporcione nuestros Servicios, trabajamos con terceros (\"Terceros Proveedores de Servicios\") con los que compartimos datos personales para apoyar estos Servicios.<\/p><p>La informaci\u00f3n que nos ha proporcionado durante el uso de nuestros Servicios, incluidos los datos t\u00e9cnicos de uso, se comparte con terceros que proporcionan servicios de alojamiento y coubicaci\u00f3n de servidores, as\u00ed como servicios de datos y ciberseguridad.<\/p><p>La informaci\u00f3n que nos ha proporcionado durante el uso de nuestros Servicios puede ser compartida con servicios de fabricaci\u00f3n de terceros a los que contratamos para proporcionar cualquier Servicio.<\/p><p>Su direcci\u00f3n de correo electr\u00f3nico y otros datos de contacto que nos ha proporcionado, as\u00ed como los mensajes que env\u00eda a nuestro servicio de atenci\u00f3n al cliente, se comparten con proveedores de sistemas de comunicaci\u00f3n, distribuci\u00f3n de correo electr\u00f3nico, entrega de contenidos y atenci\u00f3n al cliente.<\/p><p>La informaci\u00f3n relativa a sus compras y pagos se comparte con servicios de facturaci\u00f3n y procesamiento de pagos, servicios de detecci\u00f3n y prevenci\u00f3n de fraudes, contabilidad y asesores financieros.<\/p><p>La informaci\u00f3n relativa a su uso de nuestro sitio web y otra informaci\u00f3n recibida de las cookies y tecnolog\u00edas similares se comparte con servicios de an\u00e1lisis web, registro de sesiones y marketing en l\u00ednea.<\/p><p>La informaci\u00f3n sobre su cuenta, sus compras y sus preferencias puede ser compartida con servicios de marketing.<\/p><p>En la medida en que sea razonablemente necesario para defender nuestros derechos legales, podemos compartir sus datos personales con nuestros asesores legales.<\/p><p>S\u00f3lo compartiremos los datos personales con Terceros Proveedores de Servicios que se hayan comprometido a cumplir con las obligaciones establecidas en las leyes de protecci\u00f3n de datos aplicables.<\/p><p>En determinadas circunstancias, estamos obligados a compartir informaci\u00f3n con terceros para cumplir con requisitos o solicitudes legales y proteger nuestros intereses legales o los de terceros. Tambi\u00e9n divulgaremos su informaci\u00f3n a terceros dentro y fuera de su pa\u00eds s\u00f3lo en la medida permitida por la legislaci\u00f3n aplicable, incluyendo:<\/p><p>A un posible comprador o a un comprador que adquiera la totalidad o la pr\u00e1ctica totalidad de nosotros o de nuestro negocio;<\/p><p>a un tercero si vendemos o compramos alg\u00fan negocio o nos fusionamos, en cuyo caso podemos revelar su informaci\u00f3n al posible comprador de dicho negocio; y a un tercero si vendemos, compramos, nos fusionamos o nos asociamos con otras empresas o negocios, nos sometemos a una reorganizaci\u00f3n, quiebra o liquidaci\u00f3n; o realizamos una transacci\u00f3n comercial o vendemos algunos o todos nuestros activos. En tales transacciones, su informaci\u00f3n puede estar entre los activos transferidos.<\/p><ol start=\"3\"><li><strong> Periodos de conservaci\u00f3n<\/strong><\/li><\/ol><p>Podemos conservar sus datos personales mientras tenga una cuenta de AGILE CORP SOLUTIONS o siga existiendo alguna de las bases legales mencionadas para el tratamiento de datos personales. Por ejemplo, si se da de baja de nuestros correos electr\u00f3nicos de marketing, boletines o blogs, dejaremos de procesar los datos personales para tales fines. Si ha utilizado nuestros Servicios sin crear una cuenta de AGILE CORP SOLUTIONS, conservaremos sus datos personales durante el tiempo necesario para cumplir con nuestra obligaci\u00f3n legal de conservar la informaci\u00f3n relacionada con la prestaci\u00f3n de servicios, por ejemplo, a efectos fiscales.<\/p><p>Despu\u00e9s de terminar su relaci\u00f3n con nosotros borrando su cuenta de AGILE CORP SOLUTIONS o dejando de utilizar nuestros servicios, podemos seguir almacenando copias de sus datos personales (y, en lo que respecta a los comerciantes, los de sus clientes) seg\u00fan sea necesario para cumplir con nuestras obligaciones legales, para resolver disputas entre usted y nosotros (o usted y sus clientes), para prevenir el fraude y el abuso, para hacer cumplir nuestros acuerdos, y \/ o para proteger nuestros intereses leg\u00edtimos (en la medida en que la ley aplicable nos permita seguir almacenando copias para proteger nuestros intereses leg\u00edtimos).<\/p><ol start=\"4\"><li><strong> Derechos del interesado<\/strong><\/li><\/ol><p>Tiene derecho a solicitar el acceso a sus datos personales; en determinadas circunstancias, a corregir, modificar, eliminar o restringir el uso de sus datos personales accediendo a su cuenta de AGILE CORP SOLUTIONS o poni\u00e9ndose en contacto con nosotros a trav\u00e9s de la informaci\u00f3n de contacto que se proporciona a continuaci\u00f3n. Adem\u00e1s, puede oponerse al tratamiento de sus datos personales en algunas circunstancias (en particular, cuando no estemos obligados a tratar sus datos para cumplir con los requisitos contractuales u otros requisitos legales). Estos derechos pueden verse limitados, por ejemplo, si el cumplimiento de su solicitud revelara datos personales de otra persona, o si nos pide que eliminemos informaci\u00f3n que la ley nos obliga a conservar, que la ley nos permite conservar o que tenemos un inter\u00e9s leg\u00edtimo imperioso en conservar (en la medida en que la legislaci\u00f3n aplicable nos permita conservar dicha informaci\u00f3n bas\u00e1ndonos en nuestros intereses leg\u00edtimos)<\/p><p>Adem\u00e1s, si cree que hemos procesado ilegalmente sus datos personales, tiene derecho a presentar una queja a la informaci\u00f3n de contacto proporcionada a continuaci\u00f3n, o a su respectiva autoridad supervisora de la protecci\u00f3n de datos. Si es usted cliente de un comerciante (un usuario final de nuestros servicios), dirija su preocupaci\u00f3n al comerciante correspondiente en primera instancia.<\/p><ol start=\"5\"><li><strong> Seguridad de la informaci\u00f3n<\/strong><\/li><\/ol><p>Intentamos utilizar medidas organizativas, t\u00e9cnicas y administrativas razonables para proteger la con\ufb01dencialidad, integridad y disponibilidad de los datos personales. Le animamos a que cuide los datos personales que tiene en su poder y que procesa en l\u00ednea y a que establezca contrase\u00f1as seguras para su cuenta de AGILE CORP SOLUTIONS, a que limite el acceso a su ordenador y a su navegador cerrando la sesi\u00f3n y a que evite proporcionarnos cualquier informaci\u00f3n sensible.<\/p><ol start=\"6\"><li><strong> Cambios en la pol\u00edtica de privacidad<\/strong><\/li><\/ol><p>Cualquier cambio que hagamos en esta pol\u00edtica de privacidad en el futuro se publicar\u00e1 en esta p\u00e1gina. Por lo tanto, le recomendamos que consulte esta p\u00e1gina con frecuencia de vez en cuando.<\/p><ol start=\"7\"><li><strong> Informaci\u00f3n de contacto<\/strong><\/li><\/ol><p>Si tiene alguna pregunta sobre sus datos personales o sobre esta pol\u00edtica de privacidad, o si desea presentar una queja sobre el tratamiento de sus datos personales, p\u00f3ngase en contacto con nosotros por correo electr\u00f3nico en <a class=\"external-link\" href=\"mailto:scrum_consultas@agile-mediacorp.com\" rel=\"nofollow\">scrum_consultas@agile-mediacorp.com<\/a><\/p>\t\t\t\t\t\t\t\t<\/div>\n\t\t\t\t<\/div>\n\t\t\t\t\t<\/div>\n\t\t<\/div>\n\t\t\t\t\t<\/div>\n\t\t<\/section>\n\t\t\t\t<\/div>","protected":false},"excerpt":{"rendered":"<p>PRIVACY POLICY Last update: September 22nd, 2022 AGILE CORP SOLUTIONS (\u201cwe\u201d, \u201cour\u201d, \u201cus\u201d, or \u201cAGILE CORP SOLUTIONS\u201d) respects the privacy of its users and is fully committed to protecting their personal data and using it following data privacy laws. This Privacy Policy describes how we collect, use, and process any personal data that we collect [&hellip;]<\/p>","protected":false},"author":4,"featured_media":0,"parent":0,"menu_order":0,"comment_status":"closed","ping_status":"open","template":"elementor_header_footer","meta":{"footnotes":""},"class_list":["post-3","page","type-page","status-publish","hentry"],"_links":{"self":[{"href":"https:\/\/agile-mediacorp.com\/es\/wp-json\/wp\/v2\/pages\/3","targetHints":{"allow":["GET"]}}],"collection":[{"href":"https:\/\/agile-mediacorp.com\/es\/wp-json\/wp\/v2\/pages"}],"about":[{"href":"https:\/\/agile-mediacorp.com\/es\/wp-json\/wp\/v2\/types\/page"}],"author":[{"embeddable":true,"href":"https:\/\/agile-mediacorp.com\/es\/wp-json\/wp\/v2\/users\/4"}],"replies":[{"embeddable":true,"href":"https:\/\/agile-mediacorp.com\/es\/wp-json\/wp\/v2\/comments?post=3"}],"version-history":[{"count":24,"href":"https:\/\/agile-mediacorp.com\/es\/wp-json\/wp\/v2\/pages\/3\/revisions"}],"predecessor-version":[{"id":2134,"href":"https:\/\/agile-mediacorp.com\/es\/wp-json\/wp\/v2\/pages\/3\/revisions\/2134"}],"wp:attachment":[{"href":"https:\/\/agile-mediacorp.com\/es\/wp-json\/wp\/v2\/media?parent=3"}],"curies":[{"name":"wp","href":"https:\/\/api.w.org\/{rel}","templated":true}]}}