{"id":314,"date":"2022-10-04T14:17:15","date_gmt":"2022-10-04T14:17:15","guid":{"rendered":"https:\/\/agile-mediacorp.com\/?page_id=314"},"modified":"2022-10-06T19:44:30","modified_gmt":"2022-10-06T19:44:30","slug":"enterprise-portfolio-and-program-management","status":"publish","type":"page","link":"https:\/\/agile-mediacorp.com\/es\/gestion-de-carteras-y-programas-empresariales\/","title":{"rendered":"Gesti\u00f3n de carteras y programas empresariales"},"content":{"rendered":"<div data-elementor-type=\"wp-page\" data-elementor-id=\"314\" class=\"elementor elementor-314\" data-elementor-post-type=\"page\">\n\t\t\t\t\t\t<section class=\"elementor-section elementor-top-section elementor-element elementor-element-58b2459 elementor-section-full_width elementor-section-height-default elementor-section-height-default elementor-invisible\" data-id=\"58b2459\" data-element_type=\"section\" data-settings=\"{&quot;background_background&quot;:&quot;classic&quot;,&quot;animation&quot;:&quot;fadeIn&quot;}\">\n\t\t\t\t\t\t\t<div class=\"elementor-background-overlay\"><\/div>\n\t\t\t\t\t\t\t<div class=\"elementor-container elementor-column-gap-default\">\n\t\t\t\t\t<div class=\"elementor-column elementor-col-100 elementor-top-column elementor-element elementor-element-6e6d2894\" data-id=\"6e6d2894\" data-element_type=\"column\">\n\t\t\t<div class=\"elementor-widget-wrap elementor-element-populated\">\n\t\t\t\t\t\t<div class=\"elementor-element elementor-element-60af13f0 elementor-invisible elementor-widget elementor-widget-heading\" data-id=\"60af13f0\" data-element_type=\"widget\" data-settings=\"{&quot;_animation&quot;:&quot;fadeIn&quot;}\" data-widget_type=\"heading.default\">\n\t\t\t\t<div class=\"elementor-widget-container\">\n\t\t\t\t\t<h1 class=\"elementor-heading-title elementor-size-default\">Gesti\u00f3n de carteras y programas empresariales<\/h1>\t\t\t\t<\/div>\n\t\t\t\t<\/div>\n\t\t\t\t\t<\/div>\n\t\t<\/div>\n\t\t\t\t\t<\/div>\n\t\t<\/section>\n\t\t\t\t<section class=\"elementor-section elementor-top-section elementor-element elementor-element-7211611f elementor-reverse-mobile elementor-section-boxed elementor-section-height-default elementor-section-height-default\" data-id=\"7211611f\" data-element_type=\"section\">\n\t\t\t\t\t\t<div class=\"elementor-container elementor-column-gap-default\">\n\t\t\t\t\t<div class=\"elementor-column elementor-col-100 elementor-top-column elementor-element elementor-element-644a105c\" data-id=\"644a105c\" data-element_type=\"column\">\n\t\t\t<div class=\"elementor-widget-wrap elementor-element-populated\">\n\t\t\t\t\t\t<div class=\"elementor-element elementor-element-8a7aa0a elementor-invisible elementor-widget elementor-widget-text-editor\" data-id=\"8a7aa0a\" data-element_type=\"widget\" data-settings=\"{&quot;_animation&quot;:&quot;fadeIn&quot;}\" data-widget_type=\"text-editor.default\">\n\t\t\t\t<div class=\"elementor-widget-container\">\n\t\t\t\t\t\t\t\t\t<p><em>La creaci\u00f3n y ejecuci\u00f3n del producto o servicio de una empresa puede ser una aventura arriesgada. Adem\u00e1s, la cantidad de perturbaciones y la velocidad de los cambios en las empresas actuales es cada vez mayor, lo que ejerce presi\u00f3n sobre su capacidad para ejecutar proyectos estrat\u00e9gicos.<\/em><\/p><p>La gesti\u00f3n de carteras y programas empresariales (EPPM) ha pasado de ser una funci\u00f3n de apoyo dentro de las empresas a convertirse en una competencia empresarial clave centrada en la ejecuci\u00f3n de la estrategia de principio a fin y en la generaci\u00f3n de valor para ayudar a las empresas a afrontar estos retos.<\/p><p>Las tareas de EPPM, como la gesti\u00f3n de la cartera de proyectos, la gesti\u00f3n de programas y los servicios de consultor\u00eda de gesti\u00f3n de proyectos, son cruciales para alinear, priorizar, gestionar y controlar las iniciativas de cambio en toda la empresa.<\/p><p>A la hora de superar dificultades complejas, Enterprise Portfolio and Program Management ofrece una integraci\u00f3n perfecta, innovaci\u00f3n de productos y una gesti\u00f3n de riesgos y toma de decisiones superiores. Nuestro objetivo es ayudar a nuestros clientes a completar tareas dif\u00edciles.<\/p><p>A continuaci\u00f3n le explicamos c\u00f3mo podemos ayudarle a mejorar sus funciones empresariales de gesti\u00f3n de carteras, proyectos y programas:<\/p>\t\t\t\t\t\t\t\t<\/div>\n\t\t\t\t<\/div>\n\t\t\t\t\t<\/div>\n\t\t<\/div>\n\t\t\t\t\t<\/div>\n\t\t<\/section>\n\t\t\t\t<section class=\"elementor-section elementor-top-section elementor-element elementor-element-7a470d9a elementor-section-boxed elementor-section-height-default elementor-section-height-default\" data-id=\"7a470d9a\" data-element_type=\"section\">\n\t\t\t\t\t\t<div class=\"elementor-container elementor-column-gap-default\">\n\t\t\t\t\t<div class=\"elementor-column elementor-col-100 elementor-top-column elementor-element elementor-element-2eaceb32\" data-id=\"2eaceb32\" data-element_type=\"column\">\n\t\t\t<div class=\"elementor-widget-wrap elementor-element-populated\">\n\t\t\t\t\t\t<div class=\"elementor-element elementor-element-67b37835 elementor-invisible elementor-widget elementor-widget-qi_addons_for_elementor_tabs_vertical\" data-id=\"67b37835\" data-element_type=\"widget\" data-settings=\"{&quot;_animation&quot;:&quot;fadeIn&quot;}\" data-widget_type=\"qi_addons_for_elementor_tabs_vertical.default\">\n\t\t\t\t<div class=\"elementor-widget-container\">\n\t\t\t\t\t<div class=\"qodef-shortcode qodef-m qodef-qi-tabs-vertical qodef-qi-clear qodef-layout--simple qodef-responsive--680 qodef-title-hover--sideline-draw qodef-title-sideline-from-top\">\n\t<ul class=\"qodef-tabs-vertical-navigation\">\n\t\t<li>\n\t<h5 class=\"qodef-tab-title\" role=\"tab\">\n\t\t<a href=\"#qodef-tab-14d8b92\">\n\t\t\t<span class=\"q-text\">\n\t\t\t\tFormaci\u00f3n, evaluaci\u00f3n y planificaci\u00f3n del EPPM\t\t\t<\/span>\n\t\t<\/a>\n\t<\/h5>\n<\/li>\n<li>\n\t<h5 class=\"qodef-tab-title\" role=\"tab\">\n\t\t<a href=\"#qodef-tab-c799bc6\">\n\t\t\t<span class=\"q-text\">\n\t\t\t\tFormaci\u00f3n, evaluaci\u00f3n y planificaci\u00f3n del EPPM\t\t\t<\/span>\n\t\t<\/a>\n\t<\/h5>\n<\/li>\n<li>\n\t<h5 class=\"qodef-tab-title\" role=\"tab\">\n\t\t<a href=\"#qodef-tab-a0c8a1b\">\n\t\t\t<span class=\"q-text\">\n\t\t\t\tServicios para la ejecuci\u00f3n y entrega de EPPM\t\t\t<\/span>\n\t\t<\/a>\n\t<\/h5>\n<\/li>\n\t<\/ul>\n\t<div class=\"qodef-tabs-vertical-content\" id=\"qodef-tab-14d8b92\">\n\t<p>Nuestro equipo de consultores de gesti\u00f3n de programas y especialistas en EPPM puede ayudarle a identificar oportunidades para aumentar la madurez y la alineaci\u00f3n de sus capacidades de EPPM con el fin de permitir la agilidad del negocio y la realizaci\u00f3n del valor.<\/p><p>Colaboran y comparten de forma significativa los resultados, colaborando con los clientes en una hoja de ruta de capacidades EPPM procesables para apoyar proyectos de madurez y mejora continuos.<\/p><\/div>\n<div class=\"qodef-tabs-vertical-content\" id=\"qodef-tab-c799bc6\">\n\t<p>A la hora de desarrollar o mejorar las capacidades de EPPM, no existe una soluci\u00f3n \u00fanica. Para obtener los mejores resultados, se necesita la soluci\u00f3n organizativa y la preparaci\u00f3n del proyecto m\u00e1s eficaces.<\/p><p>Colaboramos con usted para desarrollar o reforzar las competencias de EPPM, como la gesti\u00f3n de carteras, la alineaci\u00f3n y planificaci\u00f3n de estrategias, la admisi\u00f3n, la gobernanza de programas y proyectos, la elaboraci\u00f3n de informes, las metodolog\u00edas de entrega \u00e1gil, la selecci\u00f3n y el despliegue de herramientas y la formaci\u00f3n de l\u00edderes de entrega.<\/p><\/div>\n<div class=\"qodef-tabs-vertical-content\" id=\"qodef-tab-a0c8a1b\">\n\t<p>Nuestro equipo de consultor\u00eda de gesti\u00f3n de proyectos trabajar\u00e1 con usted para ejecutar sus iniciativas m\u00e1s esenciales, ya sean nuevas, de bajo rendimiento o que no cumplan con las nuevas necesidades.<\/p><p>Nuestras personas cualificadas son agentes de cambio experimentados con s\u00f3lidos conocimientos empresariales y tecnol\u00f3gicos, as\u00ed como con experiencia en consultor\u00eda de gesti\u00f3n. Se integran sin esfuerzo en su empresa y su cultura para crear un plan de EPPM que produzca resultados.<\/p><\/div>\n<\/div>\n\t\t\t\t<\/div>\n\t\t\t\t<\/div>\n\t\t\t\t\t<\/div>\n\t\t<\/div>\n\t\t\t\t\t<\/div>\n\t\t<\/section>\n\t\t\t\t<section class=\"elementor-section elementor-top-section elementor-element elementor-element-239b3559 elementor-section-boxed elementor-section-height-default elementor-section-height-default\" data-id=\"239b3559\" data-element_type=\"section\">\n\t\t\t\t\t\t<div class=\"elementor-container elementor-column-gap-default\">\n\t\t\t\t\t<div class=\"elementor-column elementor-col-100 elementor-top-column elementor-element elementor-element-528de8\" data-id=\"528de8\" data-element_type=\"column\">\n\t\t\t<div class=\"elementor-widget-wrap elementor-element-populated\">\n\t\t\t\t\t\t<div class=\"elementor-element elementor-element-1f419e45 elementor-invisible elementor-widget elementor-widget-heading\" data-id=\"1f419e45\" data-element_type=\"widget\" data-settings=\"{&quot;_animation&quot;:&quot;fadeIn&quot;}\" data-widget_type=\"heading.default\">\n\t\t\t\t<div class=\"elementor-widget-container\">\n\t\t\t\t\t<h3 class=\"elementor-heading-title elementor-size-default\">Soluciones<\/h3>\t\t\t\t<\/div>\n\t\t\t\t<\/div>\n\t\t\t\t<div class=\"elementor-element elementor-element-6a15d91d elementor-widget__width-initial elementor-widget-tablet__width-initial elementor-widget-mobile__width-inherit elementor-invisible elementor-widget elementor-widget-qi_addons_for_elementor_banner\" data-id=\"6a15d91d\" data-element_type=\"widget\" data-settings=\"{&quot;_animation&quot;:&quot;fadeIn&quot;}\" data-widget_type=\"qi_addons_for_elementor_banner.default\">\n\t\t\t\t<div class=\"elementor-widget-container\">\n\t\t\t\t\t<div class=\"qodef-shortcode qodef-m qodef-qi-banner qodef-layout--in-box qodef-vertical--bottom qodef-horizontal--left qodef-image--hover-zoom\">\n\t<div class=\"qodef-m-image\">\n\t<img fetchpriority=\"high\" decoding=\"async\" width=\"650\" height=\"650\" src=\"https:\/\/agile-mediacorp.com\/wp-content\/uploads\/2022\/10\/educacion1-650x650.png\" class=\"attachment-qi_addons_for_elementor_image_size_square size-qi_addons_for_elementor_image_size_square\" alt=\"\" srcset=\"https:\/\/agile-mediacorp.com\/wp-content\/uploads\/2022\/10\/educacion1-650x650.png 650w, https:\/\/agile-mediacorp.com\/wp-content\/uploads\/2022\/10\/educacion1-300x300.png 300w, https:\/\/agile-mediacorp.com\/wp-content\/uploads\/2022\/10\/educacion1-150x150.png 150w, https:\/\/agile-mediacorp.com\/wp-content\/uploads\/2022\/10\/educacion1-768x768.png 768w, https:\/\/agile-mediacorp.com\/wp-content\/uploads\/2022\/10\/educacion1-12x12.png 12w, https:\/\/agile-mediacorp.com\/wp-content\/uploads\/2022\/10\/educacion1.png 800w\" sizes=\"(max-width: 650px) 100vw, 650px\" \/><\/div>\n\t<div class=\"qodef-m-content\">\n\t\t<div class=\"qodef-m-content-inner\">\n\t\t\t\t\t\t\t<h5 class=\"qodef-m-title\">\n\t\tEducaci\u00f3n\t<\/h5>\n\t\t\t\t\t\t\t\t<\/div>\n\t<\/div>\n\t\t<a itemprop=\"url\" href=\"https:\/\/agile-mediacorp.com\/es\/educacion-2-2\/\" class=\"qodef-m-banner-link\" target=\"_self\"><\/a>\n<\/div>\n\t\t\t\t<\/div>\n\t\t\t\t<\/div>\n\t\t\t\t<div class=\"elementor-element elementor-element-5ab9ad2a elementor-widget__width-initial elementor-widget-tablet__width-initial elementor-widget-mobile__width-inherit elementor-invisible elementor-widget elementor-widget-qi_addons_for_elementor_banner\" data-id=\"5ab9ad2a\" data-element_type=\"widget\" data-settings=\"{&quot;_animation&quot;:&quot;fadeIn&quot;}\" data-widget_type=\"qi_addons_for_elementor_banner.default\">\n\t\t\t\t<div class=\"elementor-widget-container\">\n\t\t\t\t\t<div class=\"qodef-shortcode qodef-m qodef-qi-banner qodef-layout--in-box qodef-vertical--bottom qodef-horizontal--left qodef-image--hover-zoom\">\n\t<div class=\"qodef-m-image\">\n\t<img decoding=\"async\" width=\"650\" height=\"650\" src=\"https:\/\/agile-mediacorp.com\/wp-content\/uploads\/2022\/10\/financial1-650x650.png\" class=\"attachment-qi_addons_for_elementor_image_size_square size-qi_addons_for_elementor_image_size_square\" alt=\"\" srcset=\"https:\/\/agile-mediacorp.com\/wp-content\/uploads\/2022\/10\/financial1-650x650.png 650w, https:\/\/agile-mediacorp.com\/wp-content\/uploads\/2022\/10\/financial1-300x300.png 300w, https:\/\/agile-mediacorp.com\/wp-content\/uploads\/2022\/10\/financial1-150x150.png 150w, https:\/\/agile-mediacorp.com\/wp-content\/uploads\/2022\/10\/financial1-768x768.png 768w, https:\/\/agile-mediacorp.com\/wp-content\/uploads\/2022\/10\/financial1-12x12.png 12w, https:\/\/agile-mediacorp.com\/wp-content\/uploads\/2022\/10\/financial1.png 800w\" sizes=\"(max-width: 650px) 100vw, 650px\" \/><\/div>\n\t<div class=\"qodef-m-content\">\n\t\t<div class=\"qodef-m-content-inner\">\n\t\t\t\t\t\t\t<h5 class=\"qodef-m-title\">\n\t\tFinanciero \t<\/h5>\n\t\t\t\t\t\t\t\t<\/div>\n\t<\/div>\n\t\t<a itemprop=\"url\" href=\"https:\/\/agile-mediacorp.com\/es\/servicios-financieros\/\" class=\"qodef-m-banner-link\" target=\"_self\"><\/a>\n<\/div>\n\t\t\t\t<\/div>\n\t\t\t\t<\/div>\n\t\t\t\t<div class=\"elementor-element elementor-element-62510bd elementor-widget__width-initial elementor-widget-tablet__width-initial elementor-widget-mobile__width-inherit elementor-invisible elementor-widget elementor-widget-qi_addons_for_elementor_banner\" data-id=\"62510bd\" data-element_type=\"widget\" data-settings=\"{&quot;_animation&quot;:&quot;fadeIn&quot;}\" data-widget_type=\"qi_addons_for_elementor_banner.default\">\n\t\t\t\t<div class=\"elementor-widget-container\">\n\t\t\t\t\t<div class=\"qodef-shortcode qodef-m qodef-qi-banner qodef-layout--in-box qodef-vertical--bottom qodef-horizontal--left qodef-image--hover-zoom\">\n\t<div class=\"qodef-m-image\">\n\t<img decoding=\"async\" width=\"650\" height=\"650\" src=\"https:\/\/agile-mediacorp.com\/wp-content\/uploads\/2022\/10\/gobiernos1-650x650.png\" class=\"attachment-qi_addons_for_elementor_image_size_square size-qi_addons_for_elementor_image_size_square\" alt=\"\" srcset=\"https:\/\/agile-mediacorp.com\/wp-content\/uploads\/2022\/10\/gobiernos1-650x650.png 650w, https:\/\/agile-mediacorp.com\/wp-content\/uploads\/2022\/10\/gobiernos1-300x300.png 300w, https:\/\/agile-mediacorp.com\/wp-content\/uploads\/2022\/10\/gobiernos1-150x150.png 150w, https:\/\/agile-mediacorp.com\/wp-content\/uploads\/2022\/10\/gobiernos1-768x768.png 768w, https:\/\/agile-mediacorp.com\/wp-content\/uploads\/2022\/10\/gobiernos1-12x12.png 12w, https:\/\/agile-mediacorp.com\/wp-content\/uploads\/2022\/10\/gobiernos1.png 800w\" sizes=\"(max-width: 650px) 100vw, 650px\" \/><\/div>\n\t<div class=\"qodef-m-content\">\n\t\t<div class=\"qodef-m-content-inner\">\n\t\t\t\t\t\t\t<h5 class=\"qodef-m-title\">\n\t\tGobierno\t<\/h5>\n\t\t\t\t\t\t\t\t<\/div>\n\t<\/div>\n\t\t<a itemprop=\"url\" href=\"https:\/\/agile-mediacorp.com\/es\/gobierno\/\" class=\"qodef-m-banner-link\" target=\"_self\"><\/a>\n<\/div>\n\t\t\t\t<\/div>\n\t\t\t\t<\/div>\n\t\t\t\t<div class=\"elementor-element elementor-element-1a8a72f0 elementor-widget__width-initial elementor-widget-tablet__width-initial elementor-widget-mobile__width-inherit elementor-invisible elementor-widget elementor-widget-qi_addons_for_elementor_banner\" data-id=\"1a8a72f0\" data-element_type=\"widget\" data-settings=\"{&quot;_animation&quot;:&quot;fadeIn&quot;}\" data-widget_type=\"qi_addons_for_elementor_banner.default\">\n\t\t\t\t<div class=\"elementor-widget-container\">\n\t\t\t\t\t<div class=\"qodef-shortcode qodef-m qodef-qi-banner qodef-layout--in-box qodef-vertical--bottom qodef-horizontal--left qodef-image--hover-zoom\">\n\t<div class=\"qodef-m-image\">\n\t<img loading=\"lazy\" decoding=\"async\" width=\"650\" height=\"650\" src=\"https:\/\/agile-mediacorp.com\/wp-content\/uploads\/2022\/10\/healtcare1-650x650.png\" class=\"attachment-qi_addons_for_elementor_image_size_square size-qi_addons_for_elementor_image_size_square\" alt=\"\" srcset=\"https:\/\/agile-mediacorp.com\/wp-content\/uploads\/2022\/10\/healtcare1-650x650.png 650w, https:\/\/agile-mediacorp.com\/wp-content\/uploads\/2022\/10\/healtcare1-300x300.png 300w, https:\/\/agile-mediacorp.com\/wp-content\/uploads\/2022\/10\/healtcare1-150x150.png 150w, https:\/\/agile-mediacorp.com\/wp-content\/uploads\/2022\/10\/healtcare1-768x768.png 768w, https:\/\/agile-mediacorp.com\/wp-content\/uploads\/2022\/10\/healtcare1-12x12.png 12w, https:\/\/agile-mediacorp.com\/wp-content\/uploads\/2022\/10\/healtcare1.png 800w\" sizes=\"(max-width: 650px) 100vw, 650px\" \/><\/div>\n\t<div class=\"qodef-m-content\">\n\t\t<div class=\"qodef-m-content-inner\">\n\t\t\t\t\t\t\t<h5 class=\"qodef-m-title\">\n\t\tSalud\t<\/h5>\n\t\t\t\t\t\t\t\t<\/div>\n\t<\/div>\n\t\t<a itemprop=\"url\" href=\"https:\/\/agile-mediacorp.com\/es\/salud-2\/\" class=\"qodef-m-banner-link\" target=\"_self\"><\/a>\n<\/div>\n\t\t\t\t<\/div>\n\t\t\t\t<\/div>\n\t\t\t\t\t<\/div>\n\t\t<\/div>\n\t\t\t\t\t<\/div>\n\t\t<\/section>\n\t\t\t\t<section class=\"elementor-section elementor-top-section elementor-element elementor-element-1f8b013b elementor-section-full_width elementor-section-height-default elementor-section-height-default\" data-id=\"1f8b013b\" data-element_type=\"section\">\n\t\t\t\t\t\t<div class=\"elementor-container elementor-column-gap-default\">\n\t\t\t\t\t<div class=\"elementor-column elementor-col-100 elementor-top-column elementor-element elementor-element-11024ca5\" data-id=\"11024ca5\" data-element_type=\"column\">\n\t\t\t<div class=\"elementor-widget-wrap elementor-element-populated\">\n\t\t\t\t\t\t<div class=\"elementor-element elementor-element-28cac99b elementor-invisible elementor-widget elementor-widget-qi_addons_for_elementor_call_to_action\" data-id=\"28cac99b\" data-element_type=\"widget\" data-settings=\"{&quot;_animation&quot;:&quot;fadeIn&quot;}\" data-widget_type=\"qi_addons_for_elementor_call_to_action.default\">\n\t\t\t\t<div class=\"elementor-widget-container\">\n\t\t\t\t\t<div class=\"qodef-shortcode qodef-m qodef-qi-call-to-action qodef-layout--standard qodef-button-below--680\">\n\t<div class=\"qodef-m-inner\">\n\t\t<div class=\"qodef-m-content\">\n\t\t\t<h4 class=\"qodef-m-title\">\n\t\t\tP\u00f3ngase en contacto con nosotros para que podamos ofrecerle la ayuda que necesita.\t\t<\/h4>\n\t\t<\/div>\n\t\t\t<div class=\"qodef-m-button\">\n\t\t<a class=\"qodef-shortcode qodef-m qodef-qi-button qodef-html--link qodef-layout--filled qodef-type--standard qodef-size--small qodef-icon--left\" href=\"https:\/\/agile-mediacorp.com\/es\/contacto\/\" target=\"_self\">\t<span class=\"qodef-m-text\">Contacto<\/span>\t<\/a>\t<\/div>\n\t\t\t<\/div>\n<\/div>\n\t\t\t\t<\/div>\n\t\t\t\t<\/div>\n\t\t\t\t\t<\/div>\n\t\t<\/div>\n\t\t\t\t\t<\/div>\n\t\t<\/section>\n\t\t\t\t<\/div>","protected":false},"excerpt":{"rendered":"<p>Enterprise Portfolio and Program Management The creation and execution of a company&#8217;s product or service can be a risky venture. Furthermore, the amount of disruption and velocity of change in today&#8217;s businesses is growing, placing pressure on their capacity to execute strategic projects. Enterprise Portfolio and Program Management (EPPM) has developed from a supporting role [&hellip;]<\/p>","protected":false},"author":4,"featured_media":0,"parent":0,"menu_order":0,"comment_status":"closed","ping_status":"closed","template":"elementor_header_footer","meta":{"footnotes":""},"class_list":["post-314","page","type-page","status-publish","hentry"],"_links":{"self":[{"href":"https:\/\/agile-mediacorp.com\/es\/wp-json\/wp\/v2\/pages\/314","targetHints":{"allow":["GET"]}}],"collection":[{"href":"https:\/\/agile-mediacorp.com\/es\/wp-json\/wp\/v2\/pages"}],"about":[{"href":"https:\/\/agile-mediacorp.com\/es\/wp-json\/wp\/v2\/types\/page"}],"author":[{"embeddable":true,"href":"https:\/\/agile-mediacorp.com\/es\/wp-json\/wp\/v2\/users\/4"}],"replies":[{"embeddable":true,"href":"https:\/\/agile-mediacorp.com\/es\/wp-json\/wp\/v2\/comments?post=314"}],"version-history":[{"count":37,"href":"https:\/\/agile-mediacorp.com\/es\/wp-json\/wp\/v2\/pages\/314\/revisions"}],"predecessor-version":[{"id":1501,"href":"https:\/\/agile-mediacorp.com\/es\/wp-json\/wp\/v2\/pages\/314\/revisions\/1501"}],"wp:attachment":[{"href":"https:\/\/agile-mediacorp.com\/es\/wp-json\/wp\/v2\/media?parent=314"}],"curies":[{"name":"wp","href":"https:\/\/api.w.org\/{rel}","templated":true}]}}