{"id":352,"date":"2022-10-04T14:36:49","date_gmt":"2022-10-04T14:36:49","guid":{"rendered":"https:\/\/agile-mediacorp.com\/?page_id=352"},"modified":"2023-05-02T15:15:57","modified_gmt":"2023-05-02T15:15:57","slug":"operations","status":"publish","type":"page","link":"https:\/\/agile-mediacorp.com\/es\/operaciones\/","title":{"rendered":"Operaciones"},"content":{"rendered":"<div data-elementor-type=\"wp-page\" data-elementor-id=\"352\" class=\"elementor elementor-352\" data-elementor-post-type=\"page\">\n\t\t\t\t\t\t<section class=\"elementor-section elementor-top-section elementor-element elementor-element-58b2459 elementor-section-full_width elementor-section-height-default elementor-section-height-default elementor-invisible\" data-id=\"58b2459\" data-element_type=\"section\" data-settings=\"{&quot;background_background&quot;:&quot;classic&quot;,&quot;animation&quot;:&quot;fadeIn&quot;}\">\n\t\t\t\t\t\t\t<div class=\"elementor-background-overlay\"><\/div>\n\t\t\t\t\t\t\t<div class=\"elementor-container elementor-column-gap-default\">\n\t\t\t\t\t<div class=\"elementor-column elementor-col-100 elementor-top-column elementor-element elementor-element-6e6d2894\" data-id=\"6e6d2894\" data-element_type=\"column\">\n\t\t\t<div class=\"elementor-widget-wrap elementor-element-populated\">\n\t\t\t\t\t\t<div class=\"elementor-element elementor-element-60af13f0 elementor-invisible elementor-widget elementor-widget-heading\" data-id=\"60af13f0\" data-element_type=\"widget\" data-settings=\"{&quot;_animation&quot;:&quot;fadeIn&quot;}\" data-widget_type=\"heading.default\">\n\t\t\t\t<div class=\"elementor-widget-container\">\n\t\t\t\t\t<h1 class=\"elementor-heading-title elementor-size-default\">Operaciones<\/h1>\t\t\t\t<\/div>\n\t\t\t\t<\/div>\n\t\t\t\t\t<\/div>\n\t\t<\/div>\n\t\t\t\t\t<\/div>\n\t\t<\/section>\n\t\t\t\t<section class=\"elementor-section elementor-top-section elementor-element elementor-element-7211611f elementor-reverse-mobile elementor-section-boxed elementor-section-height-default elementor-section-height-default\" data-id=\"7211611f\" data-element_type=\"section\">\n\t\t\t\t\t\t<div class=\"elementor-container elementor-column-gap-default\">\n\t\t\t\t\t<div class=\"elementor-column elementor-col-100 elementor-top-column elementor-element elementor-element-644a105c\" data-id=\"644a105c\" data-element_type=\"column\">\n\t\t\t<div class=\"elementor-widget-wrap elementor-element-populated\">\n\t\t\t\t\t\t<div class=\"elementor-element elementor-element-8a7aa0a elementor-invisible elementor-widget elementor-widget-text-editor\" data-id=\"8a7aa0a\" data-element_type=\"widget\" data-settings=\"{&quot;_animation&quot;:&quot;fadeIn&quot;}\" data-widget_type=\"text-editor.default\">\n\t\t\t\t<div class=\"elementor-widget-container\">\n\t\t\t\t\t\t\t\t\t<p><em>Podemos ayudarle a desarrollar un programa integral sin restricciones para modernizar sus operaciones, desde el back office y el laboratorio de investigaci\u00f3n hasta la planta de producci\u00f3n y en toda su cadena de suministro. <\/em><\/p><p>Nos aseguraremos de que se concentre en oportunidades que optimicen la ventaja competitiva y profundicen el v\u00ednculo entre las operaciones y la estrategia.<\/p>\t\t\t\t\t\t\t\t<\/div>\n\t\t\t\t<\/div>\n\t\t\t\t\t<\/div>\n\t\t<\/div>\n\t\t\t\t\t<\/div>\n\t\t<\/section>\n\t\t\t\t<section class=\"elementor-section elementor-top-section elementor-element elementor-element-7a470d9a elementor-section-boxed elementor-section-height-default elementor-section-height-default\" data-id=\"7a470d9a\" data-element_type=\"section\">\n\t\t\t\t\t\t<div class=\"elementor-container elementor-column-gap-default\">\n\t\t\t\t\t<div class=\"elementor-column elementor-col-100 elementor-top-column elementor-element elementor-element-2eaceb32\" data-id=\"2eaceb32\" data-element_type=\"column\">\n\t\t\t<div class=\"elementor-widget-wrap elementor-element-populated\">\n\t\t\t\t\t\t<div class=\"elementor-element elementor-element-67b37835 elementor-invisible elementor-widget elementor-widget-qi_addons_for_elementor_tabs_vertical\" data-id=\"67b37835\" data-element_type=\"widget\" data-settings=\"{&quot;_animation&quot;:&quot;fadeIn&quot;}\" data-widget_type=\"qi_addons_for_elementor_tabs_vertical.default\">\n\t\t\t\t<div class=\"elementor-widget-container\">\n\t\t\t\t\t<div class=\"qodef-shortcode qodef-m qodef-qi-tabs-vertical qodef-qi-clear qodef-layout--simple qodef-responsive--680 qodef-title-hover--sideline-draw qodef-title-sideline-from-top\">\n\t<ul class=\"qodef-tabs-vertical-navigation\">\n\t\t<li>\n\t<h5 class=\"qodef-tab-title\" role=\"tab\">\n\t\t<a href=\"#qodef-tab-14d8b92\">\n\t\t\t<span class=\"q-text\">\n\t\t\t\tInnovaci\u00f3n en la cadena de suministro\t\t\t<\/span>\n\t\t<\/a>\n\t<\/h5>\n<\/li>\n<li>\n\t<h5 class=\"qodef-tab-title\" role=\"tab\">\n\t\t<a href=\"#qodef-tab-c799bc6\">\n\t\t\t<span class=\"q-text\">\n\t\t\t\tAdquisiciones\t\t\t<\/span>\n\t\t<\/a>\n\t<\/h5>\n<\/li>\n<li>\n\t<h5 class=\"qodef-tab-title\" role=\"tab\">\n\t\t<a href=\"#qodef-tab-a0c8a1b\">\n\t\t\t<span class=\"q-text\">\n\t\t\t\tOperaciones de servicio\t\t\t<\/span>\n\t\t<\/a>\n\t<\/h5>\n<\/li>\n<li>\n\t<h5 class=\"qodef-tab-title\" role=\"tab\">\n\t\t<a href=\"#qodef-tab-3d664db\">\n\t\t\t<span class=\"q-text\">\n\t\t\t\tFunciones de asistencia\t\t\t<\/span>\n\t\t<\/a>\n\t<\/h5>\n<\/li>\n<li>\n\t<h5 class=\"qodef-tab-title\" role=\"tab\">\n\t\t<a href=\"#qodef-tab-029a979\">\n\t\t\t<span class=\"q-text\">\n\t\t\t\tProducci\u00f3n y operaciones digitales\t\t\t<\/span>\n\t\t<\/a>\n\t<\/h5>\n<\/li>\n<li>\n\t<h5 class=\"qodef-tab-title\" role=\"tab\">\n\t\t<a href=\"#qodef-tab-a6102fa\">\n\t\t\t<span class=\"q-text\">\n\t\t\t\tDesarrollo e innovaci\u00f3n de productos\t\t\t<\/span>\n\t\t<\/a>\n\t<\/h5>\n<\/li>\n\t<\/ul>\n\t<div class=\"qodef-tabs-vertical-content\" id=\"qodef-tab-14d8b92\">\n\t<p>Transforme su cadena de suministro en un arma competitiva m\u00e1s digital, sostenible y s\u00f3lida que nunca.<\/p><p>La pandemia, los conflictos comerciales y las tormentas extremas son s\u00f3lo algunas de las recientes perturbaciones del mercado. Hoy en d\u00eda, todo el mundo reconoce la necesidad de contar con cadenas de suministro robustas y sostenibles. Pero esto no es nada nuevo para nuestra empresa. Llevamos d\u00e9cadas ayudando a nuestros clientes a conseguir estas cualidades.<\/p><\/div>\n<div class=\"qodef-tabs-vertical-content\" id=\"qodef-tab-c799bc6\">\n\t<p>Ayudamos a las empresas a desarrollar estrategias de abastecimiento a largo plazo.<\/p><p>Los departamentos de compras de categor\u00eda mundial pueden reducir los costes de compra de una empresa entre un 8% y un 12% de media, con un ahorro anual adicional del 2% al 3%. Colaboramos con su equipo para encontrar y generar ahorros en todas las categor\u00edas de gastos y palancas de compra, y mejoramos sus capacidades organizativas para que pueda mantener esos beneficios en el tiempo.<\/p><\/div>\n<div class=\"qodef-tabs-vertical-content\" id=\"qodef-tab-a0c8a1b\">\n\t<p>Equilibrar los objetivos de calidad, costes e ingresos al tiempo que se deleita a los consumidores y se motiva al personal.<\/p><p>Nos especializamos en crear y construir operaciones de servicio al cliente eficientes y exitosas que apoyen la adquisici\u00f3n, retenci\u00f3n, control de costos y rentabilidad de los clientes. Combinamos una amplia experiencia en an\u00e1lisis avanzados con mejores capacidades de dise\u00f1o para pasar r\u00e1pidamente del prototipo a la implementaci\u00f3n a gran escala.<\/p><p>Hemos ayudado a cientos de empresas a resolver una amplia gama de problemas relacionados con los servicios, como la reducci\u00f3n de vol\u00famenes de trabajo innecesarios, la mejora de las tarifas a la primera, la adecuaci\u00f3n de la persona adecuada al trabajo adecuado, la remodelaci\u00f3n de los requisitos de capacidad, el desarrollo de modelos de dotaci\u00f3n de personal, el redise\u00f1o radical para conseguir episodios r\u00e1pidos y sin fallos, y mucho m\u00e1s.<\/p><\/div>\n<div class=\"qodef-tabs-vertical-content\" id=\"qodef-tab-3d664db\">\n\t<p>Transforme sus funciones de apoyo para impulsar su expansi\u00f3n.<\/p><p>Vaya m\u00e1s all\u00e1 de la eficiencia y convi\u00e9rtase en un valioso socio empresarial. Colaboramos con TI, Finanzas, Recursos Humanos, Asesor\u00eda Jur\u00eddica, Gesti\u00f3n de Inmuebles e Instalaciones y otras \u00e1reas para aumentar la calidad, la rapidez y los costes, lo que proporciona a sus servicios de asistencia una ventaja competitiva.<\/p><\/div>\n<div class=\"qodef-tabs-vertical-content\" id=\"qodef-tab-029a979\">\n\t<p>Superar la complejidad, tomar decisiones m\u00e1s inteligentes y aprovechar las oportunidades de alto valor.<\/p><p>Podemos ayudarle a mejorar todos los aspectos de su negocio de fabricaci\u00f3n, desde la sala de juntas hasta el taller, mediante la creaci\u00f3n de una estrategia que abarca desde modificaciones espec\u00edficas hasta la reinvenci\u00f3n total de sus capacidades. Proporcionamos los conocimientos especializados, las herramientas, los diagn\u00f3sticos, los puntos de referencia, los especialistas de terceros y las mejores pr\u00e1cticas que necesita para obtener beneficios inmediatos mientras trabaja para alcanzar su objetivo a largo plazo.<\/p><\/div>\n<div class=\"qodef-tabs-vertical-content\" id=\"qodef-tab-a6102fa\">\n\t<p>La innovaci\u00f3n es la base del crecimiento rentable a largo plazo. Podemos ayudarle a flexionar sus m\u00fasculos de innovaci\u00f3n y lograr un salto cu\u00e1ntico en la eficacia del desarrollo de productos, la eficiencia de la ingenier\u00eda y la excelencia de la I+D.<\/p><p>Su \u00e9xito viene determinado por los nuevos art\u00edculos y servicios que introduce en el mercado. Para hacerlo con eficacia, necesita una cartera de innovaci\u00f3n bien gestionada, el modelo operativo de I+D adecuado, un planteamiento sistem\u00e1tico para reducir costes y complejidad, una astuta gesti\u00f3n del riesgo y otros factores.<\/p><\/div>\n<\/div>\n\t\t\t\t<\/div>\n\t\t\t\t<\/div>\n\t\t\t\t\t<\/div>\n\t\t<\/div>\n\t\t\t\t\t<\/div>\n\t\t<\/section>\n\t\t\t\t<section class=\"elementor-section elementor-top-section elementor-element elementor-element-4dbd7240 elementor-section-boxed elementor-section-height-default elementor-section-height-default\" data-id=\"4dbd7240\" data-element_type=\"section\">\n\t\t\t\t\t\t<div class=\"elementor-container elementor-column-gap-default\">\n\t\t\t\t\t<div class=\"elementor-column elementor-col-100 elementor-top-column elementor-element elementor-element-5ecfd1b\" data-id=\"5ecfd1b\" data-element_type=\"column\">\n\t\t\t<div class=\"elementor-widget-wrap elementor-element-populated\">\n\t\t\t\t\t\t<div class=\"elementor-element elementor-element-3de8b112 elementor-invisible elementor-widget elementor-widget-heading\" data-id=\"3de8b112\" data-element_type=\"widget\" data-settings=\"{&quot;_animation&quot;:&quot;fadeIn&quot;}\" data-widget_type=\"heading.default\">\n\t\t\t\t<div class=\"elementor-widget-container\">\n\t\t\t\t\t<h3 class=\"elementor-heading-title elementor-size-default\">Soluciones<\/h3>\t\t\t\t<\/div>\n\t\t\t\t<\/div>\n\t\t\t\t<div class=\"elementor-element elementor-element-78872010 elementor-widget__width-initial elementor-widget-tablet__width-initial elementor-widget-mobile__width-inherit elementor-invisible elementor-widget elementor-widget-qi_addons_for_elementor_banner\" data-id=\"78872010\" data-element_type=\"widget\" data-settings=\"{&quot;_animation&quot;:&quot;fadeIn&quot;}\" data-widget_type=\"qi_addons_for_elementor_banner.default\">\n\t\t\t\t<div class=\"elementor-widget-container\">\n\t\t\t\t\t<div class=\"qodef-shortcode qodef-m qodef-qi-banner qodef-layout--in-box qodef-vertical--bottom qodef-horizontal--left qodef-image--hover-zoom\">\n\t<div class=\"qodef-m-image\">\n\t<img fetchpriority=\"high\" decoding=\"async\" width=\"650\" height=\"650\" src=\"https:\/\/agile-mediacorp.com\/wp-content\/uploads\/2022\/10\/manufacturing1-650x650.png\" class=\"attachment-qi_addons_for_elementor_image_size_square size-qi_addons_for_elementor_image_size_square\" alt=\"\" srcset=\"https:\/\/agile-mediacorp.com\/wp-content\/uploads\/2022\/10\/manufacturing1-650x650.png 650w, https:\/\/agile-mediacorp.com\/wp-content\/uploads\/2022\/10\/manufacturing1-300x300.png 300w, https:\/\/agile-mediacorp.com\/wp-content\/uploads\/2022\/10\/manufacturing1-150x150.png 150w, https:\/\/agile-mediacorp.com\/wp-content\/uploads\/2022\/10\/manufacturing1-768x768.png 768w, https:\/\/agile-mediacorp.com\/wp-content\/uploads\/2022\/10\/manufacturing1-12x12.png 12w, https:\/\/agile-mediacorp.com\/wp-content\/uploads\/2022\/10\/manufacturing1.png 800w\" sizes=\"(max-width: 650px) 100vw, 650px\" \/><\/div>\n\t<div class=\"qodef-m-content\">\n\t\t<div class=\"qodef-m-content-inner\">\n\t\t\t\t\t\t\t<h5 class=\"qodef-m-title\">\n\t\tManufactura\t<\/h5>\n\t\t\t\t\t\t\t\t<\/div>\n\t<\/div>\n\t\t<a itemprop=\"url\" href=\"https:\/\/agile-mediacorp.com\/es\/manufactura\/\" class=\"qodef-m-banner-link\" target=\"_self\"><\/a>\n<\/div>\n\t\t\t\t<\/div>\n\t\t\t\t<\/div>\n\t\t\t\t<div class=\"elementor-element elementor-element-2c81b96b elementor-widget__width-initial elementor-widget-tablet__width-initial elementor-widget-mobile__width-inherit elementor-invisible elementor-widget elementor-widget-qi_addons_for_elementor_banner\" data-id=\"2c81b96b\" data-element_type=\"widget\" data-settings=\"{&quot;_animation&quot;:&quot;fadeIn&quot;}\" data-widget_type=\"qi_addons_for_elementor_banner.default\">\n\t\t\t\t<div class=\"elementor-widget-container\">\n\t\t\t\t\t<div class=\"qodef-shortcode qodef-m qodef-qi-banner qodef-layout--in-box qodef-vertical--bottom qodef-horizontal--left qodef-image--hover-zoom\">\n\t<div class=\"qodef-m-image\">\n\t<img decoding=\"async\" width=\"650\" height=\"650\" src=\"https:\/\/agile-mediacorp.com\/wp-content\/uploads\/2022\/10\/media1-650x650.png\" class=\"attachment-qi_addons_for_elementor_image_size_square size-qi_addons_for_elementor_image_size_square\" alt=\"\" srcset=\"https:\/\/agile-mediacorp.com\/wp-content\/uploads\/2022\/10\/media1-650x650.png 650w, https:\/\/agile-mediacorp.com\/wp-content\/uploads\/2022\/10\/media1-300x300.png 300w, https:\/\/agile-mediacorp.com\/wp-content\/uploads\/2022\/10\/media1-150x150.png 150w, https:\/\/agile-mediacorp.com\/wp-content\/uploads\/2022\/10\/media1-768x768.png 768w, https:\/\/agile-mediacorp.com\/wp-content\/uploads\/2022\/10\/media1-12x12.png 12w, https:\/\/agile-mediacorp.com\/wp-content\/uploads\/2022\/10\/media1.png 800w\" sizes=\"(max-width: 650px) 100vw, 650px\" \/><\/div>\n\t<div class=\"qodef-m-content\">\n\t\t<div class=\"qodef-m-content-inner\">\n\t\t\t\t\t\t\t<h5 class=\"qodef-m-title\">\n\t\tMedia\t<\/h5>\n\t\t\t\t\t\t\t\t<\/div>\n\t<\/div>\n\t\t<a itemprop=\"url\" href=\"https:\/\/agile-mediacorp.com\/es\/media\/\" class=\"qodef-m-banner-link\" target=\"_self\"><\/a>\n<\/div>\n\t\t\t\t<\/div>\n\t\t\t\t<\/div>\n\t\t\t\t<div class=\"elementor-element elementor-element-33cc6b5a elementor-widget__width-initial elementor-widget-tablet__width-initial elementor-widget-mobile__width-inherit elementor-invisible elementor-widget elementor-widget-qi_addons_for_elementor_banner\" data-id=\"33cc6b5a\" data-element_type=\"widget\" data-settings=\"{&quot;_animation&quot;:&quot;fadeIn&quot;}\" data-widget_type=\"qi_addons_for_elementor_banner.default\">\n\t\t\t\t<div class=\"elementor-widget-container\">\n\t\t\t\t\t<div class=\"qodef-shortcode qodef-m qodef-qi-banner qodef-layout--in-box qodef-vertical--bottom qodef-horizontal--left qodef-image--hover-zoom\">\n\t<div class=\"qodef-m-image\">\n\t<img decoding=\"async\" width=\"650\" height=\"650\" src=\"https:\/\/agile-mediacorp.com\/wp-content\/uploads\/2022\/10\/retail1-650x650.png\" class=\"attachment-qi_addons_for_elementor_image_size_square size-qi_addons_for_elementor_image_size_square\" alt=\"\" srcset=\"https:\/\/agile-mediacorp.com\/wp-content\/uploads\/2022\/10\/retail1-650x650.png 650w, https:\/\/agile-mediacorp.com\/wp-content\/uploads\/2022\/10\/retail1-300x300.png 300w, https:\/\/agile-mediacorp.com\/wp-content\/uploads\/2022\/10\/retail1-150x150.png 150w, https:\/\/agile-mediacorp.com\/wp-content\/uploads\/2022\/10\/retail1-768x768.png 768w, https:\/\/agile-mediacorp.com\/wp-content\/uploads\/2022\/10\/retail1-12x12.png 12w, https:\/\/agile-mediacorp.com\/wp-content\/uploads\/2022\/10\/retail1.png 800w\" sizes=\"(max-width: 650px) 100vw, 650px\" \/><\/div>\n\t<div class=\"qodef-m-content\">\n\t\t<div class=\"qodef-m-content-inner\">\n\t\t\t\t\t\t\t<h5 class=\"qodef-m-title\">\n\t\tMinoristas\t<\/h5>\n\t\t\t\t\t\t\t\t<\/div>\n\t<\/div>\n\t\t<a itemprop=\"url\" href=\"https:\/\/agile-mediacorp.com\/es\/minoristas\/\" class=\"qodef-m-banner-link\" target=\"_self\"><\/a>\n<\/div>\n\t\t\t\t<\/div>\n\t\t\t\t<\/div>\n\t\t\t\t<div class=\"elementor-element elementor-element-4607ff68 elementor-widget__width-initial elementor-widget-tablet__width-initial elementor-widget-mobile__width-inherit elementor-invisible elementor-widget elementor-widget-qi_addons_for_elementor_banner\" data-id=\"4607ff68\" data-element_type=\"widget\" data-settings=\"{&quot;_animation&quot;:&quot;fadeIn&quot;}\" data-widget_type=\"qi_addons_for_elementor_banner.default\">\n\t\t\t\t<div class=\"elementor-widget-container\">\n\t\t\t\t\t<div class=\"qodef-shortcode qodef-m qodef-qi-banner qodef-layout--in-box qodef-vertical--bottom qodef-horizontal--left qodef-image--hover-zoom\">\n\t<div class=\"qodef-m-image\">\n\t<img loading=\"lazy\" decoding=\"async\" width=\"650\" height=\"650\" src=\"https:\/\/agile-mediacorp.com\/wp-content\/uploads\/2022\/10\/software1-650x650.png\" class=\"attachment-qi_addons_for_elementor_image_size_square size-qi_addons_for_elementor_image_size_square\" alt=\"\" srcset=\"https:\/\/agile-mediacorp.com\/wp-content\/uploads\/2022\/10\/software1-650x650.png 650w, https:\/\/agile-mediacorp.com\/wp-content\/uploads\/2022\/10\/software1-300x300.png 300w, https:\/\/agile-mediacorp.com\/wp-content\/uploads\/2022\/10\/software1-150x150.png 150w, https:\/\/agile-mediacorp.com\/wp-content\/uploads\/2022\/10\/software1-768x768.png 768w, https:\/\/agile-mediacorp.com\/wp-content\/uploads\/2022\/10\/software1-12x12.png 12w, https:\/\/agile-mediacorp.com\/wp-content\/uploads\/2022\/10\/software1.png 800w\" sizes=\"(max-width: 650px) 100vw, 650px\" \/><\/div>\n\t<div class=\"qodef-m-content\">\n\t\t<div class=\"qodef-m-content-inner\">\n\t\t\t\t\t\t\t<h5 class=\"qodef-m-title\">\n\t\tSoftware\t<\/h5>\n\t\t\t\t\t\t\t\t<\/div>\n\t<\/div>\n\t\t<a itemprop=\"url\" href=\"https:\/\/agile-mediacorp.com\/es\/software\/\" class=\"qodef-m-banner-link\" target=\"_self\"><\/a>\n<\/div>\n\t\t\t\t<\/div>\n\t\t\t\t<\/div>\n\t\t\t\t\t<\/div>\n\t\t<\/div>\n\t\t\t\t\t<\/div>\n\t\t<\/section>\n\t\t\t\t<section class=\"elementor-section elementor-top-section elementor-element elementor-element-1f8b013b elementor-section-full_width elementor-section-height-default elementor-section-height-default\" data-id=\"1f8b013b\" data-element_type=\"section\">\n\t\t\t\t\t\t<div class=\"elementor-container elementor-column-gap-default\">\n\t\t\t\t\t<div class=\"elementor-column elementor-col-100 elementor-top-column elementor-element elementor-element-11024ca5\" data-id=\"11024ca5\" data-element_type=\"column\">\n\t\t\t<div class=\"elementor-widget-wrap elementor-element-populated\">\n\t\t\t\t\t\t<div class=\"elementor-element elementor-element-28cac99b elementor-invisible elementor-widget elementor-widget-qi_addons_for_elementor_call_to_action\" data-id=\"28cac99b\" data-element_type=\"widget\" data-settings=\"{&quot;_animation&quot;:&quot;fadeIn&quot;}\" data-widget_type=\"qi_addons_for_elementor_call_to_action.default\">\n\t\t\t\t<div class=\"elementor-widget-container\">\n\t\t\t\t\t<div class=\"qodef-shortcode qodef-m qodef-qi-call-to-action qodef-layout--standard qodef-button-below--680\">\n\t<div class=\"qodef-m-inner\">\n\t\t<div class=\"qodef-m-content\">\n\t\t\t<h4 class=\"qodef-m-title\">\n\t\t\tP\u00f3ngase en contacto con nosotros para que podamos ofrecerle la ayuda que necesita.\t\t<\/h4>\n\t\t<\/div>\n\t\t\t<div class=\"qodef-m-button\">\n\t\t<a class=\"qodef-shortcode qodef-m qodef-qi-button qodef-html--link qodef-layout--filled qodef-type--standard qodef-size--small qodef-icon--left\" href=\"https:\/\/agile-mediacorp.com\/es\/contacto\/\" target=\"_self\">\t<span class=\"qodef-m-text\">Contacto<\/span>\t<\/a>\t<\/div>\n\t\t\t<\/div>\n<\/div>\n\t\t\t\t<\/div>\n\t\t\t\t<\/div>\n\t\t\t\t\t<\/div>\n\t\t<\/div>\n\t\t\t\t\t<\/div>\n\t\t<\/section>\n\t\t\t\t<\/div>","protected":false},"excerpt":{"rendered":"<p>\/*! elementor &#8211; v3.12.2 &#8211; 23-04-2023 *\/ .elementor-heading-title{padding:0;margin:0;line-height:1}.elementor-widget-heading .elementor-heading-title[class*=elementor-size-]&gt;a{color:inherit;font-size:inherit;line-height:inherit}.elementor-widget-heading .elementor-heading-title.elementor-size-small{font-size:15px}.elementor-widget-heading .elementor-heading-title.elementor-size-medium{font-size:19px}.elementor-widget-heading .elementor-heading-title.elementor-size-large{font-size:29px}.elementor-widget-heading .elementor-heading-title.elementor-size-xl{font-size:39px}.elementor-widget-heading .elementor-heading-title.elementor-size-xxl{font-size:59px} Operations We can assist you in developing an unrestricted, end-to-end program to modernize your operations, from the back office and research lab to the production floor and across your whole supply chain. We&#8217;ll make certain that you concentrate on chances that [&hellip;]<\/p>","protected":false},"author":4,"featured_media":0,"parent":0,"menu_order":0,"comment_status":"closed","ping_status":"closed","template":"elementor_header_footer","meta":{"footnotes":""},"class_list":["post-352","page","type-page","status-publish","hentry"],"_links":{"self":[{"href":"https:\/\/agile-mediacorp.com\/es\/wp-json\/wp\/v2\/pages\/352","targetHints":{"allow":["GET"]}}],"collection":[{"href":"https:\/\/agile-mediacorp.com\/es\/wp-json\/wp\/v2\/pages"}],"about":[{"href":"https:\/\/agile-mediacorp.com\/es\/wp-json\/wp\/v2\/types\/page"}],"author":[{"embeddable":true,"href":"https:\/\/agile-mediacorp.com\/es\/wp-json\/wp\/v2\/users\/4"}],"replies":[{"embeddable":true,"href":"https:\/\/agile-mediacorp.com\/es\/wp-json\/wp\/v2\/comments?post=352"}],"version-history":[{"count":49,"href":"https:\/\/agile-mediacorp.com\/es\/wp-json\/wp\/v2\/pages\/352\/revisions"}],"predecessor-version":[{"id":1922,"href":"https:\/\/agile-mediacorp.com\/es\/wp-json\/wp\/v2\/pages\/352\/revisions\/1922"}],"wp:attachment":[{"href":"https:\/\/agile-mediacorp.com\/es\/wp-json\/wp\/v2\/media?parent=352"}],"curies":[{"name":"wp","href":"https:\/\/api.w.org\/{rel}","templated":true}]}}