{"id":360,"date":"2022-10-04T14:40:37","date_gmt":"2022-10-04T14:40:37","guid":{"rendered":"https:\/\/agile-mediacorp.com\/?page_id=360"},"modified":"2023-05-02T15:18:36","modified_gmt":"2023-05-02T15:18:36","slug":"sales-and-marketing","status":"publish","type":"page","link":"https:\/\/agile-mediacorp.com\/es\/ventas-y-marketing\/","title":{"rendered":"Ventas y marketing"},"content":{"rendered":"<div data-elementor-type=\"wp-page\" data-elementor-id=\"360\" class=\"elementor elementor-360\" data-elementor-post-type=\"page\">\n\t\t\t\t\t\t<section class=\"elementor-section elementor-top-section elementor-element elementor-element-58b2459 elementor-section-full_width elementor-section-height-default elementor-section-height-default elementor-invisible\" data-id=\"58b2459\" data-element_type=\"section\" data-settings=\"{&quot;background_background&quot;:&quot;classic&quot;,&quot;animation&quot;:&quot;fadeIn&quot;}\">\n\t\t\t\t\t\t\t<div class=\"elementor-background-overlay\"><\/div>\n\t\t\t\t\t\t\t<div class=\"elementor-container elementor-column-gap-default\">\n\t\t\t\t\t<div class=\"elementor-column elementor-col-100 elementor-top-column elementor-element elementor-element-6e6d2894\" data-id=\"6e6d2894\" data-element_type=\"column\">\n\t\t\t<div class=\"elementor-widget-wrap elementor-element-populated\">\n\t\t\t\t\t\t<div class=\"elementor-element elementor-element-60af13f0 elementor-invisible elementor-widget elementor-widget-heading\" data-id=\"60af13f0\" data-element_type=\"widget\" data-settings=\"{&quot;_animation&quot;:&quot;fadeIn&quot;}\" data-widget_type=\"heading.default\">\n\t\t\t\t<div class=\"elementor-widget-container\">\n\t\t\t\t\t<h1 class=\"elementor-heading-title elementor-size-default\">Ventas y marketing<\/h1>\t\t\t\t<\/div>\n\t\t\t\t<\/div>\n\t\t\t\t\t<\/div>\n\t\t<\/div>\n\t\t\t\t\t<\/div>\n\t\t<\/section>\n\t\t\t\t<section class=\"elementor-section elementor-top-section elementor-element elementor-element-7211611f elementor-reverse-mobile elementor-section-boxed elementor-section-height-default elementor-section-height-default\" data-id=\"7211611f\" data-element_type=\"section\">\n\t\t\t\t\t\t<div class=\"elementor-container elementor-column-gap-default\">\n\t\t\t\t\t<div class=\"elementor-column elementor-col-100 elementor-top-column elementor-element elementor-element-644a105c\" data-id=\"644a105c\" data-element_type=\"column\">\n\t\t\t<div class=\"elementor-widget-wrap elementor-element-populated\">\n\t\t\t\t\t\t<div class=\"elementor-element elementor-element-8a7aa0a elementor-invisible elementor-widget elementor-widget-text-editor\" data-id=\"8a7aa0a\" data-element_type=\"widget\" data-settings=\"{&quot;_animation&quot;:&quot;fadeIn&quot;}\" data-widget_type=\"text-editor.default\">\n\t\t\t\t<div class=\"elementor-widget-container\">\n\t\t\t\t\t\t\t\t\t<p><em>Le ayudamos a conseguir un desarrollo org\u00e1nico a largo plazo situando a sus consumidores en el centro de su plan de negocio. Nuestra estrategia pone a prueba todos los aspectos de la experiencia de sus consumidores, dando lugar a interacciones \u00f3ptimas en cada punto de contacto.<\/em><\/p><p>Proporcionamos informaci\u00f3n para ayudarle a maximizar su potencial de ventas y marketing, desde una investigaci\u00f3n innovadora sobre la fidelidad de los clientes hasta nuestro m\u00e9todo probado de redise\u00f1o de episodios de clientes.<\/p><p>No s\u00f3lo ayudamos a su empresa a elaborar un plan s\u00f3lido; tambi\u00e9n le ayudamos a ejecutar cada objetivo, proporcion\u00e1ndole las herramientas, los diagn\u00f3sticos y los puntos de referencia necesarios para mejorar la forma de atender a sus consumidores y ganar su fidelidad a largo plazo.<\/p>\t\t\t\t\t\t\t\t<\/div>\n\t\t\t\t<\/div>\n\t\t\t\t\t<\/div>\n\t\t<\/div>\n\t\t\t\t\t<\/div>\n\t\t<\/section>\n\t\t\t\t<section class=\"elementor-section elementor-top-section elementor-element elementor-element-7a470d9a elementor-section-boxed elementor-section-height-default elementor-section-height-default\" data-id=\"7a470d9a\" data-element_type=\"section\">\n\t\t\t\t\t\t<div class=\"elementor-container elementor-column-gap-default\">\n\t\t\t\t\t<div class=\"elementor-column elementor-col-100 elementor-top-column elementor-element elementor-element-2eaceb32\" data-id=\"2eaceb32\" data-element_type=\"column\">\n\t\t\t<div class=\"elementor-widget-wrap elementor-element-populated\">\n\t\t\t\t\t\t<div class=\"elementor-element elementor-element-67b37835 elementor-invisible elementor-widget elementor-widget-qi_addons_for_elementor_tabs_vertical\" data-id=\"67b37835\" data-element_type=\"widget\" data-settings=\"{&quot;_animation&quot;:&quot;fadeIn&quot;}\" data-widget_type=\"qi_addons_for_elementor_tabs_vertical.default\">\n\t\t\t\t<div class=\"elementor-widget-container\">\n\t\t\t\t\t<div class=\"qodef-shortcode qodef-m qodef-qi-tabs-vertical qodef-qi-clear qodef-layout--simple qodef-responsive--680 qodef-title-hover--sideline-draw qodef-title-sideline-from-top\">\n\t<ul class=\"qodef-tabs-vertical-navigation\">\n\t\t<li>\n\t<h5 class=\"qodef-tab-title\" role=\"tab\">\n\t\t<a href=\"#qodef-tab-14d8b92\">\n\t\t\t<span class=\"q-text\">\n\t\t\t\tEstrategia de cliente y de marca\t\t\t<\/span>\n\t\t<\/a>\n\t<\/h5>\n<\/li>\n<li>\n\t<h5 class=\"qodef-tab-title\" role=\"tab\">\n\t\t<a href=\"#qodef-tab-72c6a73\">\n\t\t\t<span class=\"q-text\">\n\t\t\t\tMarketing\t\t\t<\/span>\n\t\t<\/a>\n\t<\/h5>\n<\/li>\n<li>\n\t<h5 class=\"qodef-tab-title\" role=\"tab\">\n\t\t<a href=\"#qodef-tab-db96795\">\n\t\t\t<span class=\"q-text\">\n\t\t\t\tAdministraci\u00f3n de productos y carteras\t\t\t<\/span>\n\t\t<\/a>\n\t<\/h5>\n<\/li>\n<li>\n\t<h5 class=\"qodef-tab-title\" role=\"tab\">\n\t\t<a href=\"#qodef-tab-b88ade2\">\n\t\t\t<span class=\"q-text\">\n\t\t\t\tOptimizaci\u00f3n de los precios\t\t\t<\/span>\n\t\t<\/a>\n\t<\/h5>\n<\/li>\n<li>\n\t<h5 class=\"qodef-tab-title\" role=\"tab\">\n\t\t<a href=\"#qodef-tab-78e3e23\">\n\t\t\t<span class=\"q-text\">\n\t\t\t\tMarketing B2B\t\t\t<\/span>\n\t\t<\/a>\n\t<\/h5>\n<\/li>\n<li>\n\t<h5 class=\"qodef-tab-title\" role=\"tab\">\n\t\t<a href=\"#qodef-tab-3fedcff\">\n\t\t\t<span class=\"q-text\">\n\t\t\t\tLas ventas al consumidor y el ecosistema\t\t\t<\/span>\n\t\t<\/a>\n\t<\/h5>\n<\/li>\n<li>\n\t<h5 class=\"qodef-tab-title\" role=\"tab\">\n\t\t<a href=\"#qodef-tab-0d75009\">\n\t\t\t<span class=\"q-text\">\n\t\t\t\tServicio de atenci\u00f3n al cliente\t\t\t<\/span>\n\t\t<\/a>\n\t<\/h5>\n<\/li>\n<li>\n\t<h5 class=\"qodef-tab-title\" role=\"tab\">\n\t\t<a href=\"#qodef-tab-3a0a221\">\n\t\t\t<span class=\"q-text\">\n\t\t\t\tAdministraci\u00f3n de ventas\t\t\t<\/span>\n\t\t<\/a>\n\t<\/h5>\n<\/li>\n\t<\/ul>\n\t<div class=\"qodef-tabs-vertical-content\" id=\"qodef-tab-14d8b92\">\n\t<p>Una estrategia de marca y marketing de \u00e9xito necesita una delicada mezcla de l\u00f3gica y magia. S\u00ed, se puede evaluar el rendimiento de la marca si se invierte en los activos de an\u00e1lisis y datos correctos. Sin embargo, solo se pueden obtener resultados revolucionarios cuando esos indicadores se utilizan para generar ideas innovadoras sobre las necesidades insatisfechas de tus clientes y las formas m\u00e1s aut\u00e9nticas de satisfacerlas.<\/p><p>Creemos que el \"genio de la marca\" individual tal y como lo conocemos ha muerto: ya no hay una \"persona m\u00e1s inteligente en la habitaci\u00f3n\". Las grandes estrategias de marca y marketing, en cambio, son creadas conjuntamente por equipos inclusivos y diversos. Y creemos que se basan en pruebas cient\u00edficas m\u00e1s que en la intuici\u00f3n.<\/p><\/div>\n<div class=\"qodef-tabs-vertical-content\" id=\"qodef-tab-72c6a73\">\n\t<p>Transforme su marketing con una combinaci\u00f3n pr\u00e1ctica y probada de an\u00e1lisis, conocimientos de datos centrados en el cliente y una metodolog\u00eda de prueba y aprendizaje. Le ayudaremos a obtener resultados inmediatos y a desarrollar las capacidades internas que necesitar\u00e1 para seguir transmitiendo los mensajes correctos a sus clientes. Aportamos una potente combinaci\u00f3n de an\u00e1lisis, creatividad y conocimientos empresariales a las actividades de marketing de su organizaci\u00f3n.<\/p><p>Una estrategia s\u00f3lida es el primer paso. Le ayudaremos a desarrollar una, y compararemos su organizaci\u00f3n con los mejores vendedores en cuatro \u00e1reas: alineaci\u00f3n de la estrategia, madurez digital, alcance e impacto, y velocidad e innovaci\u00f3n.<\/p><\/div>\n<div class=\"qodef-tabs-vertical-content\" id=\"qodef-tab-db96795\">\n\t<p>Los deseos y expectativas de sus clientes cambian constantemente. Para asegurarse de que sus productos y servicios est\u00e1n a la altura, necesita un enfoque de gesti\u00f3n de productos dise\u00f1ado para el acelerado clima empresarial actual. Podemos ayudarle a completar un cambio de principio a fin.<\/p><p>Colaboramos con usted para crear una capacidad de gesti\u00f3n de productos de primera clase, desde la planificaci\u00f3n estrat\u00e9gica y la gesti\u00f3n de la cartera hasta la ejecuci\u00f3n \u00e1gil y de primera l\u00ednea.<\/p><\/div>\n<div class=\"qodef-tabs-vertical-content\" id=\"qodef-tab-b88ade2\">\n\t<p>La fijaci\u00f3n de precios tiene el potencial de aumentar los beneficios mucho m\u00e1s que el aumento de las ventas o la disminuci\u00f3n de los costes. Y los beneficios de un enfoque de precios m\u00e1s inteligente pueden repercutir pronto en la cuenta de resultados. Sin embargo, al menos la mitad de las empresas pierden dinero porque no cobran el precio correcto o no se aseguran de que los clientes lo paguen.<\/p><p>Hemos destacado las medidas m\u00e1s importantes que puede tomar para aumentar su poder de fijaci\u00f3n de precios. Tenemos una experiencia inigualable en estrategia de precios y un historial de \u00e9xitos.<\/p><\/div>\n<div class=\"qodef-tabs-vertical-content\" id=\"qodef-tab-78e3e23\">\n\t<p>Marketing B2B significa marketing de empresa a empresa. Es cualquier estrategia de marketing o contenido utilizado por una empresa para dirigirse y vender a otra empresa.<\/p><p>Antes de empezar a dise\u00f1ar un plan de marketing B2B, primero hay que entender el recorrido del comprador. Esto ayuda al marketing B2B a mejorar la experiencia general al interactuar con una marca y acelera el proceso de compra.<\/p><p>El recorrido del comprador B2B es el proceso por el que pasan los compradores potenciales antes de decidirse a comprar un nuevo producto o servicio. El recorrido suele constar de tres puntos de contacto principales: concienciaci\u00f3n, consideraci\u00f3n y decisi\u00f3n.<\/p><p>Hemos combinado una s\u00f3lida experiencia t\u00e9cnica en ventas, marketing, fijaci\u00f3n de precios y gesti\u00f3n de productos con un s\u00f3lido conjunto de herramientas y puntos de referencia, que son fundamentales para lograr y mantener resultados excepcionales.<\/p><\/div>\n<div class=\"qodef-tabs-vertical-content\" id=\"qodef-tab-3fedcff\">\n\t<p>El mundo post-Covid ha llegado, trayendo consigo un incre\u00edble potencial para que las empresas de CPG capitalicen la inesperada aceleraci\u00f3n del comercio digital. Los h\u00e1bitos y las expectativas de los consumidores siempre est\u00e1n cambiando, pero ahora no es el momento de relajarse: los pr\u00f3ximos dos a\u00f1os ser\u00e1n importantes e inesperados.<\/p><p>Para prevalecer, las empresas deben ser \u00e1giles y adaptables, desarrollando estrategias adaptadas a cada cliente y centr\u00e1ndose en las tiendas digitales con m\u00e1s posibilidades de \u00e9xito. Los datos y el talento se convertir\u00e1n en los dos recursos m\u00e1s importantes -y valiosos-, y la orquestaci\u00f3n servir\u00e1 de importante diferenciador.<\/p><\/div>\n<div class=\"qodef-tabs-vertical-content\" id=\"qodef-tab-0d75009\">\n\t<p>Determine qu\u00e9 es lo que m\u00e1s les importa a sus consumidores y, a continuaci\u00f3n, utilice nuestra metodolog\u00eda Simple &amp; Digital para desarrollar experiencias de cliente sorprendentes y armar y capacitar al personal para que las ofrezca.<\/p><p>Las empresas l\u00edderes entienden que los productos excelentes son importantes pero no suficientes: Para prosperar en el entorno actual, hay que ofrecer un excelente servicio al cliente. Llamamos a nuestra estrategia Simple &amp; Digital. Proporcionamos la experiencia y las herramientas necesarias para ayudarle a determinar qu\u00e9 es lo m\u00e1s importante para los consumidores y equipar a su equipo para que cree grandes experiencias al tiempo que simplifica los procedimientos y reduce los gastos.<\/p><\/div>\n<div class=\"qodef-tabs-vertical-content\" id=\"qodef-tab-3a0a221\">\n\t<p>Incluso los planes de marketing m\u00e1s s\u00f3lidos fracasar\u00e1n si la primera l\u00ednea no es capaz de ejecutarlos. Le ayudamos a contratar, formar y motivar a los equipos de ventas de alto rendimiento.<\/p><p>Muchas empresas han cambiado su estrategia comercial con poco \u00e9xito o han reestructurado su fuerza de ventas con poco \u00e9xito. Para marcar una verdadera diferencia, la primera l\u00ednea debe ejecutar. Esto incluye la contrataci\u00f3n de las personas adecuadas, el desarrollo de las actitudes correctas y la motivaci\u00f3n de los individuos con las recompensas adecuadas. Podemos demostrar c\u00f3mo.<\/p><p>Los equipos de ventas superiores se construyen sobre la base de las habilidades. Le ayudaremos a desarrollar un perfil basado en datos de las personas que llevar\u00e1n a cabo su plan. Y le ense\u00f1aremos a formar, contratar y reasignar a sus empleados para asegurarse de que tiene los talentos adecuados en los puestos correctos.<\/p><p>Le ayudaremos a descubrir los h\u00e1bitos que distinguen a los que tienen un buen rendimiento y, a continuaci\u00f3n, los difundiremos entre su personal de ventas, utilizando datos reales y las mejores pr\u00e1cticas espec\u00edficas del sector. Y formaremos a sus directivos para que sean mejores formadores, de modo que sus empleados puedan progresar m\u00e1s r\u00e1pidamente.<\/p><\/div>\n<\/div>\n\t\t\t\t<\/div>\n\t\t\t\t<\/div>\n\t\t\t\t\t<\/div>\n\t\t<\/div>\n\t\t\t\t\t<\/div>\n\t\t<\/section>\n\t\t\t\t<section class=\"elementor-section elementor-top-section elementor-element elementor-element-2513c653 elementor-section-boxed elementor-section-height-default elementor-section-height-default\" data-id=\"2513c653\" data-element_type=\"section\">\n\t\t\t\t\t\t<div class=\"elementor-container elementor-column-gap-default\">\n\t\t\t\t\t<div class=\"elementor-column elementor-col-100 elementor-top-column elementor-element elementor-element-48940f2b\" data-id=\"48940f2b\" data-element_type=\"column\">\n\t\t\t<div class=\"elementor-widget-wrap elementor-element-populated\">\n\t\t\t\t\t\t<div class=\"elementor-element elementor-element-7c9d80d7 elementor-invisible elementor-widget elementor-widget-heading\" data-id=\"7c9d80d7\" data-element_type=\"widget\" data-settings=\"{&quot;_animation&quot;:&quot;fadeIn&quot;}\" data-widget_type=\"heading.default\">\n\t\t\t\t<div class=\"elementor-widget-container\">\n\t\t\t\t\t<h3 class=\"elementor-heading-title elementor-size-default\">Soluciones<\/h3>\t\t\t\t<\/div>\n\t\t\t\t<\/div>\n\t\t\t\t<div class=\"elementor-element elementor-element-4d34f7a elementor-widget__width-initial elementor-widget-tablet__width-initial elementor-widget-mobile__width-inherit elementor-invisible elementor-widget elementor-widget-qi_addons_for_elementor_banner\" data-id=\"4d34f7a\" data-element_type=\"widget\" data-settings=\"{&quot;_animation&quot;:&quot;fadeIn&quot;}\" data-widget_type=\"qi_addons_for_elementor_banner.default\">\n\t\t\t\t<div class=\"elementor-widget-container\">\n\t\t\t\t\t<div class=\"qodef-shortcode qodef-m qodef-qi-banner qodef-layout--in-box qodef-vertical--bottom qodef-horizontal--left qodef-image--hover-zoom\">\n\t<div class=\"qodef-m-image\">\n\t<img fetchpriority=\"high\" decoding=\"async\" width=\"650\" height=\"650\" src=\"https:\/\/agile-mediacorp.com\/wp-content\/uploads\/2022\/10\/manufacturing1-650x650.png\" class=\"attachment-qi_addons_for_elementor_image_size_square size-qi_addons_for_elementor_image_size_square\" alt=\"\" srcset=\"https:\/\/agile-mediacorp.com\/wp-content\/uploads\/2022\/10\/manufacturing1-650x650.png 650w, https:\/\/agile-mediacorp.com\/wp-content\/uploads\/2022\/10\/manufacturing1-300x300.png 300w, https:\/\/agile-mediacorp.com\/wp-content\/uploads\/2022\/10\/manufacturing1-150x150.png 150w, https:\/\/agile-mediacorp.com\/wp-content\/uploads\/2022\/10\/manufacturing1-768x768.png 768w, https:\/\/agile-mediacorp.com\/wp-content\/uploads\/2022\/10\/manufacturing1-12x12.png 12w, https:\/\/agile-mediacorp.com\/wp-content\/uploads\/2022\/10\/manufacturing1.png 800w\" sizes=\"(max-width: 650px) 100vw, 650px\" \/><\/div>\n\t<div class=\"qodef-m-content\">\n\t\t<div class=\"qodef-m-content-inner\">\n\t\t\t\t\t\t\t<h5 class=\"qodef-m-title\">\n\t\tManufactura\t<\/h5>\n\t\t\t\t\t\t\t\t<\/div>\n\t<\/div>\n\t\t<a itemprop=\"url\" href=\"https:\/\/agile-mediacorp.com\/es\/manufactura\/\" class=\"qodef-m-banner-link\" target=\"_self\"><\/a>\n<\/div>\n\t\t\t\t<\/div>\n\t\t\t\t<\/div>\n\t\t\t\t<div class=\"elementor-element elementor-element-156622a6 elementor-widget__width-initial elementor-widget-tablet__width-initial elementor-widget-mobile__width-inherit elementor-invisible elementor-widget elementor-widget-qi_addons_for_elementor_banner\" data-id=\"156622a6\" data-element_type=\"widget\" data-settings=\"{&quot;_animation&quot;:&quot;fadeIn&quot;}\" data-widget_type=\"qi_addons_for_elementor_banner.default\">\n\t\t\t\t<div class=\"elementor-widget-container\">\n\t\t\t\t\t<div class=\"qodef-shortcode qodef-m qodef-qi-banner qodef-layout--in-box qodef-vertical--bottom qodef-horizontal--left qodef-image--hover-zoom\">\n\t<div class=\"qodef-m-image\">\n\t<img decoding=\"async\" width=\"650\" height=\"650\" src=\"https:\/\/agile-mediacorp.com\/wp-content\/uploads\/2022\/10\/media1-650x650.png\" class=\"attachment-qi_addons_for_elementor_image_size_square size-qi_addons_for_elementor_image_size_square\" alt=\"\" srcset=\"https:\/\/agile-mediacorp.com\/wp-content\/uploads\/2022\/10\/media1-650x650.png 650w, https:\/\/agile-mediacorp.com\/wp-content\/uploads\/2022\/10\/media1-300x300.png 300w, https:\/\/agile-mediacorp.com\/wp-content\/uploads\/2022\/10\/media1-150x150.png 150w, https:\/\/agile-mediacorp.com\/wp-content\/uploads\/2022\/10\/media1-768x768.png 768w, https:\/\/agile-mediacorp.com\/wp-content\/uploads\/2022\/10\/media1-12x12.png 12w, https:\/\/agile-mediacorp.com\/wp-content\/uploads\/2022\/10\/media1.png 800w\" sizes=\"(max-width: 650px) 100vw, 650px\" \/><\/div>\n\t<div class=\"qodef-m-content\">\n\t\t<div class=\"qodef-m-content-inner\">\n\t\t\t\t\t\t\t<h5 class=\"qodef-m-title\">\n\t\tMedia\t<\/h5>\n\t\t\t\t\t\t\t\t<\/div>\n\t<\/div>\n\t\t<a itemprop=\"url\" href=\"https:\/\/agile-mediacorp.com\/es\/media\/\" class=\"qodef-m-banner-link\" target=\"_self\"><\/a>\n<\/div>\n\t\t\t\t<\/div>\n\t\t\t\t<\/div>\n\t\t\t\t<div class=\"elementor-element elementor-element-338eff3c elementor-widget__width-initial elementor-widget-tablet__width-initial elementor-widget-mobile__width-inherit elementor-invisible elementor-widget elementor-widget-qi_addons_for_elementor_banner\" data-id=\"338eff3c\" data-element_type=\"widget\" data-settings=\"{&quot;_animation&quot;:&quot;fadeIn&quot;}\" data-widget_type=\"qi_addons_for_elementor_banner.default\">\n\t\t\t\t<div class=\"elementor-widget-container\">\n\t\t\t\t\t<div class=\"qodef-shortcode qodef-m qodef-qi-banner qodef-layout--in-box qodef-vertical--bottom qodef-horizontal--left qodef-image--hover-zoom\">\n\t<div class=\"qodef-m-image\">\n\t<img decoding=\"async\" width=\"650\" height=\"650\" src=\"https:\/\/agile-mediacorp.com\/wp-content\/uploads\/2022\/10\/retail1-650x650.png\" class=\"attachment-qi_addons_for_elementor_image_size_square size-qi_addons_for_elementor_image_size_square\" alt=\"\" srcset=\"https:\/\/agile-mediacorp.com\/wp-content\/uploads\/2022\/10\/retail1-650x650.png 650w, https:\/\/agile-mediacorp.com\/wp-content\/uploads\/2022\/10\/retail1-300x300.png 300w, https:\/\/agile-mediacorp.com\/wp-content\/uploads\/2022\/10\/retail1-150x150.png 150w, https:\/\/agile-mediacorp.com\/wp-content\/uploads\/2022\/10\/retail1-768x768.png 768w, https:\/\/agile-mediacorp.com\/wp-content\/uploads\/2022\/10\/retail1-12x12.png 12w, https:\/\/agile-mediacorp.com\/wp-content\/uploads\/2022\/10\/retail1.png 800w\" sizes=\"(max-width: 650px) 100vw, 650px\" \/><\/div>\n\t<div class=\"qodef-m-content\">\n\t\t<div class=\"qodef-m-content-inner\">\n\t\t\t\t\t\t\t<h5 class=\"qodef-m-title\">\n\t\tMinoristas\t<\/h5>\n\t\t\t\t\t\t\t\t<\/div>\n\t<\/div>\n\t\t<a itemprop=\"url\" href=\"https:\/\/agile-mediacorp.com\/es\/minoristas\/\" class=\"qodef-m-banner-link\" target=\"_self\"><\/a>\n<\/div>\n\t\t\t\t<\/div>\n\t\t\t\t<\/div>\n\t\t\t\t<div class=\"elementor-element elementor-element-358d7eeb elementor-widget__width-initial elementor-widget-tablet__width-initial elementor-widget-mobile__width-inherit elementor-invisible elementor-widget elementor-widget-qi_addons_for_elementor_banner\" data-id=\"358d7eeb\" data-element_type=\"widget\" data-settings=\"{&quot;_animation&quot;:&quot;fadeIn&quot;}\" data-widget_type=\"qi_addons_for_elementor_banner.default\">\n\t\t\t\t<div class=\"elementor-widget-container\">\n\t\t\t\t\t<div class=\"qodef-shortcode qodef-m qodef-qi-banner qodef-layout--in-box qodef-vertical--bottom qodef-horizontal--left qodef-image--hover-zoom\">\n\t<div class=\"qodef-m-image\">\n\t<img loading=\"lazy\" decoding=\"async\" width=\"650\" height=\"650\" src=\"https:\/\/agile-mediacorp.com\/wp-content\/uploads\/2022\/10\/software1-650x650.png\" class=\"attachment-qi_addons_for_elementor_image_size_square size-qi_addons_for_elementor_image_size_square\" alt=\"\" srcset=\"https:\/\/agile-mediacorp.com\/wp-content\/uploads\/2022\/10\/software1-650x650.png 650w, https:\/\/agile-mediacorp.com\/wp-content\/uploads\/2022\/10\/software1-300x300.png 300w, https:\/\/agile-mediacorp.com\/wp-content\/uploads\/2022\/10\/software1-150x150.png 150w, https:\/\/agile-mediacorp.com\/wp-content\/uploads\/2022\/10\/software1-768x768.png 768w, https:\/\/agile-mediacorp.com\/wp-content\/uploads\/2022\/10\/software1-12x12.png 12w, https:\/\/agile-mediacorp.com\/wp-content\/uploads\/2022\/10\/software1.png 800w\" sizes=\"(max-width: 650px) 100vw, 650px\" \/><\/div>\n\t<div class=\"qodef-m-content\">\n\t\t<div class=\"qodef-m-content-inner\">\n\t\t\t\t\t\t\t<h5 class=\"qodef-m-title\">\n\t\tSoftware\t<\/h5>\n\t\t\t\t\t\t\t\t<\/div>\n\t<\/div>\n\t\t<a itemprop=\"url\" href=\"https:\/\/agile-mediacorp.com\/es\/software\/\" class=\"qodef-m-banner-link\" target=\"_self\"><\/a>\n<\/div>\n\t\t\t\t<\/div>\n\t\t\t\t<\/div>\n\t\t\t\t\t<\/div>\n\t\t<\/div>\n\t\t\t\t\t<\/div>\n\t\t<\/section>\n\t\t\t\t<section class=\"elementor-section elementor-top-section elementor-element elementor-element-7498e44e elementor-section-full_width elementor-section-height-default elementor-section-height-default\" data-id=\"7498e44e\" data-element_type=\"section\">\n\t\t\t\t\t\t<div class=\"elementor-container elementor-column-gap-default\">\n\t\t\t\t\t<div class=\"elementor-column elementor-col-100 elementor-top-column elementor-element elementor-element-489a0901\" data-id=\"489a0901\" data-element_type=\"column\">\n\t\t\t<div class=\"elementor-widget-wrap elementor-element-populated\">\n\t\t\t\t\t\t<div class=\"elementor-element elementor-element-6ba6a7f9 elementor-invisible elementor-widget elementor-widget-qi_addons_for_elementor_call_to_action\" data-id=\"6ba6a7f9\" data-element_type=\"widget\" data-settings=\"{&quot;_animation&quot;:&quot;fadeIn&quot;}\" data-widget_type=\"qi_addons_for_elementor_call_to_action.default\">\n\t\t\t\t<div class=\"elementor-widget-container\">\n\t\t\t\t\t<div class=\"qodef-shortcode qodef-m qodef-qi-call-to-action qodef-layout--standard qodef-button-below--680\">\n\t<div class=\"qodef-m-inner\">\n\t\t<div class=\"qodef-m-content\">\n\t\t\t<h4 class=\"qodef-m-title\">\n\t\t\tP\u00f3ngase en contacto con nosotros para que podamos ofrecerle la ayuda que necesita.\t\t<\/h4>\n\t\t<\/div>\n\t\t\t<div class=\"qodef-m-button\">\n\t\t<a class=\"qodef-shortcode qodef-m qodef-qi-button qodef-html--link qodef-layout--filled qodef-type--standard qodef-size--small qodef-icon--left\" href=\"https:\/\/agile-mediacorp.com\/es\/contacto\/\" target=\"_self\">\t<span class=\"qodef-m-text\">Contacto<\/span>\t<\/a>\t<\/div>\n\t\t\t<\/div>\n<\/div>\n\t\t\t\t<\/div>\n\t\t\t\t<\/div>\n\t\t\t\t\t<\/div>\n\t\t<\/div>\n\t\t\t\t\t<\/div>\n\t\t<\/section>\n\t\t\t\t<section class=\"elementor-section elementor-top-section elementor-element elementor-element-3135559 elementor-section-boxed elementor-section-height-default elementor-section-height-default\" data-id=\"3135559\" data-element_type=\"section\">\n\t\t\t\t\t\t<div class=\"elementor-container elementor-column-gap-default\">\n\t\t\t\t\t<div class=\"elementor-column elementor-col-100 elementor-top-column elementor-element elementor-element-a9d9010\" data-id=\"a9d9010\" data-element_type=\"column\">\n\t\t\t<div class=\"elementor-widget-wrap\">\n\t\t\t\t\t\t\t<\/div>\n\t\t<\/div>\n\t\t\t\t\t<\/div>\n\t\t<\/section>\n\t\t\t\t<\/div>","protected":false},"excerpt":{"rendered":"<p>\/*! elementor &#8211; v3.12.2 &#8211; 23-04-2023 *\/ .elementor-heading-title{padding:0;margin:0;line-height:1}.elementor-widget-heading .elementor-heading-title[class*=elementor-size-]&gt;a{color:inherit;font-size:inherit;line-height:inherit}.elementor-widget-heading .elementor-heading-title.elementor-size-small{font-size:15px}.elementor-widget-heading .elementor-heading-title.elementor-size-medium{font-size:19px}.elementor-widget-heading .elementor-heading-title.elementor-size-large{font-size:29px}.elementor-widget-heading .elementor-heading-title.elementor-size-xl{font-size:39px}.elementor-widget-heading .elementor-heading-title.elementor-size-xxl{font-size:59px} Sales and Marketing We assist you in achieving long-term, organic development by putting your consumers at the core of your business plan. Our strategy puts every aspect of your consumers&#8217; experience to the test, resulting in optimal interactions at every touchpoint. [&hellip;]<\/p>","protected":false},"author":4,"featured_media":0,"parent":0,"menu_order":0,"comment_status":"closed","ping_status":"closed","template":"elementor_header_footer","meta":{"footnotes":""},"class_list":["post-360","page","type-page","status-publish","hentry"],"_links":{"self":[{"href":"https:\/\/agile-mediacorp.com\/es\/wp-json\/wp\/v2\/pages\/360","targetHints":{"allow":["GET"]}}],"collection":[{"href":"https:\/\/agile-mediacorp.com\/es\/wp-json\/wp\/v2\/pages"}],"about":[{"href":"https:\/\/agile-mediacorp.com\/es\/wp-json\/wp\/v2\/types\/page"}],"author":[{"embeddable":true,"href":"https:\/\/agile-mediacorp.com\/es\/wp-json\/wp\/v2\/users\/4"}],"replies":[{"embeddable":true,"href":"https:\/\/agile-mediacorp.com\/es\/wp-json\/wp\/v2\/comments?post=360"}],"version-history":[{"count":37,"href":"https:\/\/agile-mediacorp.com\/es\/wp-json\/wp\/v2\/pages\/360\/revisions"}],"predecessor-version":[{"id":1925,"href":"https:\/\/agile-mediacorp.com\/es\/wp-json\/wp\/v2\/pages\/360\/revisions\/1925"}],"wp:attachment":[{"href":"https:\/\/agile-mediacorp.com\/es\/wp-json\/wp\/v2\/media?parent=360"}],"curies":[{"name":"wp","href":"https:\/\/api.w.org\/{rel}","templated":true}]}}