{"id":379,"date":"2022-10-04T14:49:04","date_gmt":"2022-10-04T14:49:04","guid":{"rendered":"https:\/\/agile-mediacorp.com\/?page_id=379"},"modified":"2023-05-02T15:28:27","modified_gmt":"2023-05-02T15:28:27","slug":"management-system","status":"publish","type":"page","link":"https:\/\/agile-mediacorp.com\/es\/sistema-de-gestion\/","title":{"rendered":"Sistema de gesti\u00f3n"},"content":{"rendered":"<div data-elementor-type=\"wp-page\" data-elementor-id=\"379\" class=\"elementor elementor-379\" data-elementor-post-type=\"page\">\n\t\t\t\t\t\t<section class=\"elementor-section elementor-top-section elementor-element elementor-element-58b2459 elementor-section-full_width elementor-section-height-default elementor-section-height-default elementor-invisible\" data-id=\"58b2459\" data-element_type=\"section\" data-settings=\"{&quot;background_background&quot;:&quot;classic&quot;,&quot;animation&quot;:&quot;fadeIn&quot;}\">\n\t\t\t\t\t\t\t<div class=\"elementor-background-overlay\"><\/div>\n\t\t\t\t\t\t\t<div class=\"elementor-container elementor-column-gap-default\">\n\t\t\t\t\t<div class=\"elementor-column elementor-col-100 elementor-top-column elementor-element elementor-element-6e6d2894\" data-id=\"6e6d2894\" data-element_type=\"column\">\n\t\t\t<div class=\"elementor-widget-wrap elementor-element-populated\">\n\t\t\t\t\t\t<div class=\"elementor-element elementor-element-60af13f0 elementor-invisible elementor-widget elementor-widget-heading\" data-id=\"60af13f0\" data-element_type=\"widget\" data-settings=\"{&quot;_animation&quot;:&quot;fadeIn&quot;}\" data-widget_type=\"heading.default\">\n\t\t\t\t<div class=\"elementor-widget-container\">\n\t\t\t\t\t<h1 class=\"elementor-heading-title elementor-size-default\">Sistema de gesti\u00f3n<\/h1>\t\t\t\t<\/div>\n\t\t\t\t<\/div>\n\t\t\t\t\t<\/div>\n\t\t<\/div>\n\t\t\t\t\t<\/div>\n\t\t<\/section>\n\t\t\t\t<section class=\"elementor-section elementor-top-section elementor-element elementor-element-7211611f elementor-reverse-mobile elementor-section-boxed elementor-section-height-default elementor-section-height-default\" data-id=\"7211611f\" data-element_type=\"section\">\n\t\t\t\t\t\t<div class=\"elementor-container elementor-column-gap-default\">\n\t\t\t\t\t<div class=\"elementor-column elementor-col-100 elementor-top-column elementor-element elementor-element-644a105c\" data-id=\"644a105c\" data-element_type=\"column\">\n\t\t\t<div class=\"elementor-widget-wrap elementor-element-populated\">\n\t\t\t\t\t\t<div class=\"elementor-element elementor-element-8a7aa0a elementor-invisible elementor-widget elementor-widget-text-editor\" data-id=\"8a7aa0a\" data-element_type=\"widget\" data-settings=\"{&quot;_animation&quot;:&quot;fadeIn&quot;}\" data-widget_type=\"text-editor.default\">\n\t\t\t\t<div class=\"elementor-widget-container\">\n\t\t\t\t\t\t\t\t\t<p><em>La supervisi\u00f3n y el control de los sistemas inform\u00e1ticos de una organizaci\u00f3n, incluidos el hardware, el software y las redes, se denomina TI.<\/em><\/p><p>Hoy en d\u00eda, muchas empresas dan prioridad a la gesti\u00f3n de TI en su plan de negocio. La gesti\u00f3n de TI depende de la planificaci\u00f3n estrat\u00e9gica para garantizar que la tecnolog\u00eda optimice un negocio. La tecnolog\u00eda no debe ralentizar las operaciones empresariales ni crear una sensaci\u00f3n de confusi\u00f3n.<\/p><p>El objetivo de la gesti\u00f3n de TI es garantizar que las tecnolog\u00edas esenciales para su empresa sean seguras y de alto rendimiento, y que se produzca una transformaci\u00f3n digital que conduzca tanto a la innovaci\u00f3n como al \u00e9xito en el mercado y mantenga a las empresas al d\u00eda.<\/p><p>\u00a0Estamos aqu\u00ed para impulsar su \u00e9xito en el mercado entre bastidores.<\/p>\t\t\t\t\t\t\t\t<\/div>\n\t\t\t\t<\/div>\n\t\t\t\t\t<\/div>\n\t\t<\/div>\n\t\t\t\t\t<\/div>\n\t\t<\/section>\n\t\t\t\t<section class=\"elementor-section elementor-top-section elementor-element elementor-element-7a470d9a elementor-section-boxed elementor-section-height-default elementor-section-height-default\" data-id=\"7a470d9a\" data-element_type=\"section\">\n\t\t\t\t\t\t<div class=\"elementor-container elementor-column-gap-default\">\n\t\t\t\t\t<div class=\"elementor-column elementor-col-100 elementor-top-column elementor-element elementor-element-2eaceb32\" data-id=\"2eaceb32\" data-element_type=\"column\">\n\t\t\t<div class=\"elementor-widget-wrap elementor-element-populated\">\n\t\t\t\t\t\t<div class=\"elementor-element elementor-element-67b37835 elementor-invisible elementor-widget elementor-widget-qi_addons_for_elementor_tabs_vertical\" data-id=\"67b37835\" data-element_type=\"widget\" data-settings=\"{&quot;_animation&quot;:&quot;fadeIn&quot;}\" data-widget_type=\"qi_addons_for_elementor_tabs_vertical.default\">\n\t\t\t\t<div class=\"elementor-widget-container\">\n\t\t\t\t\t<div class=\"qodef-shortcode qodef-m qodef-qi-tabs-vertical qodef-qi-clear qodef-layout--simple qodef-responsive--680 qodef-title-hover--sideline-draw qodef-title-sideline-from-top\">\n\t<ul class=\"qodef-tabs-vertical-navigation\">\n\t\t<li>\n\t<h5 class=\"qodef-tab-title\" role=\"tab\">\n\t\t<a href=\"#qodef-tab-14d8b92\">\n\t\t\t<span class=\"q-text\">\n\t\t\t\tSoftware de gesti\u00f3n empresarial\t\t\t<\/span>\n\t\t<\/a>\n\t<\/h5>\n<\/li>\n<li>\n\t<h5 class=\"qodef-tab-title\" role=\"tab\">\n\t\t<a href=\"#qodef-tab-c799bc6\">\n\t\t\t<span class=\"q-text\">\n\t\t\t\tSistema de gesti\u00f3n de la calidad, la salud, la seguridad y el medio ambiente\t\t\t<\/span>\n\t\t<\/a>\n\t<\/h5>\n<\/li>\n\t<\/ul>\n\t<div class=\"qodef-tabs-vertical-content\" id=\"qodef-tab-14d8b92\">\n\t<p>Un sistema de gesti\u00f3n empresarial (SGE) es un conjunto de herramientas, procesos, procedimientos e infraestructuras que permiten a una empresa utilizar mejor sus recursos para adaptarse a su entorno y ofrecer un mejor resultado a sus consumidores. Un BMS examina todas las partes de un negocio, desde la estrategia hasta la ejecuci\u00f3n, e intenta colocar cada pieza del rompecabezas en su posici\u00f3n adecuada. Agile Media Corp puede ayudar a una empresa a identificar y definir sus necesidades, as\u00ed como a crear y desplegar sistemas de gesti\u00f3n empresarial adecuados a su tama\u00f1o para gestionar cualquier riesgo empresarial identificado u oportunidad de mejora.<\/p><\/div>\n<div class=\"qodef-tabs-vertical-content\" id=\"qodef-tab-c799bc6\">\n\t<p>Un sistema de gesti\u00f3n QHSE, al igual que un BMS, se centra en las estrategias para gestionar el riesgo y prevenir las lesiones y los accidentes dentro de una organizaci\u00f3n.<\/p><\/div>\n<\/div>\n\t\t\t\t<\/div>\n\t\t\t\t<\/div>\n\t\t\t\t\t<\/div>\n\t\t<\/div>\n\t\t\t\t\t<\/div>\n\t\t<\/section>\n\t\t\t\t<section class=\"elementor-section elementor-top-section elementor-element elementor-element-604420fe elementor-section-boxed elementor-section-height-default elementor-section-height-default\" data-id=\"604420fe\" data-element_type=\"section\">\n\t\t\t\t\t\t<div class=\"elementor-container elementor-column-gap-default\">\n\t\t\t\t\t<div class=\"elementor-column elementor-col-100 elementor-top-column elementor-element elementor-element-6f1d4563\" data-id=\"6f1d4563\" data-element_type=\"column\">\n\t\t\t<div class=\"elementor-widget-wrap elementor-element-populated\">\n\t\t\t\t\t\t<div class=\"elementor-element elementor-element-4329c97b elementor-invisible elementor-widget elementor-widget-heading\" data-id=\"4329c97b\" data-element_type=\"widget\" data-settings=\"{&quot;_animation&quot;:&quot;fadeIn&quot;}\" data-widget_type=\"heading.default\">\n\t\t\t\t<div class=\"elementor-widget-container\">\n\t\t\t\t\t<h3 class=\"elementor-heading-title elementor-size-default\">Soluciones<\/h3>\t\t\t\t<\/div>\n\t\t\t\t<\/div>\n\t\t\t\t<div class=\"elementor-element elementor-element-714339e2 elementor-widget__width-initial elementor-widget-tablet__width-initial elementor-widget-mobile__width-inherit elementor-invisible elementor-widget elementor-widget-qi_addons_for_elementor_banner\" data-id=\"714339e2\" data-element_type=\"widget\" data-settings=\"{&quot;_animation&quot;:&quot;fadeIn&quot;}\" data-widget_type=\"qi_addons_for_elementor_banner.default\">\n\t\t\t\t<div class=\"elementor-widget-container\">\n\t\t\t\t\t<div class=\"qodef-shortcode qodef-m qodef-qi-banner qodef-layout--in-box qodef-vertical--bottom qodef-horizontal--left qodef-image--hover-zoom\">\n\t<div class=\"qodef-m-image\">\n\t<img fetchpriority=\"high\" decoding=\"async\" width=\"650\" height=\"650\" src=\"https:\/\/agile-mediacorp.com\/wp-content\/uploads\/2022\/10\/manufacturing1-650x650.png\" class=\"attachment-qi_addons_for_elementor_image_size_square size-qi_addons_for_elementor_image_size_square\" alt=\"\" srcset=\"https:\/\/agile-mediacorp.com\/wp-content\/uploads\/2022\/10\/manufacturing1-650x650.png 650w, https:\/\/agile-mediacorp.com\/wp-content\/uploads\/2022\/10\/manufacturing1-300x300.png 300w, https:\/\/agile-mediacorp.com\/wp-content\/uploads\/2022\/10\/manufacturing1-150x150.png 150w, https:\/\/agile-mediacorp.com\/wp-content\/uploads\/2022\/10\/manufacturing1-768x768.png 768w, https:\/\/agile-mediacorp.com\/wp-content\/uploads\/2022\/10\/manufacturing1-12x12.png 12w, https:\/\/agile-mediacorp.com\/wp-content\/uploads\/2022\/10\/manufacturing1.png 800w\" sizes=\"(max-width: 650px) 100vw, 650px\" \/><\/div>\n\t<div class=\"qodef-m-content\">\n\t\t<div class=\"qodef-m-content-inner\">\n\t\t\t\t\t\t\t<h5 class=\"qodef-m-title\">\n\t\tManufactura\t<\/h5>\n\t\t\t\t\t\t\t\t<\/div>\n\t<\/div>\n\t\t<a itemprop=\"url\" href=\"https:\/\/agile-mediacorp.com\/es\/manufactura\/\" class=\"qodef-m-banner-link\" target=\"_self\"><\/a>\n<\/div>\n\t\t\t\t<\/div>\n\t\t\t\t<\/div>\n\t\t\t\t<div class=\"elementor-element elementor-element-50c55dab elementor-widget__width-initial elementor-widget-tablet__width-initial elementor-widget-mobile__width-inherit elementor-invisible elementor-widget elementor-widget-qi_addons_for_elementor_banner\" data-id=\"50c55dab\" data-element_type=\"widget\" data-settings=\"{&quot;_animation&quot;:&quot;fadeIn&quot;}\" data-widget_type=\"qi_addons_for_elementor_banner.default\">\n\t\t\t\t<div class=\"elementor-widget-container\">\n\t\t\t\t\t<div class=\"qodef-shortcode qodef-m qodef-qi-banner qodef-layout--in-box qodef-vertical--bottom qodef-horizontal--left qodef-image--hover-zoom\">\n\t<div class=\"qodef-m-image\">\n\t<img decoding=\"async\" width=\"650\" height=\"650\" src=\"https:\/\/agile-mediacorp.com\/wp-content\/uploads\/2022\/10\/media1-650x650.png\" class=\"attachment-qi_addons_for_elementor_image_size_square size-qi_addons_for_elementor_image_size_square\" alt=\"\" srcset=\"https:\/\/agile-mediacorp.com\/wp-content\/uploads\/2022\/10\/media1-650x650.png 650w, https:\/\/agile-mediacorp.com\/wp-content\/uploads\/2022\/10\/media1-300x300.png 300w, https:\/\/agile-mediacorp.com\/wp-content\/uploads\/2022\/10\/media1-150x150.png 150w, https:\/\/agile-mediacorp.com\/wp-content\/uploads\/2022\/10\/media1-768x768.png 768w, https:\/\/agile-mediacorp.com\/wp-content\/uploads\/2022\/10\/media1-12x12.png 12w, https:\/\/agile-mediacorp.com\/wp-content\/uploads\/2022\/10\/media1.png 800w\" sizes=\"(max-width: 650px) 100vw, 650px\" \/><\/div>\n\t<div class=\"qodef-m-content\">\n\t\t<div class=\"qodef-m-content-inner\">\n\t\t\t\t\t\t\t<h5 class=\"qodef-m-title\">\n\t\tMedia\t<\/h5>\n\t\t\t\t\t\t\t\t<\/div>\n\t<\/div>\n\t\t<a itemprop=\"url\" href=\"https:\/\/agile-mediacorp.com\/es\/media\/\" class=\"qodef-m-banner-link\" target=\"_self\"><\/a>\n<\/div>\n\t\t\t\t<\/div>\n\t\t\t\t<\/div>\n\t\t\t\t<div class=\"elementor-element elementor-element-651c32e2 elementor-widget__width-initial elementor-widget-tablet__width-initial elementor-widget-mobile__width-inherit elementor-invisible elementor-widget elementor-widget-qi_addons_for_elementor_banner\" data-id=\"651c32e2\" data-element_type=\"widget\" data-settings=\"{&quot;_animation&quot;:&quot;fadeIn&quot;}\" data-widget_type=\"qi_addons_for_elementor_banner.default\">\n\t\t\t\t<div class=\"elementor-widget-container\">\n\t\t\t\t\t<div class=\"qodef-shortcode qodef-m qodef-qi-banner qodef-layout--in-box qodef-vertical--bottom qodef-horizontal--left qodef-image--hover-zoom\">\n\t<div class=\"qodef-m-image\">\n\t<img decoding=\"async\" width=\"650\" height=\"650\" src=\"https:\/\/agile-mediacorp.com\/wp-content\/uploads\/2022\/10\/retail1-650x650.png\" class=\"attachment-qi_addons_for_elementor_image_size_square size-qi_addons_for_elementor_image_size_square\" alt=\"\" srcset=\"https:\/\/agile-mediacorp.com\/wp-content\/uploads\/2022\/10\/retail1-650x650.png 650w, https:\/\/agile-mediacorp.com\/wp-content\/uploads\/2022\/10\/retail1-300x300.png 300w, https:\/\/agile-mediacorp.com\/wp-content\/uploads\/2022\/10\/retail1-150x150.png 150w, https:\/\/agile-mediacorp.com\/wp-content\/uploads\/2022\/10\/retail1-768x768.png 768w, https:\/\/agile-mediacorp.com\/wp-content\/uploads\/2022\/10\/retail1-12x12.png 12w, https:\/\/agile-mediacorp.com\/wp-content\/uploads\/2022\/10\/retail1.png 800w\" sizes=\"(max-width: 650px) 100vw, 650px\" \/><\/div>\n\t<div class=\"qodef-m-content\">\n\t\t<div class=\"qodef-m-content-inner\">\n\t\t\t\t\t\t\t<h5 class=\"qodef-m-title\">\n\t\tMinoristas\t<\/h5>\n\t\t\t\t\t\t\t\t<\/div>\n\t<\/div>\n\t\t<a itemprop=\"url\" href=\"https:\/\/agile-mediacorp.com\/es\/minoristas\/\" class=\"qodef-m-banner-link\" target=\"_self\"><\/a>\n<\/div>\n\t\t\t\t<\/div>\n\t\t\t\t<\/div>\n\t\t\t\t<div class=\"elementor-element elementor-element-5f15509 elementor-widget__width-initial elementor-widget-tablet__width-initial elementor-widget-mobile__width-inherit elementor-invisible elementor-widget elementor-widget-qi_addons_for_elementor_banner\" data-id=\"5f15509\" data-element_type=\"widget\" data-settings=\"{&quot;_animation&quot;:&quot;fadeIn&quot;}\" data-widget_type=\"qi_addons_for_elementor_banner.default\">\n\t\t\t\t<div class=\"elementor-widget-container\">\n\t\t\t\t\t<div class=\"qodef-shortcode qodef-m qodef-qi-banner qodef-layout--in-box qodef-vertical--bottom qodef-horizontal--left qodef-image--hover-zoom\">\n\t<div class=\"qodef-m-image\">\n\t<img loading=\"lazy\" decoding=\"async\" width=\"650\" height=\"650\" src=\"https:\/\/agile-mediacorp.com\/wp-content\/uploads\/2022\/10\/software1-650x650.png\" class=\"attachment-qi_addons_for_elementor_image_size_square size-qi_addons_for_elementor_image_size_square\" alt=\"\" srcset=\"https:\/\/agile-mediacorp.com\/wp-content\/uploads\/2022\/10\/software1-650x650.png 650w, https:\/\/agile-mediacorp.com\/wp-content\/uploads\/2022\/10\/software1-300x300.png 300w, https:\/\/agile-mediacorp.com\/wp-content\/uploads\/2022\/10\/software1-150x150.png 150w, https:\/\/agile-mediacorp.com\/wp-content\/uploads\/2022\/10\/software1-768x768.png 768w, https:\/\/agile-mediacorp.com\/wp-content\/uploads\/2022\/10\/software1-12x12.png 12w, https:\/\/agile-mediacorp.com\/wp-content\/uploads\/2022\/10\/software1.png 800w\" sizes=\"(max-width: 650px) 100vw, 650px\" \/><\/div>\n\t<div class=\"qodef-m-content\">\n\t\t<div class=\"qodef-m-content-inner\">\n\t\t\t\t\t\t\t<h5 class=\"qodef-m-title\">\n\t\tSoftware\t<\/h5>\n\t\t\t\t\t\t\t\t<\/div>\n\t<\/div>\n\t\t<a itemprop=\"url\" href=\"https:\/\/agile-mediacorp.com\/es\/software\/\" class=\"qodef-m-banner-link\" target=\"_self\"><\/a>\n<\/div>\n\t\t\t\t<\/div>\n\t\t\t\t<\/div>\n\t\t\t\t\t<\/div>\n\t\t<\/div>\n\t\t\t\t\t<\/div>\n\t\t<\/section>\n\t\t\t\t<section class=\"elementor-section elementor-top-section elementor-element elementor-element-75adc292 elementor-section-full_width elementor-section-height-default elementor-section-height-default\" data-id=\"75adc292\" data-element_type=\"section\">\n\t\t\t\t\t\t<div class=\"elementor-container elementor-column-gap-default\">\n\t\t\t\t\t<div class=\"elementor-column elementor-col-100 elementor-top-column elementor-element elementor-element-2983a732\" data-id=\"2983a732\" data-element_type=\"column\">\n\t\t\t<div class=\"elementor-widget-wrap elementor-element-populated\">\n\t\t\t\t\t\t<div class=\"elementor-element elementor-element-1843213a elementor-invisible elementor-widget elementor-widget-qi_addons_for_elementor_call_to_action\" data-id=\"1843213a\" data-element_type=\"widget\" data-settings=\"{&quot;_animation&quot;:&quot;fadeIn&quot;}\" data-widget_type=\"qi_addons_for_elementor_call_to_action.default\">\n\t\t\t\t<div class=\"elementor-widget-container\">\n\t\t\t\t\t<div class=\"qodef-shortcode qodef-m qodef-qi-call-to-action qodef-layout--standard qodef-button-below--680\">\n\t<div class=\"qodef-m-inner\">\n\t\t<div class=\"qodef-m-content\">\n\t\t\t<h4 class=\"qodef-m-title\">\n\t\t\tP\u00f3ngase en contacto con nosotros para que podamos ofrecerle la ayuda que necesita.\t\t<\/h4>\n\t\t<\/div>\n\t\t\t<div class=\"qodef-m-button\">\n\t\t<a class=\"qodef-shortcode qodef-m qodef-qi-button qodef-html--link qodef-layout--filled qodef-type--standard qodef-size--small qodef-icon--left\" href=\"https:\/\/agile-mediacorp.com\/es\/contacto\/\" target=\"_self\">\t<span class=\"qodef-m-text\">Contacto<\/span>\t<\/a>\t<\/div>\n\t\t\t<\/div>\n<\/div>\n\t\t\t\t<\/div>\n\t\t\t\t<\/div>\n\t\t\t\t\t<\/div>\n\t\t<\/div>\n\t\t\t\t\t<\/div>\n\t\t<\/section>\n\t\t\t\t<\/div>","protected":false},"excerpt":{"rendered":"<p>\/*! elementor &#8211; v3.12.2 &#8211; 23-04-2023 *\/ .elementor-heading-title{padding:0;margin:0;line-height:1}.elementor-widget-heading .elementor-heading-title[class*=elementor-size-]&gt;a{color:inherit;font-size:inherit;line-height:inherit}.elementor-widget-heading .elementor-heading-title.elementor-size-small{font-size:15px}.elementor-widget-heading .elementor-heading-title.elementor-size-medium{font-size:19px}.elementor-widget-heading .elementor-heading-title.elementor-size-large{font-size:29px}.elementor-widget-heading .elementor-heading-title.elementor-size-xl{font-size:39px}.elementor-widget-heading .elementor-heading-title.elementor-size-xxl{font-size:59px} Management System The monitoring and control of an organization&#8217;s information technology systems, including its hardware, software, and networks, is referred to as IT Today, many businesses are putting IT management at the forefront of their business plan. IT management depends on [&hellip;]<\/p>","protected":false},"author":4,"featured_media":0,"parent":0,"menu_order":0,"comment_status":"closed","ping_status":"closed","template":"elementor_header_footer","meta":{"footnotes":""},"class_list":["post-379","page","type-page","status-publish","hentry"],"_links":{"self":[{"href":"https:\/\/agile-mediacorp.com\/es\/wp-json\/wp\/v2\/pages\/379","targetHints":{"allow":["GET"]}}],"collection":[{"href":"https:\/\/agile-mediacorp.com\/es\/wp-json\/wp\/v2\/pages"}],"about":[{"href":"https:\/\/agile-mediacorp.com\/es\/wp-json\/wp\/v2\/types\/page"}],"author":[{"embeddable":true,"href":"https:\/\/agile-mediacorp.com\/es\/wp-json\/wp\/v2\/users\/4"}],"replies":[{"embeddable":true,"href":"https:\/\/agile-mediacorp.com\/es\/wp-json\/wp\/v2\/comments?post=379"}],"version-history":[{"count":43,"href":"https:\/\/agile-mediacorp.com\/es\/wp-json\/wp\/v2\/pages\/379\/revisions"}],"predecessor-version":[{"id":1934,"href":"https:\/\/agile-mediacorp.com\/es\/wp-json\/wp\/v2\/pages\/379\/revisions\/1934"}],"wp:attachment":[{"href":"https:\/\/agile-mediacorp.com\/es\/wp-json\/wp\/v2\/media?parent=379"}],"curies":[{"name":"wp","href":"https:\/\/api.w.org\/{rel}","templated":true}]}}