{"id":403,"date":"2022-10-04T14:55:27","date_gmt":"2022-10-04T14:55:27","guid":{"rendered":"https:\/\/agile-mediacorp.com\/?page_id=403"},"modified":"2022-10-06T20:10:16","modified_gmt":"2022-10-06T20:10:16","slug":"software-services","status":"publish","type":"page","link":"https:\/\/agile-mediacorp.com\/es\/servicios-de-software\/","title":{"rendered":"Servicios de software"},"content":{"rendered":"<div data-elementor-type=\"wp-page\" data-elementor-id=\"403\" class=\"elementor elementor-403\" data-elementor-post-type=\"page\">\n\t\t\t\t\t\t<section class=\"elementor-section elementor-top-section elementor-element elementor-element-58b2459 elementor-section-full_width elementor-section-height-default elementor-section-height-default elementor-invisible\" data-id=\"58b2459\" data-element_type=\"section\" data-settings=\"{&quot;background_background&quot;:&quot;classic&quot;,&quot;animation&quot;:&quot;fadeIn&quot;}\">\n\t\t\t\t\t\t\t<div class=\"elementor-background-overlay\"><\/div>\n\t\t\t\t\t\t\t<div class=\"elementor-container elementor-column-gap-default\">\n\t\t\t\t\t<div class=\"elementor-column elementor-col-100 elementor-top-column elementor-element elementor-element-6e6d2894\" data-id=\"6e6d2894\" data-element_type=\"column\">\n\t\t\t<div class=\"elementor-widget-wrap elementor-element-populated\">\n\t\t\t\t\t\t<div class=\"elementor-element elementor-element-60af13f0 elementor-invisible elementor-widget elementor-widget-heading\" data-id=\"60af13f0\" data-element_type=\"widget\" data-settings=\"{&quot;_animation&quot;:&quot;fadeIn&quot;}\" data-widget_type=\"heading.default\">\n\t\t\t\t<div class=\"elementor-widget-container\">\n\t\t\t\t\t<h1 class=\"elementor-heading-title elementor-size-default\">Servicios de software<\/h1>\t\t\t\t<\/div>\n\t\t\t\t<\/div>\n\t\t\t\t\t<\/div>\n\t\t<\/div>\n\t\t\t\t\t<\/div>\n\t\t<\/section>\n\t\t\t\t<section class=\"elementor-section elementor-top-section elementor-element elementor-element-7211611f elementor-reverse-mobile elementor-section-boxed elementor-section-height-default elementor-section-height-default\" data-id=\"7211611f\" data-element_type=\"section\">\n\t\t\t\t\t\t<div class=\"elementor-container elementor-column-gap-default\">\n\t\t\t\t\t<div class=\"elementor-column elementor-col-100 elementor-top-column elementor-element elementor-element-644a105c\" data-id=\"644a105c\" data-element_type=\"column\">\n\t\t\t<div class=\"elementor-widget-wrap elementor-element-populated\">\n\t\t\t\t\t\t<div class=\"elementor-element elementor-element-8a7aa0a elementor-invisible elementor-widget elementor-widget-text-editor\" data-id=\"8a7aa0a\" data-element_type=\"widget\" data-settings=\"{&quot;_animation&quot;:&quot;fadeIn&quot;}\" data-widget_type=\"text-editor.default\">\n\t\t\t\t<div class=\"elementor-widget-container\">\n\t\t\t\t\t\t\t\t\t<p>La tecnolog\u00eda es un componente esencial de cualquier organizaci\u00f3n de \u00e9xito, pero debe entenderse y utilizarse correctamente. Puede resultar dif\u00edcil estar al d\u00eda de las oportunidades que ofrece la tecnolog\u00eda, ya que avanza con gran rapidez, pero asegurarse de que su empresa utiliza las mejores herramientas para sus necesidades es vital para obtener el m\u00e1ximo rendimiento.<\/p>\t\t\t\t\t\t\t\t<\/div>\n\t\t\t\t<\/div>\n\t\t\t\t\t<\/div>\n\t\t<\/div>\n\t\t\t\t\t<\/div>\n\t\t<\/section>\n\t\t\t\t<section class=\"elementor-section elementor-top-section elementor-element elementor-element-7a470d9a elementor-section-boxed elementor-section-height-default elementor-section-height-default\" data-id=\"7a470d9a\" data-element_type=\"section\">\n\t\t\t\t\t\t<div class=\"elementor-container elementor-column-gap-default\">\n\t\t\t\t\t<div class=\"elementor-column elementor-col-100 elementor-top-column elementor-element elementor-element-2eaceb32\" data-id=\"2eaceb32\" data-element_type=\"column\">\n\t\t\t<div class=\"elementor-widget-wrap elementor-element-populated\">\n\t\t\t\t\t\t<div class=\"elementor-element elementor-element-67b37835 elementor-invisible elementor-widget elementor-widget-qi_addons_for_elementor_tabs_vertical\" data-id=\"67b37835\" data-element_type=\"widget\" data-settings=\"{&quot;_animation&quot;:&quot;fadeIn&quot;}\" data-widget_type=\"qi_addons_for_elementor_tabs_vertical.default\">\n\t\t\t\t<div class=\"elementor-widget-container\">\n\t\t\t\t\t<div class=\"qodef-shortcode qodef-m qodef-qi-tabs-vertical qodef-qi-clear qodef-layout--simple qodef-responsive--680 qodef-title-hover--sideline-draw qodef-title-sideline-from-top\">\n\t<ul class=\"qodef-tabs-vertical-navigation\">\n\t\t<li>\n\t<h5 class=\"qodef-tab-title\" role=\"tab\">\n\t\t<a href=\"#qodef-tab-14d8b92\">\n\t\t\t<span class=\"q-text\">\n\t\t\t\tAsistencia al sistema de gesti\u00f3n\t\t\t<\/span>\n\t\t<\/a>\n\t<\/h5>\n<\/li>\n<li>\n\t<h5 class=\"qodef-tab-title\" role=\"tab\">\n\t\t<a href=\"#qodef-tab-db837db\">\n\t\t\t<span class=\"q-text\">\n\t\t\t\tSoluciones para el software\t\t\t<\/span>\n\t\t<\/a>\n\t<\/h5>\n<\/li>\n\t<\/ul>\n\t<div class=\"qodef-tabs-vertical-content\" id=\"qodef-tab-14d8b92\">\n\t<p>Agile Corp Solutions utiliza herramientas y tecnolog\u00edas para ayudar a mejorar algunos de los procesos involucrados en los sistemas de gesti\u00f3n como parte de nuestro enfoque en ofrecer soluciones de sistemas de gesti\u00f3n para nuestros clientes.<\/p><p>Estas herramientas y programas inform\u00e1ticos est\u00e1n dise\u00f1ados para ayudar:<\/p><ul><li>Control y verificaci\u00f3n del cumplimiento<\/li><li>Seguimiento de las decisiones y actividades<\/li><li>Obtener los datos pertinentes y ofrecer an\u00e1lisis e informes<\/li><li>Administraci\u00f3n de la informaci\u00f3n<\/li><\/ul><p>A continuaci\u00f3n se enumeran algunos de los procesos a los que dan soporte nuestras herramientas y software:<\/p><ul><li>Gesti\u00f3n de incidencias<\/li><li>Gesti\u00f3n de la evaluaci\u00f3n de riesgos y de los registros de riesgos<\/li><li>Controles internos<\/li><li>Gesti\u00f3n de la conformidad<\/li><li>Gesti\u00f3n de las no conformidades \/ Acciones correctivas y preventivas<\/li><\/ul><\/div>\n<div class=\"qodef-tabs-vertical-content\" id=\"qodef-tab-db837db\">\n\t<p>La oferta de soluciones de Agile Corp Solutions tambi\u00e9n incluye el desarrollo de aplicaciones. Las aplicaciones est\u00e1n relacionadas con Agile Corp Solutions (Sistemas de Gesti\u00f3n, Contrataci\u00f3n y Adquisici\u00f3n) y fueron creadas para servir a nuestro objetivo general de mejorar la eficiencia y ayudar a las organizaciones a centrarse en su negocio principal.<\/p><p>Garant\u00eda de compra para el pago (P2P)<\/p><ul><li>Una revolucionaria oferta de tecnolog\u00eda y servicios que elimina las fugas de CAPEX \/ OPEX y reduce dr\u00e1sticamente los gastos generales.<\/li><li>Enfoque P2P que integra la tecnolog\u00eda intuitiva de las aplicaciones inteligentes con una completa capacidad web.<\/li><li>Los procedimientos racionalizados y automatizados proporcionan un enorme beneficio a todas las partes interesadas, al tiempo que reducen los gastos generales de forma inmediata.<\/li><li>Aumenta la apertura y disminuye el papeleo.<\/li><\/ul><\/div>\n<\/div>\n\t\t\t\t<\/div>\n\t\t\t\t<\/div>\n\t\t\t\t\t<\/div>\n\t\t<\/div>\n\t\t\t\t\t<\/div>\n\t\t<\/section>\n\t\t\t\t<section class=\"elementor-section elementor-top-section elementor-element elementor-element-1595c281 elementor-section-boxed elementor-section-height-default elementor-section-height-default\" data-id=\"1595c281\" data-element_type=\"section\">\n\t\t\t\t\t\t<div class=\"elementor-container elementor-column-gap-default\">\n\t\t\t\t\t<div class=\"elementor-column elementor-col-100 elementor-top-column elementor-element elementor-element-18e7a09d\" data-id=\"18e7a09d\" data-element_type=\"column\">\n\t\t\t<div class=\"elementor-widget-wrap elementor-element-populated\">\n\t\t\t\t\t\t<div class=\"elementor-element elementor-element-1e158096 elementor-invisible elementor-widget elementor-widget-heading\" data-id=\"1e158096\" data-element_type=\"widget\" data-settings=\"{&quot;_animation&quot;:&quot;fadeIn&quot;}\" data-widget_type=\"heading.default\">\n\t\t\t\t<div class=\"elementor-widget-container\">\n\t\t\t\t\t<h3 class=\"elementor-heading-title elementor-size-default\">Soluciones<\/h3>\t\t\t\t<\/div>\n\t\t\t\t<\/div>\n\t\t\t\t<div class=\"elementor-element elementor-element-3ca2142b elementor-widget__width-initial elementor-widget-tablet__width-initial elementor-widget-mobile__width-inherit elementor-invisible elementor-widget elementor-widget-qi_addons_for_elementor_banner\" data-id=\"3ca2142b\" data-element_type=\"widget\" data-settings=\"{&quot;_animation&quot;:&quot;fadeIn&quot;}\" data-widget_type=\"qi_addons_for_elementor_banner.default\">\n\t\t\t\t<div class=\"elementor-widget-container\">\n\t\t\t\t\t<div class=\"qodef-shortcode qodef-m qodef-qi-banner qodef-layout--in-box qodef-vertical--bottom qodef-horizontal--left qodef-image--hover-zoom\">\n\t<div class=\"qodef-m-image\">\n\t<img fetchpriority=\"high\" decoding=\"async\" width=\"650\" height=\"650\" src=\"https:\/\/agile-mediacorp.com\/wp-content\/uploads\/2022\/10\/manufacturing1-650x650.png\" class=\"attachment-qi_addons_for_elementor_image_size_square size-qi_addons_for_elementor_image_size_square\" alt=\"\" srcset=\"https:\/\/agile-mediacorp.com\/wp-content\/uploads\/2022\/10\/manufacturing1-650x650.png 650w, https:\/\/agile-mediacorp.com\/wp-content\/uploads\/2022\/10\/manufacturing1-300x300.png 300w, https:\/\/agile-mediacorp.com\/wp-content\/uploads\/2022\/10\/manufacturing1-150x150.png 150w, https:\/\/agile-mediacorp.com\/wp-content\/uploads\/2022\/10\/manufacturing1-768x768.png 768w, https:\/\/agile-mediacorp.com\/wp-content\/uploads\/2022\/10\/manufacturing1-12x12.png 12w, https:\/\/agile-mediacorp.com\/wp-content\/uploads\/2022\/10\/manufacturing1.png 800w\" sizes=\"(max-width: 650px) 100vw, 650px\" \/><\/div>\n\t<div class=\"qodef-m-content\">\n\t\t<div class=\"qodef-m-content-inner\">\n\t\t\t\t\t\t\t<h5 class=\"qodef-m-title\">\n\t\tManufactura\t<\/h5>\n\t\t\t\t\t\t\t\t<\/div>\n\t<\/div>\n\t\t<a itemprop=\"url\" href=\"https:\/\/agile-mediacorp.com\/es\/manufactura\/\" class=\"qodef-m-banner-link\" target=\"_self\"><\/a>\n<\/div>\n\t\t\t\t<\/div>\n\t\t\t\t<\/div>\n\t\t\t\t<div class=\"elementor-element elementor-element-19d7d90c elementor-widget__width-initial elementor-widget-tablet__width-initial elementor-widget-mobile__width-inherit elementor-invisible elementor-widget elementor-widget-qi_addons_for_elementor_banner\" data-id=\"19d7d90c\" data-element_type=\"widget\" data-settings=\"{&quot;_animation&quot;:&quot;fadeIn&quot;}\" data-widget_type=\"qi_addons_for_elementor_banner.default\">\n\t\t\t\t<div class=\"elementor-widget-container\">\n\t\t\t\t\t<div class=\"qodef-shortcode qodef-m qodef-qi-banner qodef-layout--in-box qodef-vertical--bottom qodef-horizontal--left qodef-image--hover-zoom\">\n\t<div class=\"qodef-m-image\">\n\t<img decoding=\"async\" width=\"650\" height=\"650\" src=\"https:\/\/agile-mediacorp.com\/wp-content\/uploads\/2022\/10\/media1-650x650.png\" class=\"attachment-qi_addons_for_elementor_image_size_square size-qi_addons_for_elementor_image_size_square\" alt=\"\" srcset=\"https:\/\/agile-mediacorp.com\/wp-content\/uploads\/2022\/10\/media1-650x650.png 650w, https:\/\/agile-mediacorp.com\/wp-content\/uploads\/2022\/10\/media1-300x300.png 300w, https:\/\/agile-mediacorp.com\/wp-content\/uploads\/2022\/10\/media1-150x150.png 150w, https:\/\/agile-mediacorp.com\/wp-content\/uploads\/2022\/10\/media1-768x768.png 768w, https:\/\/agile-mediacorp.com\/wp-content\/uploads\/2022\/10\/media1-12x12.png 12w, https:\/\/agile-mediacorp.com\/wp-content\/uploads\/2022\/10\/media1.png 800w\" sizes=\"(max-width: 650px) 100vw, 650px\" \/><\/div>\n\t<div class=\"qodef-m-content\">\n\t\t<div class=\"qodef-m-content-inner\">\n\t\t\t\t\t\t\t<h5 class=\"qodef-m-title\">\n\t\tMedia\t<\/h5>\n\t\t\t\t\t\t\t\t<\/div>\n\t<\/div>\n\t\t<a itemprop=\"url\" href=\"https:\/\/agile-mediacorp.com\/es\/media\/\" class=\"qodef-m-banner-link\" target=\"_self\"><\/a>\n<\/div>\n\t\t\t\t<\/div>\n\t\t\t\t<\/div>\n\t\t\t\t<div class=\"elementor-element elementor-element-10cfa494 elementor-widget__width-initial elementor-widget-tablet__width-initial elementor-widget-mobile__width-inherit elementor-invisible elementor-widget elementor-widget-qi_addons_for_elementor_banner\" data-id=\"10cfa494\" data-element_type=\"widget\" data-settings=\"{&quot;_animation&quot;:&quot;fadeIn&quot;}\" data-widget_type=\"qi_addons_for_elementor_banner.default\">\n\t\t\t\t<div class=\"elementor-widget-container\">\n\t\t\t\t\t<div class=\"qodef-shortcode qodef-m qodef-qi-banner qodef-layout--in-box qodef-vertical--bottom qodef-horizontal--left qodef-image--hover-zoom\">\n\t<div class=\"qodef-m-image\">\n\t<img decoding=\"async\" width=\"650\" height=\"650\" src=\"https:\/\/agile-mediacorp.com\/wp-content\/uploads\/2022\/10\/retail1-650x650.png\" class=\"attachment-qi_addons_for_elementor_image_size_square size-qi_addons_for_elementor_image_size_square\" alt=\"\" srcset=\"https:\/\/agile-mediacorp.com\/wp-content\/uploads\/2022\/10\/retail1-650x650.png 650w, https:\/\/agile-mediacorp.com\/wp-content\/uploads\/2022\/10\/retail1-300x300.png 300w, https:\/\/agile-mediacorp.com\/wp-content\/uploads\/2022\/10\/retail1-150x150.png 150w, https:\/\/agile-mediacorp.com\/wp-content\/uploads\/2022\/10\/retail1-768x768.png 768w, https:\/\/agile-mediacorp.com\/wp-content\/uploads\/2022\/10\/retail1-12x12.png 12w, https:\/\/agile-mediacorp.com\/wp-content\/uploads\/2022\/10\/retail1.png 800w\" sizes=\"(max-width: 650px) 100vw, 650px\" \/><\/div>\n\t<div class=\"qodef-m-content\">\n\t\t<div class=\"qodef-m-content-inner\">\n\t\t\t\t\t\t\t<h5 class=\"qodef-m-title\">\n\t\tMinoristas\t<\/h5>\n\t\t\t\t\t\t\t\t<\/div>\n\t<\/div>\n\t\t<a itemprop=\"url\" href=\"https:\/\/agile-mediacorp.com\/es\/minoristas\/\" class=\"qodef-m-banner-link\" target=\"_self\"><\/a>\n<\/div>\n\t\t\t\t<\/div>\n\t\t\t\t<\/div>\n\t\t\t\t<div class=\"elementor-element elementor-element-64817f3c elementor-widget__width-initial elementor-widget-tablet__width-initial elementor-widget-mobile__width-inherit elementor-invisible elementor-widget elementor-widget-qi_addons_for_elementor_banner\" data-id=\"64817f3c\" data-element_type=\"widget\" data-settings=\"{&quot;_animation&quot;:&quot;fadeIn&quot;}\" data-widget_type=\"qi_addons_for_elementor_banner.default\">\n\t\t\t\t<div class=\"elementor-widget-container\">\n\t\t\t\t\t<div class=\"qodef-shortcode qodef-m qodef-qi-banner qodef-layout--in-box qodef-vertical--bottom qodef-horizontal--left qodef-image--hover-zoom\">\n\t<div class=\"qodef-m-image\">\n\t<img loading=\"lazy\" decoding=\"async\" width=\"650\" height=\"650\" src=\"https:\/\/agile-mediacorp.com\/wp-content\/uploads\/2022\/10\/software1-650x650.png\" class=\"attachment-qi_addons_for_elementor_image_size_square size-qi_addons_for_elementor_image_size_square\" alt=\"\" srcset=\"https:\/\/agile-mediacorp.com\/wp-content\/uploads\/2022\/10\/software1-650x650.png 650w, https:\/\/agile-mediacorp.com\/wp-content\/uploads\/2022\/10\/software1-300x300.png 300w, https:\/\/agile-mediacorp.com\/wp-content\/uploads\/2022\/10\/software1-150x150.png 150w, https:\/\/agile-mediacorp.com\/wp-content\/uploads\/2022\/10\/software1-768x768.png 768w, https:\/\/agile-mediacorp.com\/wp-content\/uploads\/2022\/10\/software1-12x12.png 12w, https:\/\/agile-mediacorp.com\/wp-content\/uploads\/2022\/10\/software1.png 800w\" sizes=\"(max-width: 650px) 100vw, 650px\" \/><\/div>\n\t<div class=\"qodef-m-content\">\n\t\t<div class=\"qodef-m-content-inner\">\n\t\t\t\t\t\t\t<h5 class=\"qodef-m-title\">\n\t\tSoftware\t<\/h5>\n\t\t\t\t\t\t\t\t<\/div>\n\t<\/div>\n\t\t<a itemprop=\"url\" href=\"https:\/\/agile-mediacorp.com\/es\/software\/\" class=\"qodef-m-banner-link\" target=\"_self\"><\/a>\n<\/div>\n\t\t\t\t<\/div>\n\t\t\t\t<\/div>\n\t\t\t\t\t<\/div>\n\t\t<\/div>\n\t\t\t\t\t<\/div>\n\t\t<\/section>\n\t\t\t\t<section class=\"elementor-section elementor-top-section elementor-element elementor-element-3be8ba97 elementor-section-full_width elementor-section-height-default elementor-section-height-default\" data-id=\"3be8ba97\" data-element_type=\"section\">\n\t\t\t\t\t\t<div class=\"elementor-container elementor-column-gap-default\">\n\t\t\t\t\t<div class=\"elementor-column elementor-col-100 elementor-top-column elementor-element elementor-element-6c76c6c4\" data-id=\"6c76c6c4\" data-element_type=\"column\">\n\t\t\t<div class=\"elementor-widget-wrap elementor-element-populated\">\n\t\t\t\t\t\t<div class=\"elementor-element elementor-element-45c4a88e elementor-invisible elementor-widget elementor-widget-qi_addons_for_elementor_call_to_action\" data-id=\"45c4a88e\" data-element_type=\"widget\" data-settings=\"{&quot;_animation&quot;:&quot;fadeIn&quot;}\" data-widget_type=\"qi_addons_for_elementor_call_to_action.default\">\n\t\t\t\t<div class=\"elementor-widget-container\">\n\t\t\t\t\t<div class=\"qodef-shortcode qodef-m qodef-qi-call-to-action qodef-layout--standard qodef-button-below--680\">\n\t<div class=\"qodef-m-inner\">\n\t\t<div class=\"qodef-m-content\">\n\t\t\t<h4 class=\"qodef-m-title\">\n\t\t\tP\u00f3ngase en contacto con nosotros para que podamos ofrecerle la ayuda que necesita.\t\t<\/h4>\n\t\t<\/div>\n\t\t\t<div class=\"qodef-m-button\">\n\t\t<a class=\"qodef-shortcode qodef-m qodef-qi-button qodef-html--link qodef-layout--filled qodef-type--standard qodef-size--small qodef-icon--left\" href=\"https:\/\/agile-mediacorp.com\/es\/contacto\/\" target=\"_self\">\t<span class=\"qodef-m-text\">Contacto<\/span>\t<\/a>\t<\/div>\n\t\t\t<\/div>\n<\/div>\n\t\t\t\t<\/div>\n\t\t\t\t<\/div>\n\t\t\t\t\t<\/div>\n\t\t<\/div>\n\t\t\t\t\t<\/div>\n\t\t<\/section>\n\t\t\t\t<\/div>","protected":false},"excerpt":{"rendered":"<p>Software Services Technology is an essential component of any successful organization, but it must be understood and used correctly. It might be difficult to keep up with current opportunities given by technology since it advances so rapidly, but ensuring your firm is using the best tools for its needs is vital for top performance. Management [&hellip;]<\/p>","protected":false},"author":4,"featured_media":0,"parent":0,"menu_order":0,"comment_status":"closed","ping_status":"closed","template":"elementor_header_footer","meta":{"footnotes":""},"class_list":["post-403","page","type-page","status-publish","hentry"],"_links":{"self":[{"href":"https:\/\/agile-mediacorp.com\/es\/wp-json\/wp\/v2\/pages\/403","targetHints":{"allow":["GET"]}}],"collection":[{"href":"https:\/\/agile-mediacorp.com\/es\/wp-json\/wp\/v2\/pages"}],"about":[{"href":"https:\/\/agile-mediacorp.com\/es\/wp-json\/wp\/v2\/types\/page"}],"author":[{"embeddable":true,"href":"https:\/\/agile-mediacorp.com\/es\/wp-json\/wp\/v2\/users\/4"}],"replies":[{"embeddable":true,"href":"https:\/\/agile-mediacorp.com\/es\/wp-json\/wp\/v2\/comments?post=403"}],"version-history":[{"count":28,"href":"https:\/\/agile-mediacorp.com\/es\/wp-json\/wp\/v2\/pages\/403\/revisions"}],"predecessor-version":[{"id":1584,"href":"https:\/\/agile-mediacorp.com\/es\/wp-json\/wp\/v2\/pages\/403\/revisions\/1584"}],"wp:attachment":[{"href":"https:\/\/agile-mediacorp.com\/es\/wp-json\/wp\/v2\/media?parent=403"}],"curies":[{"name":"wp","href":"https:\/\/api.w.org\/{rel}","templated":true}]}}