{"id":482,"date":"2022-10-04T15:35:09","date_gmt":"2022-10-04T15:35:09","guid":{"rendered":"https:\/\/agile-mediacorp.com\/?page_id=482"},"modified":"2023-05-02T15:47:06","modified_gmt":"2023-05-02T15:47:06","slug":"healthcare","status":"publish","type":"page","link":"https:\/\/agile-mediacorp.com\/es\/salud-2\/","title":{"rendered":"Salud"},"content":{"rendered":"<div data-elementor-type=\"wp-page\" data-elementor-id=\"482\" class=\"elementor elementor-482\" data-elementor-post-type=\"page\">\n\t\t\t\t\t\t<section class=\"elementor-section elementor-top-section elementor-element elementor-element-2a552d3b elementor-reverse-mobile elementor-section-boxed elementor-section-height-default elementor-section-height-default\" data-id=\"2a552d3b\" data-element_type=\"section\">\n\t\t\t\t\t\t<div class=\"elementor-container elementor-column-gap-default\">\n\t\t\t\t\t<div class=\"elementor-column elementor-col-100 elementor-top-column elementor-element elementor-element-432efc1e\" data-id=\"432efc1e\" data-element_type=\"column\">\n\t\t\t<div class=\"elementor-widget-wrap elementor-element-populated\">\n\t\t\t\t\t\t<div class=\"elementor-element elementor-element-4a5d9dd elementor-widget elementor-widget-heading\" data-id=\"4a5d9dd\" data-element_type=\"widget\" data-widget_type=\"heading.default\">\n\t\t\t\t<div class=\"elementor-widget-container\">\n\t\t\t\t\t<h2 class=\"elementor-heading-title elementor-size-default\">Salud<\/h2>\t\t\t\t<\/div>\n\t\t\t\t<\/div>\n\t\t\t\t<div class=\"elementor-element elementor-element-4844b031 elementor-invisible elementor-widget elementor-widget-text-editor\" data-id=\"4844b031\" data-element_type=\"widget\" data-settings=\"{&quot;_animation&quot;:&quot;fadeIn&quot;}\" data-widget_type=\"text-editor.default\">\n\t\t\t\t<div class=\"elementor-widget-container\">\n\t\t\t\t\t\t\t\t\t<p style=\"text-align: center\">Tanto para los pacientes como para el personal sanitario, el sistema sanitario puede resultar estresante y abrumador. Los clientes quieren un servicio r\u00e1pido, personalizado y f\u00e1cil. Los empleados quieren hacerlo, pero un mar de fuentes de datos y canales de comunicaci\u00f3n desconectados dificulta que los equipos cooperen eficazmente y creen experiencias extraordinarias. Las empresas sanitarias pueden utilizar Agile Corp Solutions para ofrecer un servicio de atenci\u00f3n al cliente seguro, simplificado y personalizado que proporcione experiencias positivas a los pacientes, los socios y el personal, al tiempo que aumenta la l\u00ednea financiera. Nuestra soluci\u00f3n adaptable puede instalarse r\u00e1pida y f\u00e1cilmente a medida que cambian sus necesidades.<\/p>\t\t\t\t\t\t\t\t<\/div>\n\t\t\t\t<\/div>\n\t\t\t\t<div class=\"elementor-element elementor-element-2e3b3e7 elementor-invisible elementor-widget elementor-widget-text-editor\" data-id=\"2e3b3e7\" data-element_type=\"widget\" data-settings=\"{&quot;_animation&quot;:&quot;fadeIn&quot;}\" data-widget_type=\"text-editor.default\">\n\t\t\t\t<div class=\"elementor-widget-container\">\n\t\t\t\t\t\t\t\t\t<p><img fetchpriority=\"high\" decoding=\"async\" class=\"wp-image-770 size-full aligncenter\" src=\"https:\/\/agile-mediacorp.com\/wp-content\/uploads\/2022\/10\/healtcare.png\" alt=\"\" width=\"800\" height=\"450\" srcset=\"https:\/\/agile-mediacorp.com\/wp-content\/uploads\/2022\/10\/healtcare.png 800w, https:\/\/agile-mediacorp.com\/wp-content\/uploads\/2022\/10\/healtcare-300x169.png 300w, https:\/\/agile-mediacorp.com\/wp-content\/uploads\/2022\/10\/healtcare-768x432.png 768w, https:\/\/agile-mediacorp.com\/wp-content\/uploads\/2022\/10\/healtcare-18x10.png 18w\" sizes=\"(max-width: 800px) 100vw, 800px\" \/><\/p><p>\u00a0<\/p>\t\t\t\t\t\t\t\t<\/div>\n\t\t\t\t<\/div>\n\t\t\t\t<div class=\"elementor-element elementor-element-ef7b5e4 elementor-widget__width-initial elementor-widget-tablet__width-initial elementor-widget-mobile__width-inherit elementor-invisible elementor-widget elementor-widget-heading\" data-id=\"ef7b5e4\" data-element_type=\"widget\" data-settings=\"{&quot;_animation&quot;:&quot;fadeIn&quot;}\" data-widget_type=\"heading.default\">\n\t\t\t\t<div class=\"elementor-widget-container\">\n\t\t\t\t\t<h5 class=\"elementor-heading-title elementor-size-default\">Considere el panorama general<\/h5>\t\t\t\t<\/div>\n\t\t\t\t<\/div>\n\t\t\t\t<div class=\"elementor-element elementor-element-d02177e elementor-widget elementor-widget-text-editor\" data-id=\"d02177e\" data-element_type=\"widget\" data-widget_type=\"text-editor.default\">\n\t\t\t\t<div class=\"elementor-widget-container\">\n\t\t\t\t\t\t\t\t\t<p>Se acab\u00f3 el tiempo perdido buscando informaci\u00f3n. Obtenga una perspectiva completa de 360 grados de cada paciente con Agile Corp Solutions para proporcionar una asistencia y un cuidado m\u00e1s personalizados. Integre los datos cr\u00edticos de las HCE, los dispositivos m\u00e9dicos y los historiales de citas para que su equipo pueda dedicar menos tiempo a la adquisici\u00f3n de datos y m\u00e1s a los pacientes.<\/p>\t\t\t\t\t\t\t\t<\/div>\n\t\t\t\t<\/div>\n\t\t\t\t<div class=\"elementor-element elementor-element-41598b6 elementor-widget__width-initial elementor-widget-tablet__width-initial elementor-widget-mobile__width-inherit elementor-invisible elementor-widget elementor-widget-heading\" data-id=\"41598b6\" data-element_type=\"widget\" data-settings=\"{&quot;_animation&quot;:&quot;fadeIn&quot;}\" data-widget_type=\"heading.default\">\n\t\t\t\t<div class=\"elementor-widget-container\">\n\t\t\t\t\t<h5 class=\"elementor-heading-title elementor-size-default\">Estar siempre disponible para las emergencias<\/h5>\t\t\t\t<\/div>\n\t\t\t\t<\/div>\n\t\t\t\t<div class=\"elementor-element elementor-element-0ebe8cf elementor-widget elementor-widget-text-editor\" data-id=\"0ebe8cf\" data-element_type=\"widget\" data-widget_type=\"text-editor.default\">\n\t\t\t\t<div class=\"elementor-widget-container\">\n\t\t\t\t\t\t\t\t\t<p>\u00a0Sus pacientes pueden contar con usted cuando lo necesiten. Es f\u00e1cil estar disponible a trav\u00e9s de cualquier canal, incluyendo tel\u00e9fono, chat, correo electr\u00f3nico, texto y m\u00f3vil, con Agile Corp Solutions Support Suite, para que sus pacientes puedan ponerse en contacto con usted cuando y donde lo necesiten. Estar\u00e1 constantemente un paso por delante de sus necesidades con ayuda proactiva y recordatorios.<\/p>\t\t\t\t\t\t\t\t<\/div>\n\t\t\t\t<\/div>\n\t\t\t\t<div class=\"elementor-element elementor-element-aa87d55 elementor-widget__width-initial elementor-widget-tablet__width-initial elementor-widget-mobile__width-inherit elementor-invisible elementor-widget elementor-widget-heading\" data-id=\"aa87d55\" data-element_type=\"widget\" data-settings=\"{&quot;_animation&quot;:&quot;fadeIn&quot;}\" data-widget_type=\"heading.default\">\n\t\t\t\t<div class=\"elementor-widget-container\">\n\t\t\t\t\t<h5 class=\"elementor-heading-title elementor-size-default\">Trabajar como una unidad<\/h5>\t\t\t\t<\/div>\n\t\t\t\t<\/div>\n\t\t\t\t<div class=\"elementor-element elementor-element-534fd67 elementor-widget elementor-widget-text-editor\" data-id=\"534fd67\" data-element_type=\"widget\" data-widget_type=\"text-editor.default\">\n\t\t\t\t<div class=\"elementor-widget-container\">\n\t\t\t\t\t\t\t\t\t<p>Una atenci\u00f3n de calidad requiere colaboraci\u00f3n y el uso de tecnolog\u00edas de comunicaci\u00f3n eficientes que simplifiquen el trabajo. Trabajar sin problemas con equipos de atenci\u00f3n dispersos y especializados, as\u00ed como con redes de pagadores, para ofrecer a los pacientes una mejor experiencia en cada etapa del recorrido del paciente.<\/p>\t\t\t\t\t\t\t\t<\/div>\n\t\t\t\t<\/div>\n\t\t\t\t<div class=\"elementor-element elementor-element-0d8db52 elementor-widget__width-initial elementor-widget-tablet__width-initial elementor-widget-mobile__width-inherit elementor-invisible elementor-widget elementor-widget-heading\" data-id=\"0d8db52\" data-element_type=\"widget\" data-settings=\"{&quot;_animation&quot;:&quot;fadeIn&quot;}\" data-widget_type=\"heading.default\">\n\t\t\t\t<div class=\"elementor-widget-container\">\n\t\t\t\t\t<h5 class=\"elementor-heading-title elementor-size-default\">Mantener las revisiones frecuentes<\/h5>\t\t\t\t<\/div>\n\t\t\t\t<\/div>\n\t\t\t\t<div class=\"elementor-element elementor-element-4bbeeeb elementor-widget elementor-widget-text-editor\" data-id=\"4bbeeeb\" data-element_type=\"widget\" data-widget_type=\"text-editor.default\">\n\t\t\t\t<div class=\"elementor-widget-container\">\n\t\t\t\t\t\t\t\t\t<p>Con datos sofisticados para ayudar a la planificaci\u00f3n y a la toma de decisiones, podr\u00e1 saber qu\u00e9 es lo que impulsa la felicidad y los resultados de los pacientes. Comience de inmediato con los paneles de mejores pr\u00e1cticas para examinar la experiencia del paciente, o cree r\u00e1pidamente gr\u00e1ficos y paneles personalizados para supervisar lo que es m\u00e1s importante para su empresa.<\/p>\t\t\t\t\t\t\t\t<\/div>\n\t\t\t\t<\/div>\n\t\t\t\t<div class=\"elementor-element elementor-element-b7f193d elementor-widget__width-initial elementor-widget-tablet__width-initial elementor-widget-mobile__width-inherit elementor-invisible elementor-widget elementor-widget-heading\" data-id=\"b7f193d\" data-element_type=\"widget\" data-settings=\"{&quot;_animation&quot;:&quot;fadeIn&quot;}\" data-widget_type=\"heading.default\">\n\t\t\t\t<div class=\"elementor-widget-container\">\n\t\t\t\t\t<h5 class=\"elementor-heading-title elementor-size-default\">Puede estar seguro de que<\/h5>\t\t\t\t<\/div>\n\t\t\t\t<\/div>\n\t\t\t\t<div class=\"elementor-element elementor-element-536b63e elementor-widget elementor-widget-text-editor\" data-id=\"536b63e\" data-element_type=\"widget\" data-widget_type=\"text-editor.default\">\n\t\t\t\t<div class=\"elementor-widget-container\">\n\t\t\t\t\t\t\t\t\t<p>Para garantizar la confianza del paciente, Agile Corp Solutions ofrece las mejores medidas de seguridad de su clase. Adem\u00e1s, con los permisos basados en roles y un s\u00f3lido sistema de documentaci\u00f3n, su empresa cumplir\u00e1 con todas las normas de privacidad y protecci\u00f3n de datos aplicables, permitiendo que la atenci\u00f3n al paciente siga siendo la m\u00e1xima prioridad.<\/p>\t\t\t\t\t\t\t\t<\/div>\n\t\t\t\t<\/div>\n\t\t\t\t\t<\/div>\n\t\t<\/div>\n\t\t\t\t\t<\/div>\n\t\t<\/section>\n\t\t\t\t<\/div>","protected":false},"excerpt":{"rendered":"<p>\/*! elementor &#8211; v3.12.2 &#8211; 23-04-2023 *\/ .elementor-heading-title{padding:0;margin:0;line-height:1}.elementor-widget-heading .elementor-heading-title[class*=elementor-size-]&gt;a{color:inherit;font-size:inherit;line-height:inherit}.elementor-widget-heading .elementor-heading-title.elementor-size-small{font-size:15px}.elementor-widget-heading .elementor-heading-title.elementor-size-medium{font-size:19px}.elementor-widget-heading .elementor-heading-title.elementor-size-large{font-size:29px}.elementor-widget-heading .elementor-heading-title.elementor-size-xl{font-size:39px}.elementor-widget-heading .elementor-heading-title.elementor-size-xxl{font-size:59px} Healthcare For both patients and healthcare workers, the healthcare system may be stressful and overwhelming. Customers want prompt, personalized, and easy service. Employees want to do so, but a sea of disconnected data sources and communication channels makes it tough for [&hellip;]<\/p>","protected":false},"author":4,"featured_media":0,"parent":0,"menu_order":0,"comment_status":"closed","ping_status":"closed","template":"elementor_header_footer","meta":{"footnotes":""},"class_list":["post-482","page","type-page","status-publish","hentry"],"_links":{"self":[{"href":"https:\/\/agile-mediacorp.com\/es\/wp-json\/wp\/v2\/pages\/482","targetHints":{"allow":["GET"]}}],"collection":[{"href":"https:\/\/agile-mediacorp.com\/es\/wp-json\/wp\/v2\/pages"}],"about":[{"href":"https:\/\/agile-mediacorp.com\/es\/wp-json\/wp\/v2\/types\/page"}],"author":[{"embeddable":true,"href":"https:\/\/agile-mediacorp.com\/es\/wp-json\/wp\/v2\/users\/4"}],"replies":[{"embeddable":true,"href":"https:\/\/agile-mediacorp.com\/es\/wp-json\/wp\/v2\/comments?post=482"}],"version-history":[{"count":34,"href":"https:\/\/agile-mediacorp.com\/es\/wp-json\/wp\/v2\/pages\/482\/revisions"}],"predecessor-version":[{"id":1952,"href":"https:\/\/agile-mediacorp.com\/es\/wp-json\/wp\/v2\/pages\/482\/revisions\/1952"}],"wp:attachment":[{"href":"https:\/\/agile-mediacorp.com\/es\/wp-json\/wp\/v2\/media?parent=482"}],"curies":[{"name":"wp","href":"https:\/\/api.w.org\/{rel}","templated":true}]}}