{"id":486,"date":"2022-10-04T15:36:51","date_gmt":"2022-10-04T15:36:51","guid":{"rendered":"https:\/\/agile-mediacorp.com\/?page_id=486"},"modified":"2022-10-05T22:26:19","modified_gmt":"2022-10-05T22:26:19","slug":"financial-services","status":"publish","type":"page","link":"https:\/\/agile-mediacorp.com\/es\/servicios-financieros\/","title":{"rendered":"Servicios financieros"},"content":{"rendered":"<div data-elementor-type=\"wp-page\" data-elementor-id=\"486\" class=\"elementor elementor-486\" data-elementor-post-type=\"page\">\n\t\t\t\t\t\t<section class=\"elementor-section elementor-top-section elementor-element elementor-element-2a552d3b elementor-reverse-mobile elementor-section-boxed elementor-section-height-default elementor-section-height-default\" data-id=\"2a552d3b\" data-element_type=\"section\">\n\t\t\t\t\t\t<div class=\"elementor-container elementor-column-gap-default\">\n\t\t\t\t\t<div class=\"elementor-column elementor-col-100 elementor-top-column elementor-element elementor-element-432efc1e\" data-id=\"432efc1e\" data-element_type=\"column\">\n\t\t\t<div class=\"elementor-widget-wrap elementor-element-populated\">\n\t\t\t\t\t\t<div class=\"elementor-element elementor-element-4a5d9dd elementor-widget elementor-widget-heading\" data-id=\"4a5d9dd\" data-element_type=\"widget\" data-widget_type=\"heading.default\">\n\t\t\t\t<div class=\"elementor-widget-container\">\n\t\t\t\t\t<h2 class=\"elementor-heading-title elementor-size-default\">Servicios financieros\n<\/h2>\t\t\t\t<\/div>\n\t\t\t\t<\/div>\n\t\t\t\t<div class=\"elementor-element elementor-element-4844b031 elementor-invisible elementor-widget elementor-widget-text-editor\" data-id=\"4844b031\" data-element_type=\"widget\" data-settings=\"{&quot;_animation&quot;:&quot;fadeIn&quot;}\" data-widget_type=\"text-editor.default\">\n\t\t\t\t<div class=\"elementor-widget-container\">\n\t\t\t\t\t\t\t\t\t<p style=\"text-align: center;\">Tanto si se trata de una startup de banca, seguros, gesti\u00f3n de patrimonios o inversiones, ofrecer un servicio fluido a escala puede resultar dif\u00edcil. Con Agile Corp Solutions, todos los datos de sus clientes est\u00e1n en un solo lugar, lo que permite a su equipo ofrecer orientaci\u00f3n y responder a los problemas con mayor rapidez. Y con los mayores est\u00e1ndares de seguridad de datos, puede garantizar que todo est\u00e1 seguro y protegido, proporcion\u00e1ndoles tranquilidad y una mejor experiencia.<\/p>\t\t\t\t\t\t\t\t<\/div>\n\t\t\t\t<\/div>\n\t\t\t\t<div class=\"elementor-element elementor-element-2e3b3e7 elementor-invisible elementor-widget elementor-widget-text-editor\" data-id=\"2e3b3e7\" data-element_type=\"widget\" data-settings=\"{&quot;_animation&quot;:&quot;fadeIn&quot;}\" data-widget_type=\"text-editor.default\">\n\t\t\t\t<div class=\"elementor-widget-container\">\n\t\t\t\t\t\t\t\t\t<p><img fetchpriority=\"high\" decoding=\"async\" class=\"wp-image-768 size-full aligncenter\" src=\"https:\/\/agile-mediacorp.com\/wp-content\/uploads\/2022\/10\/financial.png\" alt=\"\" width=\"800\" height=\"450\" srcset=\"https:\/\/agile-mediacorp.com\/wp-content\/uploads\/2022\/10\/financial.png 800w, https:\/\/agile-mediacorp.com\/wp-content\/uploads\/2022\/10\/financial-300x169.png 300w, https:\/\/agile-mediacorp.com\/wp-content\/uploads\/2022\/10\/financial-768x432.png 768w, https:\/\/agile-mediacorp.com\/wp-content\/uploads\/2022\/10\/financial-18x10.png 18w\" sizes=\"(max-width: 800px) 100vw, 800px\" \/><\/p><p>\u00a0<\/p>\t\t\t\t\t\t\t\t<\/div>\n\t\t\t\t<\/div>\n\t\t\t\t<div class=\"elementor-element elementor-element-ef7b5e4 elementor-widget__width-initial elementor-widget-tablet__width-initial elementor-widget-mobile__width-inherit elementor-invisible elementor-widget elementor-widget-heading\" data-id=\"ef7b5e4\" data-element_type=\"widget\" data-settings=\"{&quot;_animation&quot;:&quot;fadeIn&quot;}\" data-widget_type=\"heading.default\">\n\t\t\t\t<div class=\"elementor-widget-container\">\n\t\t\t\t\t<h5 class=\"elementor-heading-title elementor-size-default\">Una plataforma en la que sus clientes pueden confiar<\/h5>\t\t\t\t<\/div>\n\t\t\t\t<\/div>\n\t\t\t\t<div class=\"elementor-element elementor-element-d02177e elementor-widget elementor-widget-text-editor\" data-id=\"d02177e\" data-element_type=\"widget\" data-widget_type=\"text-editor.default\">\n\t\t\t\t<div class=\"elementor-widget-container\">\n\t\t\t\t\t\t\t\t\t<p>Para desarrollar relaciones s\u00f3lidas con sus clientes, primero debe entender qui\u00e9nes son y c\u00f3mo se conectan con su empresa de nuevas maneras. La plataforma de Agile Corp Solutions recopila todos los datos cr\u00edticos de su empresa, desde los sistemas administrativos y los CRM hasta los almacenes de datos y todos los departamentos intermedios. Proporcione a su personal acceso instant\u00e1neo a la informaci\u00f3n cr\u00edtica de los clientes, como el uso de los productos, las preferencias de comunicaci\u00f3n y el valor de por vida, para que los agentes puedan hacer ofertas individualizadas y dar asistencia a medida. Cuanto m\u00e1s conozca a sus consumidores, m\u00e1s sencillo ser\u00e1 proporcionarles la experiencia personalizada que exigen.<\/p>\t\t\t\t\t\t\t\t<\/div>\n\t\t\t\t<\/div>\n\t\t\t\t<div class=\"elementor-element elementor-element-41598b6 elementor-widget__width-initial elementor-widget-tablet__width-initial elementor-widget-mobile__width-inherit elementor-invisible elementor-widget elementor-widget-heading\" data-id=\"41598b6\" data-element_type=\"widget\" data-settings=\"{&quot;_animation&quot;:&quot;fadeIn&quot;}\" data-widget_type=\"heading.default\">\n\t\t\t\t<div class=\"elementor-widget-container\">\n\t\t\t\t\t<h5 class=\"elementor-heading-title elementor-size-default\">Ll\u00e9vate el banco a ellos<\/h5>\t\t\t\t<\/div>\n\t\t\t\t<\/div>\n\t\t\t\t<div class=\"elementor-element elementor-element-0ebe8cf elementor-widget elementor-widget-text-editor\" data-id=\"0ebe8cf\" data-element_type=\"widget\" data-widget_type=\"text-editor.default\">\n\t\t\t\t<div class=\"elementor-widget-container\">\n\t\t\t\t\t\t\t\t\t<p>Los clientes se est\u00e1n alejando de las oficinas bancarias para acceder a sus cuentas las 24 horas del d\u00eda, los 7 d\u00edas de la semana, lo que significa que exigen un nivel de ayuda constante cuando y donde lo necesiten. Agile Corp Solutions hace que sea sencillo garantizar que sus clientes reciban la atenci\u00f3n individualizada que exigen en todos los canales. Adem\u00e1s, con la asistencia proactiva, es sencillo anticiparse a las demandas antes de que existan, lo que se traduce en respuestas m\u00e1s r\u00e1pidas y clientes satisfechos.<\/p>\t\t\t\t\t\t\t\t<\/div>\n\t\t\t\t<\/div>\n\t\t\t\t<div class=\"elementor-element elementor-element-aa87d55 elementor-widget__width-initial elementor-widget-tablet__width-initial elementor-widget-mobile__width-inherit elementor-invisible elementor-widget elementor-widget-heading\" data-id=\"aa87d55\" data-element_type=\"widget\" data-settings=\"{&quot;_animation&quot;:&quot;fadeIn&quot;}\" data-widget_type=\"heading.default\">\n\t\t\t\t<div class=\"elementor-widget-container\">\n\t\t\t\t\t<h5 class=\"elementor-heading-title elementor-size-default\">Utilizar la IA sobre la marcha<\/h5>\t\t\t\t<\/div>\n\t\t\t\t<\/div>\n\t\t\t\t<div class=\"elementor-element elementor-element-534fd67 elementor-widget elementor-widget-text-editor\" data-id=\"534fd67\" data-element_type=\"widget\" data-widget_type=\"text-editor.default\">\n\t\t\t\t<div class=\"elementor-widget-container\">\n\t\t\t\t\t\t\t\t\t<p>Es dif\u00edcil ofrecer un servicio individualizado a escala. Con Agile Corp Solutions, puede ofrecer asesoramiento financiero de forma r\u00e1pida y eficiente aprovechando las automatizaciones, el autoservicio y la IA. Sus clientes pueden utilizar un centro de asistencia para descubrir respuestas a sus consultas y tomar decisiones financieras fundamentadas. Una base de conocimientos puede utilizarse para alimentar los chat-bots y la inteligencia artificial para desviar las consultas y, al mismo tiempo, recopilar informaci\u00f3n para remitir a los clientes al representante adecuado si es necesario. Porque una mayor comunicaci\u00f3n conduce a mejores relaciones, que es a lo que realmente se reduce todo.<\/p>\t\t\t\t\t\t\t\t<\/div>\n\t\t\t\t<\/div>\n\t\t\t\t<div class=\"elementor-element elementor-element-0d8db52 elementor-widget__width-initial elementor-widget-tablet__width-initial elementor-widget-mobile__width-inherit elementor-invisible elementor-widget elementor-widget-heading\" data-id=\"0d8db52\" data-element_type=\"widget\" data-settings=\"{&quot;_animation&quot;:&quot;fadeIn&quot;}\" data-widget_type=\"heading.default\">\n\t\t\t\t<div class=\"elementor-widget-container\">\n\t\t\t\t\t<h5 class=\"elementor-heading-title elementor-size-default\">Conf\u00ede en nosotros<\/h5>\t\t\t\t<\/div>\n\t\t\t\t<\/div>\n\t\t\t\t<div class=\"elementor-element elementor-element-4bbeeeb elementor-widget elementor-widget-text-editor\" data-id=\"4bbeeeb\" data-element_type=\"widget\" data-widget_type=\"text-editor.default\">\n\t\t\t\t<div class=\"elementor-widget-container\">\n\t\t\t\t\t\t\t\t\t<p>Ning\u00fan cliente quiere preocuparse de que sus datos sensibles puedan acabar en las manos equivocadas. La recopilaci\u00f3n y el almacenamiento de datos de Agile Corp Solutions se adhieren a las normas de seguridad m\u00e1s estrictas, garantizando que s\u00f3lo las personas relevantes de su equipo tengan acceso a la informaci\u00f3n que necesitan. Con los permisos basados en roles y un s\u00f3lido sistema de documentaci\u00f3n, puede demostrar f\u00e1cilmente el cumplimiento de requisitos importantes, manteniendo a los clientes como su primera prioridad.<\/p>\t\t\t\t\t\t\t\t<\/div>\n\t\t\t\t<\/div>\n\t\t\t\t\t<\/div>\n\t\t<\/div>\n\t\t\t\t\t<\/div>\n\t\t<\/section>\n\t\t\t\t<\/div>","protected":false},"excerpt":{"rendered":"<p>Financial services Whether you&#8217;re a startup in banking, insurance, wealth management, or investing, providing seamless service at scale may be difficult. With Agile Corp Solutions, all of your client data is in one place, allowing your team to provide guidance and respond to issues more quickly. And with the greatest data security standards, you can [&hellip;]<\/p>","protected":false},"author":4,"featured_media":0,"parent":0,"menu_order":0,"comment_status":"closed","ping_status":"closed","template":"elementor_header_footer","meta":{"footnotes":""},"class_list":["post-486","page","type-page","status-publish","hentry"],"_links":{"self":[{"href":"https:\/\/agile-mediacorp.com\/es\/wp-json\/wp\/v2\/pages\/486","targetHints":{"allow":["GET"]}}],"collection":[{"href":"https:\/\/agile-mediacorp.com\/es\/wp-json\/wp\/v2\/pages"}],"about":[{"href":"https:\/\/agile-mediacorp.com\/es\/wp-json\/wp\/v2\/types\/page"}],"author":[{"embeddable":true,"href":"https:\/\/agile-mediacorp.com\/es\/wp-json\/wp\/v2\/users\/4"}],"replies":[{"embeddable":true,"href":"https:\/\/agile-mediacorp.com\/es\/wp-json\/wp\/v2\/comments?post=486"}],"version-history":[{"count":22,"href":"https:\/\/agile-mediacorp.com\/es\/wp-json\/wp\/v2\/pages\/486\/revisions"}],"predecessor-version":[{"id":908,"href":"https:\/\/agile-mediacorp.com\/es\/wp-json\/wp\/v2\/pages\/486\/revisions\/908"}],"wp:attachment":[{"href":"https:\/\/agile-mediacorp.com\/es\/wp-json\/wp\/v2\/media?parent=486"}],"curies":[{"name":"wp","href":"https:\/\/api.w.org\/{rel}","templated":true}]}}