{"id":508,"date":"2022-10-04T15:49:11","date_gmt":"2022-10-04T15:49:11","guid":{"rendered":"https:\/\/agile-mediacorp.com\/?page_id=508"},"modified":"2023-05-02T15:55:37","modified_gmt":"2023-05-02T15:55:37","slug":"media","status":"publish","type":"page","link":"https:\/\/agile-mediacorp.com\/es\/media\/","title":{"rendered":"Media"},"content":{"rendered":"<div data-elementor-type=\"wp-page\" data-elementor-id=\"508\" class=\"elementor elementor-508\" data-elementor-post-type=\"page\">\n\t\t\t\t\t\t<section class=\"elementor-section elementor-top-section elementor-element elementor-element-2a552d3b elementor-reverse-mobile elementor-section-boxed elementor-section-height-default elementor-section-height-default\" data-id=\"2a552d3b\" data-element_type=\"section\">\n\t\t\t\t\t\t<div class=\"elementor-container elementor-column-gap-default\">\n\t\t\t\t\t<div class=\"elementor-column elementor-col-100 elementor-top-column elementor-element elementor-element-432efc1e\" data-id=\"432efc1e\" data-element_type=\"column\">\n\t\t\t<div class=\"elementor-widget-wrap elementor-element-populated\">\n\t\t\t\t\t\t<div class=\"elementor-element elementor-element-4a5d9dd elementor-widget elementor-widget-heading\" data-id=\"4a5d9dd\" data-element_type=\"widget\" data-widget_type=\"heading.default\">\n\t\t\t\t<div class=\"elementor-widget-container\">\n\t\t\t\t\t<h2 class=\"elementor-heading-title elementor-size-default\">Media<\/h2>\t\t\t\t<\/div>\n\t\t\t\t<\/div>\n\t\t\t\t<div class=\"elementor-element elementor-element-4844b031 elementor-invisible elementor-widget elementor-widget-text-editor\" data-id=\"4844b031\" data-element_type=\"widget\" data-settings=\"{&quot;_animation&quot;:&quot;fadeIn&quot;}\" data-widget_type=\"text-editor.default\">\n\t\t\t\t<div class=\"elementor-widget-container\">\n\t\t\t\t\t\t\t\t\t<p style=\"text-align: center\">Su servicio de atenci\u00f3n al cliente debe estar a la altura de la calidad de su material. Con tantas opciones de medios de comunicaci\u00f3n y entretenimiento, ofrecer experiencias r\u00e1pidas y personalizadas al consumidor es m\u00e1s vital que nunca. Agile Corp Solutions trabaja con empresas grandes y peque\u00f1as de todo el mundo para ofrecer las mejores experiencias a los consumidores.<\/p>\t\t\t\t\t\t\t\t<\/div>\n\t\t\t\t<\/div>\n\t\t\t\t<div class=\"elementor-element elementor-element-2e3b3e7 elementor-invisible elementor-widget elementor-widget-text-editor\" data-id=\"2e3b3e7\" data-element_type=\"widget\" data-settings=\"{&quot;_animation&quot;:&quot;fadeIn&quot;}\" data-widget_type=\"text-editor.default\">\n\t\t\t\t<div class=\"elementor-widget-container\">\n\t\t\t\t\t\t\t\t\t<p><img fetchpriority=\"high\" decoding=\"async\" class=\"wp-image-772 size-full aligncenter\" src=\"https:\/\/agile-mediacorp.com\/wp-content\/uploads\/2022\/10\/media.png\" alt=\"\" width=\"800\" height=\"450\" srcset=\"https:\/\/agile-mediacorp.com\/wp-content\/uploads\/2022\/10\/media.png 800w, https:\/\/agile-mediacorp.com\/wp-content\/uploads\/2022\/10\/media-300x169.png 300w, https:\/\/agile-mediacorp.com\/wp-content\/uploads\/2022\/10\/media-768x432.png 768w, https:\/\/agile-mediacorp.com\/wp-content\/uploads\/2022\/10\/media-18x10.png 18w\" sizes=\"(max-width: 800px) 100vw, 800px\" \/><\/p><p>\u00a0<\/p>\t\t\t\t\t\t\t\t<\/div>\n\t\t\t\t<\/div>\n\t\t\t\t<div class=\"elementor-element elementor-element-ef7b5e4 elementor-widget__width-initial elementor-widget-tablet__width-initial elementor-widget-mobile__width-inherit elementor-invisible elementor-widget elementor-widget-heading\" data-id=\"ef7b5e4\" data-element_type=\"widget\" data-settings=\"{&quot;_animation&quot;:&quot;fadeIn&quot;}\" data-widget_type=\"heading.default\">\n\t\t\t\t<div class=\"elementor-widget-container\">\n\t\t\t\t\t<h5 class=\"elementor-heading-title elementor-size-default\">Haga que cada cliente se sienta como un VIP<\/h5>\t\t\t\t<\/div>\n\t\t\t\t<\/div>\n\t\t\t\t<div class=\"elementor-element elementor-element-d02177e elementor-widget elementor-widget-text-editor\" data-id=\"d02177e\" data-element_type=\"widget\" data-widget_type=\"text-editor.default\">\n\t\t\t\t<div class=\"elementor-widget-container\">\n\t\t\t\t\t\t\t\t\t<p>Sus clientes deber\u00edan sentirse como VIPs, pero cuando sus datos est\u00e1n dispersos en numerosas plataformas, es dif\u00edcil dar soporte a sus comunidades y mantenerlas comprometidas. Con Agile Corp Solutions, puede consolidar todos sus datos en una sola ubicaci\u00f3n. Adem\u00e1s, gracias a las API y a un robusto Apps Marketplace, es m\u00e1s f\u00e1cil que nunca hacer un seguimiento del uso de los productos, las preferencias de los usuarios, el historial de pagos y el tama\u00f1o de las cuentas, lo que le permite identificar y segmentar a sus audiencias para una asistencia totalmente personalizada<\/p>\t\t\t\t\t\t\t\t<\/div>\n\t\t\t\t<\/div>\n\t\t\t\t<div class=\"elementor-element elementor-element-41598b6 elementor-widget__width-initial elementor-widget-tablet__width-initial elementor-widget-mobile__width-inherit elementor-invisible elementor-widget elementor-widget-heading\" data-id=\"41598b6\" data-element_type=\"widget\" data-settings=\"{&quot;_animation&quot;:&quot;fadeIn&quot;}\" data-widget_type=\"heading.default\">\n\t\t\t\t<div class=\"elementor-widget-container\">\n\t\t\t\t\t<h5 class=\"elementor-heading-title elementor-size-default\">Seleccione cualquier canal<\/h5>\t\t\t\t<\/div>\n\t\t\t\t<\/div>\n\t\t\t\t<div class=\"elementor-element elementor-element-0ebe8cf elementor-widget elementor-widget-text-editor\" data-id=\"0ebe8cf\" data-element_type=\"widget\" data-widget_type=\"text-editor.default\">\n\t\t\t\t<div class=\"elementor-widget-container\">\n\t\t\t\t\t\t\t\t\t<p>Con Agile Corp Solutions, puede ofrecer asistencia en cualquier canal y en cualquier momento. Los centros de ayuda de marca se integran con su IP exclusiva para responder a las preguntas m\u00e1s frecuentes, el chat permite ofrecer asistencia instant\u00e1nea en la aplicaci\u00f3n y proporciona sugerencias personalizadas y notificaciones proactivas, como cuando se cancela una actuaci\u00f3n. Es asistencia al alcance de su mano, lo que significa que c<\/p>\t\t\t\t\t\t\t\t<\/div>\n\t\t\t\t<\/div>\n\t\t\t\t<div class=\"elementor-element elementor-element-aa87d55 elementor-widget__width-initial elementor-widget-tablet__width-initial elementor-widget-mobile__width-inherit elementor-invisible elementor-widget elementor-widget-heading\" data-id=\"aa87d55\" data-element_type=\"widget\" data-settings=\"{&quot;_animation&quot;:&quot;fadeIn&quot;}\" data-widget_type=\"heading.default\">\n\t\t\t\t<div class=\"elementor-widget-container\">\n\t\t\t\t\t<h5 class=\"elementor-heading-title elementor-size-default\">Permitir que los agentes tomen la iniciativa<\/h5>\t\t\t\t<\/div>\n\t\t\t\t<\/div>\n\t\t\t\t<div class=\"elementor-element elementor-element-534fd67 elementor-widget elementor-widget-text-editor\" data-id=\"534fd67\" data-element_type=\"widget\" data-widget_type=\"text-editor.default\">\n\t\t\t\t<div class=\"elementor-widget-container\">\n\t\t\t\t\t\t\t\t\t<p>Independientemente de la experiencia de su agente, aseg\u00farese de que dispone de las herramientas necesarias para responder a las consultas de forma r\u00e1pida y eficaz. Los agentes de Agile Corp Solutions pueden proporcionar asistencia individualizada a cada cliente, ya que tienen una visi\u00f3n completa de sus consumidores. Y, gracias a las automatizaciones y a una base de conocimientos com\u00fan, es sencillo ejecutar trabajos b\u00e1sicos con mucho menos esfuerzo, manteniendo a sus agentes comprometidos y a sus clientes satisfechos.<\/p>\t\t\t\t\t\t\t\t<\/div>\n\t\t\t\t<\/div>\n\t\t\t\t<div class=\"elementor-element elementor-element-0d8db52 elementor-widget__width-initial elementor-widget-tablet__width-initial elementor-widget-mobile__width-inherit elementor-invisible elementor-widget elementor-widget-heading\" data-id=\"0d8db52\" data-element_type=\"widget\" data-settings=\"{&quot;_animation&quot;:&quot;fadeIn&quot;}\" data-widget_type=\"heading.default\">\n\t\t\t\t<div class=\"elementor-widget-container\">\n\t\t\t\t\t<h5 class=\"elementor-heading-title elementor-size-default\">Mantener el espect\u00e1culo en marcha<\/h5>\t\t\t\t<\/div>\n\t\t\t\t<\/div>\n\t\t\t\t<div class=\"elementor-element elementor-element-4bbeeeb elementor-widget elementor-widget-text-editor\" data-id=\"4bbeeeb\" data-element_type=\"widget\" data-widget_type=\"text-editor.default\">\n\t\t\t\t<div class=\"elementor-widget-container\">\n\t\t\t\t\t\t\t\t\t<p>Con Agile Corp Solutions Explore, puede realizar un seguimiento de las interacciones de los consumidores en todos los canales.Acceder a todas sus operaciones: producci\u00f3n, distribuci\u00f3n de contenidos o merchandising le permite seguir los patrones y datos m\u00e1s importantes de los consumidores.<\/p>\t\t\t\t\t\t\t\t<\/div>\n\t\t\t\t<\/div>\n\t\t\t\t\t<\/div>\n\t\t<\/div>\n\t\t\t\t\t<\/div>\n\t\t<\/section>\n\t\t\t\t<\/div>","protected":false},"excerpt":{"rendered":"<p>\/*! elementor &#8211; v3.12.2 &#8211; 23-04-2023 *\/ .elementor-heading-title{padding:0;margin:0;line-height:1}.elementor-widget-heading .elementor-heading-title[class*=elementor-size-]&gt;a{color:inherit;font-size:inherit;line-height:inherit}.elementor-widget-heading .elementor-heading-title.elementor-size-small{font-size:15px}.elementor-widget-heading .elementor-heading-title.elementor-size-medium{font-size:19px}.elementor-widget-heading .elementor-heading-title.elementor-size-large{font-size:29px}.elementor-widget-heading .elementor-heading-title.elementor-size-xl{font-size:39px}.elementor-widget-heading .elementor-heading-title.elementor-size-xxl{font-size:59px} Media Your customer service should match the quality of your material. With so many options for media and entertainment, providing quick and personalized consumer experiences is more vital than ever. Agile Corp Solutions\u00a0 works with companies large and small all around [&hellip;]<\/p>","protected":false},"author":4,"featured_media":0,"parent":0,"menu_order":0,"comment_status":"closed","ping_status":"closed","template":"elementor_header_footer","meta":{"footnotes":""},"class_list":["post-508","page","type-page","status-publish","hentry"],"_links":{"self":[{"href":"https:\/\/agile-mediacorp.com\/es\/wp-json\/wp\/v2\/pages\/508","targetHints":{"allow":["GET"]}}],"collection":[{"href":"https:\/\/agile-mediacorp.com\/es\/wp-json\/wp\/v2\/pages"}],"about":[{"href":"https:\/\/agile-mediacorp.com\/es\/wp-json\/wp\/v2\/types\/page"}],"author":[{"embeddable":true,"href":"https:\/\/agile-mediacorp.com\/es\/wp-json\/wp\/v2\/users\/4"}],"replies":[{"embeddable":true,"href":"https:\/\/agile-mediacorp.com\/es\/wp-json\/wp\/v2\/comments?post=508"}],"version-history":[{"count":22,"href":"https:\/\/agile-mediacorp.com\/es\/wp-json\/wp\/v2\/pages\/508\/revisions"}],"predecessor-version":[{"id":1973,"href":"https:\/\/agile-mediacorp.com\/es\/wp-json\/wp\/v2\/pages\/508\/revisions\/1973"}],"wp:attachment":[{"href":"https:\/\/agile-mediacorp.com\/es\/wp-json\/wp\/v2\/media?parent=508"}],"curies":[{"name":"wp","href":"https:\/\/api.w.org\/{rel}","templated":true}]}}