{"id":524,"date":"2022-10-04T15:55:21","date_gmt":"2022-10-04T15:55:21","guid":{"rendered":"https:\/\/agile-mediacorp.com\/?page_id=524"},"modified":"2022-10-05T22:05:18","modified_gmt":"2022-10-05T22:05:18","slug":"software","status":"publish","type":"page","link":"https:\/\/agile-mediacorp.com\/es\/software\/","title":{"rendered":"Software"},"content":{"rendered":"<div data-elementor-type=\"wp-page\" data-elementor-id=\"524\" class=\"elementor elementor-524\" data-elementor-post-type=\"page\">\n\t\t\t\t\t\t<section class=\"elementor-section elementor-top-section elementor-element elementor-element-2a552d3b elementor-reverse-mobile elementor-section-boxed elementor-section-height-default elementor-section-height-default\" data-id=\"2a552d3b\" data-element_type=\"section\">\n\t\t\t\t\t\t<div class=\"elementor-container elementor-column-gap-default\">\n\t\t\t\t\t<div class=\"elementor-column elementor-col-100 elementor-top-column elementor-element elementor-element-432efc1e\" data-id=\"432efc1e\" data-element_type=\"column\">\n\t\t\t<div class=\"elementor-widget-wrap elementor-element-populated\">\n\t\t\t\t\t\t<div class=\"elementor-element elementor-element-4a5d9dd elementor-widget elementor-widget-heading\" data-id=\"4a5d9dd\" data-element_type=\"widget\" data-widget_type=\"heading.default\">\n\t\t\t\t<div class=\"elementor-widget-container\">\n\t\t\t\t\t<h2 class=\"elementor-heading-title elementor-size-default\">Software<\/h2>\t\t\t\t<\/div>\n\t\t\t\t<\/div>\n\t\t\t\t<div class=\"elementor-element elementor-element-4844b031 elementor-invisible elementor-widget elementor-widget-text-editor\" data-id=\"4844b031\" data-element_type=\"widget\" data-settings=\"{&quot;_animation&quot;:&quot;fadeIn&quot;}\" data-widget_type=\"text-editor.default\">\n\t\t\t\t<div class=\"elementor-widget-container\">\n\t\t\t\t\t\t\t\t\t<p style=\"text-align: center;\">Para cualquier empresa, el software que utilice debe ser adaptable, sencillo de usar y escalable a cualquier escala. Como somos una empresa de software, entendemos la complejidad del mismo. Sus clientes exigen las mejores experiencias, independientemente de la soluci\u00f3n que proporcione. Agile Media Corp le permite crear las mejores experiencias para sus clientes, independientemente de su ritmo de crecimiento.<\/p>\t\t\t\t\t\t\t\t<\/div>\n\t\t\t\t<\/div>\n\t\t\t\t<div class=\"elementor-element elementor-element-2e3b3e7 elementor-invisible elementor-widget elementor-widget-text-editor\" data-id=\"2e3b3e7\" data-element_type=\"widget\" data-settings=\"{&quot;_animation&quot;:&quot;fadeIn&quot;}\" data-widget_type=\"text-editor.default\">\n\t\t\t\t<div class=\"elementor-widget-container\">\n\t\t\t\t\t\t\t\t\t<p><img fetchpriority=\"high\" decoding=\"async\" class=\"wp-image-774 size-full aligncenter\" src=\"https:\/\/agile-mediacorp.com\/wp-content\/uploads\/2022\/10\/software.png\" alt=\"\" width=\"800\" height=\"450\" srcset=\"https:\/\/agile-mediacorp.com\/wp-content\/uploads\/2022\/10\/software.png 800w, https:\/\/agile-mediacorp.com\/wp-content\/uploads\/2022\/10\/software-300x169.png 300w, https:\/\/agile-mediacorp.com\/wp-content\/uploads\/2022\/10\/software-768x432.png 768w, https:\/\/agile-mediacorp.com\/wp-content\/uploads\/2022\/10\/software-18x10.png 18w\" sizes=\"(max-width: 800px) 100vw, 800px\" \/><\/p><p>\u00a0<\/p>\t\t\t\t\t\t\t\t<\/div>\n\t\t\t\t<\/div>\n\t\t\t\t<div class=\"elementor-element elementor-element-ef7b5e4 elementor-widget__width-initial elementor-widget-tablet__width-initial elementor-widget-mobile__width-inherit elementor-invisible elementor-widget elementor-widget-heading\" data-id=\"ef7b5e4\" data-element_type=\"widget\" data-settings=\"{&quot;_animation&quot;:&quot;fadeIn&quot;}\" data-widget_type=\"heading.default\">\n\t\t\t\t<div class=\"elementor-widget-container\">\n\t\t\t\t\t<h5 class=\"elementor-heading-title elementor-size-default\">Hazlo tuyo<\/h5>\t\t\t\t<\/div>\n\t\t\t\t<\/div>\n\t\t\t\t<div class=\"elementor-element elementor-element-d02177e elementor-widget elementor-widget-text-editor\" data-id=\"d02177e\" data-element_type=\"widget\" data-widget_type=\"text-editor.default\">\n\t\t\t\t<div class=\"elementor-widget-container\">\n\t\t\t\t\t\t\t\t\t<p>Usted no se limita a dar servicio a un solo usuario, sino que ayuda a organizaciones con una amplia gama de necesidades. La plataforma de Agile Corp Solutions vincula todos los datos de sus clientes, ofreci\u00e9ndole una imagen completa de sus consumidores. Los agentes pueden acceder f\u00e1cilmente a cada canal de asistencia desde una \u00fanica ubicaci\u00f3n, lo que facilita la tarea de ofrecer una experiencia personalizada a cualquier cliente que se ponga en contacto con ellos.<\/p>\t\t\t\t\t\t\t\t<\/div>\n\t\t\t\t<\/div>\n\t\t\t\t<div class=\"elementor-element elementor-element-41598b6 elementor-widget__width-initial elementor-widget-tablet__width-initial elementor-widget-mobile__width-inherit elementor-invisible elementor-widget elementor-widget-heading\" data-id=\"41598b6\" data-element_type=\"widget\" data-settings=\"{&quot;_animation&quot;:&quot;fadeIn&quot;}\" data-widget_type=\"heading.default\">\n\t\t\t\t<div class=\"elementor-widget-container\">\n\t\t\t\t\t<h5 class=\"elementor-heading-title elementor-size-default\">Escala sin pausa<\/h5>\t\t\t\t<\/div>\n\t\t\t\t<\/div>\n\t\t\t\t<div class=\"elementor-element elementor-element-0ebe8cf elementor-widget elementor-widget-text-editor\" data-id=\"0ebe8cf\" data-element_type=\"widget\" data-widget_type=\"text-editor.default\">\n\t\t\t\t<div class=\"elementor-widget-container\">\n\t\t\t\t\t\t\t\t\t<p>Su software es el motor que impulsa a las empresas; un cliente adicional significa que es el momento de crecer para satisfacer sus cambiantes necesidades. A medida que aumenta el n\u00famero de solicitudes de soporte, es fundamental mantenerse \u00e1gil y receptivo. Con Agile Corp Solutions, puede lograr m\u00e1s con menos automatizando los procedimientos para que el ticket correcto se env\u00ede al agente adecuado, personalizando los espacios de trabajo a las necesidades espec\u00edficas de su empresa y confiando en la IA para agilizar las operaciones que aumentan la productividad.<\/p>\t\t\t\t\t\t\t\t<\/div>\n\t\t\t\t<\/div>\n\t\t\t\t<div class=\"elementor-element elementor-element-aa87d55 elementor-widget__width-initial elementor-widget-tablet__width-initial elementor-widget-mobile__width-inherit elementor-invisible elementor-widget elementor-widget-heading\" data-id=\"aa87d55\" data-element_type=\"widget\" data-settings=\"{&quot;_animation&quot;:&quot;fadeIn&quot;}\" data-widget_type=\"heading.default\">\n\t\t\t\t<div class=\"elementor-widget-container\">\n\t\t\t\t\t<h5 class=\"elementor-heading-title elementor-size-default\">Agrupar<\/h5>\t\t\t\t<\/div>\n\t\t\t\t<\/div>\n\t\t\t\t<div class=\"elementor-element elementor-element-534fd67 elementor-widget elementor-widget-text-editor\" data-id=\"534fd67\" data-element_type=\"widget\" data-widget_type=\"text-editor.default\">\n\t\t\t\t<div class=\"elementor-widget-container\">\n\t\t\t\t\t\t\t\t\t<p>Simplifique el trabajo de su equipo a nivel global, ya sea para resolver problemas, introducir nuevas actualizaciones o interactuar con los clientes. Unifique sus canales de comunicaci\u00f3n interna para que cualquier equipo pueda colaborar r\u00e1pidamente para abordar las preocupaciones de los clientes. Con Agile Corp Solutions, puede acceder a todas sus herramientas de comunicaci\u00f3n en una sola ubicaci\u00f3n. Integre aplicaciones como Slack y Jira, e intercambie datos mediante cuadros de mando preconstruidos para ayudar a su equipo a mejorar la experiencia del cliente con datos.<\/p>\t\t\t\t\t\t\t\t<\/div>\n\t\t\t\t<\/div>\n\t\t\t\t<div class=\"elementor-element elementor-element-0d8db52 elementor-widget__width-initial elementor-widget-tablet__width-initial elementor-widget-mobile__width-inherit elementor-invisible elementor-widget elementor-widget-heading\" data-id=\"0d8db52\" data-element_type=\"widget\" data-settings=\"{&quot;_animation&quot;:&quot;fadeIn&quot;}\" data-widget_type=\"heading.default\">\n\t\t\t\t<div class=\"elementor-widget-container\">\n\t\t\t\t\t<h5 class=\"elementor-heading-title elementor-size-default\">Apoyar ese SaaS.<\/h5>\t\t\t\t<\/div>\n\t\t\t\t<\/div>\n\t\t\t\t<div class=\"elementor-element elementor-element-4bbeeeb elementor-widget elementor-widget-text-editor\" data-id=\"4bbeeeb\" data-element_type=\"widget\" data-widget_type=\"text-editor.default\">\n\t\t\t\t<div class=\"elementor-widget-container\">\n\t\t\t\t\t\t\t\t\t<p>Consiga una seguridad fiable y escalable para su empresa. Agile Corp Solutions ofrece funciones y est\u00e1ndares de nivel empresarial para garantizar el cumplimiento de las normativas y la protecci\u00f3n de los datos de los clientes a escala.<\/p>\t\t\t\t\t\t\t\t<\/div>\n\t\t\t\t<\/div>\n\t\t\t\t<div class=\"elementor-element elementor-element-d5087ee elementor-widget__width-initial elementor-widget-tablet__width-initial elementor-widget-mobile__width-inherit elementor-invisible elementor-widget elementor-widget-heading\" data-id=\"d5087ee\" data-element_type=\"widget\" data-settings=\"{&quot;_animation&quot;:&quot;fadeIn&quot;}\" data-widget_type=\"heading.default\">\n\t\t\t\t<div class=\"elementor-widget-container\">\n\t\t\t\t\t<h5 class=\"elementor-heading-title elementor-size-default\">Empieza ahora mismo.<\/h5>\t\t\t\t<\/div>\n\t\t\t\t<\/div>\n\t\t\t\t<div class=\"elementor-element elementor-element-1f9a5e5 elementor-widget elementor-widget-text-editor\" data-id=\"1f9a5e5\" data-element_type=\"widget\" data-widget_type=\"text-editor.default\">\n\t\t\t\t<div class=\"elementor-widget-container\">\n\t\t\t\t\t\t\t\t\t<p>Aunque su entorno sea complicado, Agile Corp Solutions es f\u00e1cil de instalar. Escale las operaciones r\u00e1pidamente, eduque a los agentes adicionales e introduzca nuevos art\u00edculos sin preocuparse por los procesos administrativos que consumen tiempo. Tambi\u00e9n tenemos un equipo de servicios profesionales disponible para ayudarle a configurar e integrar los art\u00edculos para que pueda centrarse en lo que m\u00e1s importa a su empresa<\/p>\t\t\t\t\t\t\t\t<\/div>\n\t\t\t\t<\/div>\n\t\t\t\t\t<\/div>\n\t\t<\/div>\n\t\t\t\t\t<\/div>\n\t\t<\/section>\n\t\t\t\t<\/div>","protected":false},"excerpt":{"rendered":"<p>Software For every business, the software you use must be adaptable, simple to use, and scalable at any scale. Because we are a software company, we understand the complexity of software. Your clients demand the greatest experiences, regardless of the solution you provide. Agile Media Corp empowers you to create the greatest client experiences regardless [&hellip;]<\/p>","protected":false},"author":4,"featured_media":0,"parent":0,"menu_order":0,"comment_status":"closed","ping_status":"closed","template":"elementor_header_footer","meta":{"footnotes":""},"class_list":["post-524","page","type-page","status-publish","hentry"],"_links":{"self":[{"href":"https:\/\/agile-mediacorp.com\/es\/wp-json\/wp\/v2\/pages\/524","targetHints":{"allow":["GET"]}}],"collection":[{"href":"https:\/\/agile-mediacorp.com\/es\/wp-json\/wp\/v2\/pages"}],"about":[{"href":"https:\/\/agile-mediacorp.com\/es\/wp-json\/wp\/v2\/types\/page"}],"author":[{"embeddable":true,"href":"https:\/\/agile-mediacorp.com\/es\/wp-json\/wp\/v2\/users\/4"}],"replies":[{"embeddable":true,"href":"https:\/\/agile-mediacorp.com\/es\/wp-json\/wp\/v2\/comments?post=524"}],"version-history":[{"count":19,"href":"https:\/\/agile-mediacorp.com\/es\/wp-json\/wp\/v2\/pages\/524\/revisions"}],"predecessor-version":[{"id":875,"href":"https:\/\/agile-mediacorp.com\/es\/wp-json\/wp\/v2\/pages\/524\/revisions\/875"}],"wp:attachment":[{"href":"https:\/\/agile-mediacorp.com\/es\/wp-json\/wp\/v2\/media?parent=524"}],"curies":[{"name":"wp","href":"https:\/\/api.w.org\/{rel}","templated":true}]}}